{"id":762770,"date":"2023-08-26T12:25:32","date_gmt":"2023-08-26T16:25:32","guid":{"rendered":"https:\/\/www.eco-odyssee.ca\/eco-odyssee-en-famille\/"},"modified":"2024-09-15T11:52:57","modified_gmt":"2024-09-15T15:52:57","slug":"eco-odyssee-en-famille","status":"publish","type":"page","link":"https:\/\/www.eco-odyssee.ca\/en\/eco-odyssee-en-famille\/","title":{"rendered":"\u00c9co-Odyss\u00e9e with your family"},"content":{"rendered":"\n  <div id=\"page-header-877904597\" class=\"page-header-wrapper\">\n  <div class=\"page-title dark featured-title\">\n\n    \n    <div class=\"page-title-inner container align-center flex-row medium-flex-wrap\" >\n              <div class=\"title-wrapper flex-col text-left medium-text-center\">\n          <h1 class=\"entry-title mb-0\">\n            \u00c9co-Odyss\u00e9e with your family          <\/h1>\n        <\/div>\n                    <div class=\"title-content flex-col flex-right text-right medium-text-center\">\n        <div class=\"title-breadcrumbs pb-half pt-half\"><\/div>      <\/div>\n    <\/div>\n\n       <\/div>\n    <\/div>\n  \n\n\t<div id=\"gap-381588771\" class=\"gap-element clearfix\" style=\"display:block; height:auto;\">\n\t\t\n<style>\n#gap-381588771 {\n  padding-top: 30px;\n}\n<\/style>\n\t<\/div>\n\t\n\n<div class=\"container section-title-container\" ><h3 class=\"section-title section-title-normal\"><b aria-hidden=\"true\"><\/b><span class=\"section-title-main\" >Activities by reservation<\/span><b aria-hidden=\"true\"><\/b><\/h3><\/div>\n\n<div class=\"row\"  id=\"row-788355622\">\n\n\n\t<div id=\"col-1518012855\" class=\"col medium-6 small-12 large-6\"  >\n\t\t\t\t<div class=\"col-inner text-center\"  >\n\t\t\t\n\t\t\t\n\n\t<div class=\"img has-hover x md-x lg-x y md-y lg-y\" id=\"image_517084701\">\n\t\t<a class=\"\" href=\"https:\/\/www.eco-odyssee.ca\/aventures\/le-decouvreur\/\" target=\"_blank\" rel=\"noopener\" >\t\t\t\t\t\t<div class=\"img-inner image-cover dark\" style=\"padding-top:75%;\">\n\t\t\t<img decoding=\"async\" width=\"1020\" height=\"680\" data-src=\"https:\/\/www.eco-odyssee.ca\/wp-content\/uploads\/2023\/08\/Pedalo-Parc-Nature-Eco-Odyssee-Camille-Labonte-1280x853.jpg\" class=\"attachment-large size-large lazyload\" alt=\"\" data-srcset=\"https:\/\/www.eco-odyssee.ca\/wp-content\/uploads\/2023\/08\/Pedalo-Parc-Nature-Eco-Odyssee-Camille-Labonte-1280x853.jpg 1280w, https:\/\/www.eco-odyssee.ca\/wp-content\/uploads\/2023\/08\/Pedalo-Parc-Nature-Eco-Odyssee-Camille-Labonte-500x333.jpg 500w, https:\/\/www.eco-odyssee.ca\/wp-content\/uploads\/2023\/08\/Pedalo-Parc-Nature-Eco-Odyssee-Camille-Labonte-768x512.jpg 768w, https:\/\/www.eco-odyssee.ca\/wp-content\/uploads\/2023\/08\/Pedalo-Parc-Nature-Eco-Odyssee-Camille-Labonte-1536x1024.jpg 1536w, https:\/\/www.eco-odyssee.ca\/wp-content\/uploads\/2023\/08\/Pedalo-Parc-Nature-Eco-Odyssee-Camille-Labonte-scaled.jpg 2048w\" data-sizes=\"(max-width: 1020px) 100vw, 1020px\" src=\"data:image\/svg+xml;base64,PHN2ZyB3aWR0aD0iMSIgaGVpZ2h0PSIxIiB4bWxucz0iaHR0cDovL3d3dy53My5vcmcvMjAwMC9zdmciPjwvc3ZnPg==\" style=\"--smush-placeholder-width: 1020px; --smush-placeholder-aspect-ratio: 1020\/680;\" \/>\t\t\t\t\t\t\n\t\t\t\t\t<\/div>\n\t\t\t\t\t\t<\/a>\t\t\n<style>\n#image_517084701 {\n  width: 100%;\n}\n<\/style>\n\t<\/div>\n\t\n\n<div id=\"text-836428096\" class=\"text\">\n<h4 style=\"text-align: center\">The Discoverer<\/h4>\n<p style=\"text-align: center\">In Pedalboat, Canoe or Kayak<\/p>\n<\/div>\n<p style=\"text-align: center\">While following simple indications in our water maze, you will have 5 clues to identify to learn more about Qu\u00e9bec&#8217;s fauna.<\/p>\n<a href=\"https:\/\/www.eco-odyssee.ca\/en\/adventures\/the-discoverer\/\" target=\"_blank\" class=\"button primary lowercase\" rel=\"noopener\" style=\"border-radius:99px;\">\n\t\t<span>Learn more<\/span>\n\t<\/a>\n\n\n<a href=\"https:\/\/ecom.roller.app\/parcnatureecoodyssee\/ticketofficesummer\/en\/products?date=2024-05-18&#038;product=539296&#038;_ga=2.265643467.556869354.1725738410-1073263326.1725738410\" target=\"_blank\" class=\"button secondary lowercase\" rel=\"noopener\" style=\"border-radius:99px;\">\n\t\t<span>Book now!<\/span>\n\t<\/a>\n\n\n\n\t\t<\/div>\n\t\t\t\t\t<\/div>\n\n\t\n\n\t<div id=\"col-1019221810\" class=\"col medium-6 small-12 large-6\"  >\n\t\t\t\t<div class=\"col-inner text-center\"  >\n\t\t\t\n\t\t\t\n\n\t<div class=\"img has-hover x md-x lg-x y md-y lg-y\" id=\"image_60194650\">\n\t\t<a class=\"\" href=\"https:\/\/www.eco-odyssee.ca\/aventures\/le-crepuscule\/\" target=\"_blank\" rel=\"noopener\" >\t\t\t\t\t\t<div class=\"img-inner image-cover dark\" style=\"padding-top:75%;\">\n\t\t\t<img decoding=\"async\" width=\"1020\" height=\"765\" data-src=\"https:\/\/www.eco-odyssee.ca\/wp-content\/uploads\/2021\/11\/LD-@Eco-Odysee-Eco-Odyssee-4-1-1280x960.jpg\" class=\"attachment-large size-large lazyload\" alt=\"\" data-srcset=\"https:\/\/www.eco-odyssee.ca\/wp-content\/uploads\/2021\/11\/LD-@Eco-Odysee-Eco-Odyssee-4-1-1280x960.jpg 1280w, https:\/\/www.eco-odyssee.ca\/wp-content\/uploads\/2021\/11\/LD-@Eco-Odysee-Eco-Odyssee-4-1-500x375.jpg 500w, https:\/\/www.eco-odyssee.ca\/wp-content\/uploads\/2021\/11\/LD-@Eco-Odysee-Eco-Odyssee-4-1-768x576.jpg 768w, https:\/\/www.eco-odyssee.ca\/wp-content\/uploads\/2021\/11\/LD-@Eco-Odysee-Eco-Odyssee-4-1.jpg 1400w\" data-sizes=\"(max-width: 1020px) 100vw, 1020px\" src=\"data:image\/svg+xml;base64,PHN2ZyB3aWR0aD0iMSIgaGVpZ2h0PSIxIiB4bWxucz0iaHR0cDovL3d3dy53My5vcmcvMjAwMC9zdmciPjwvc3ZnPg==\" style=\"--smush-placeholder-width: 1020px; --smush-placeholder-aspect-ratio: 1020\/765;\" \/>\t\t\t\t\t\t\n\t\t\t\t\t<\/div>\n\t\t\t\t\t\t<\/a>\t\t\n<style>\n#image_60194650 {\n  width: 100%;\n}\n<\/style>\n\t<\/div>\n\t\n\n<div id=\"text-836428096\" class=\"text\">\n<h4 style=\"text-align: center\">The twilight<\/h4>\n<p style=\"text-align: center\">In pedalboat, canoe, paddleboard or kayak<\/p>\n<\/div>\n<p style=\"text-align: center\">It is now possible to discover our water maze while observingthe most wonderfull sunsets! Come observe our marsh in its transition from the day to the night.<\/p>\n<a href=\"https:\/\/www.eco-odyssee.ca\/en\/adventures\/the-twilight\" target=\"_blank\" class=\"button primary lowercase\" rel=\"noopener\" style=\"border-radius:99px;\">\n\t\t<span>Learn more<\/span>\n\t<\/a>\n\n\n<a href=\"https:\/\/ecom.roller.app\/parcnatureecoodyssee\/billetteriet\/fr\/products?product=546854\" target=\"_blank\" class=\"button secondary lowercase\" rel=\"noopener\" style=\"border-radius:99px;\">\n\t\t<span>Book now!<\/span>\n\t<\/a>\n\n\n\n\t\t<\/div>\n\t\t\t\t\t<\/div>\n\n\t\n\n<\/div>\n<div class=\"container section-title-container\" ><h3 class=\"section-title section-title-normal\"><b aria-hidden=\"true\"><\/b><span class=\"section-title-main\" >activities without reservation<\/span><b aria-hidden=\"true\"><\/b><\/h3><\/div>\n\n<div class=\"row\"  id=\"row-2091665022\">\n\n\n\t<div id=\"col-2002262579\" class=\"col medium-6 small-12 large-6\"  >\n\t\t\t\t<div class=\"col-inner text-center\"  >\n\t\t\t\n\t\t\t\n\n\t<div class=\"img has-hover x md-x lg-x y md-y lg-y\" id=\"image_1167734753\">\n\t\t<a class=\"\" href=\"https:\/\/www.eco-odyssee.ca\/aventures\/labyrinthe-a-pieds\/\" target=\"_blank\" rel=\"noopener\" >\t\t\t\t\t\t<div class=\"img-inner image-cover dark\" style=\"padding-top:75%;\">\n\t\t\t<img decoding=\"async\" width=\"1020\" height=\"574\" data-src=\"https:\/\/www.eco-odyssee.ca\/wp-content\/uploads\/2022\/08\/IMG_6192-1280x720.jpg\" class=\"attachment-large size-large lazyload\" alt=\"Labyrinthe \u00e0 pied\" data-srcset=\"https:\/\/www.eco-odyssee.ca\/wp-content\/uploads\/2022\/08\/IMG_6192-1280x720.jpg 1280w, https:\/\/www.eco-odyssee.ca\/wp-content\/uploads\/2022\/08\/IMG_6192-500x281.jpg 500w, https:\/\/www.eco-odyssee.ca\/wp-content\/uploads\/2022\/08\/IMG_6192-768x432.jpg 768w, https:\/\/www.eco-odyssee.ca\/wp-content\/uploads\/2022\/08\/IMG_6192-1536x864.jpg 1536w, https:\/\/www.eco-odyssee.ca\/wp-content\/uploads\/2022\/08\/IMG_6192-scaled.jpg 2048w\" data-sizes=\"(max-width: 1020px) 100vw, 1020px\" src=\"data:image\/svg+xml;base64,PHN2ZyB3aWR0aD0iMSIgaGVpZ2h0PSIxIiB4bWxucz0iaHR0cDovL3d3dy53My5vcmcvMjAwMC9zdmciPjwvc3ZnPg==\" style=\"--smush-placeholder-width: 1020px; --smush-placeholder-aspect-ratio: 1020\/574;\" \/>\t\t\t\t\t\t\n\t\t\t\t\t<\/div>\n\t\t\t\t\t\t<\/a>\t\t\n<style>\n#image_1167734753 {\n  width: 100%;\n}\n<\/style>\n\t<\/div>\n\t\n\n<div class=\"container section-title-container\">\n<h4 class=\"section-title section-title-normal\" style=\"text-align: center\"><span class=\"section-title-main\">WALKING MAZE<\/span><\/h4>\n<\/div>\n<p style=\"text-align: center\">The foot maze has no walls, but is separated by small water channels and vegetation. Exploring the maze can take between 20 and 40 minutes.<\/p>\n<a href=\"https:\/\/www.eco-odyssee.ca\/en\/adventures\/walking-maze\/\" target=\"_blank\" class=\"button primary lowercase\" rel=\"noopener\" style=\"border-radius:99px;\">\n\t\t<span>Learn more<\/span>\n\t<\/a>\n\n\n\n\t\t<\/div>\n\t\t\t\t\t<\/div>\n\n\t\n\n\t<div id=\"col-384734559\" class=\"col medium-6 small-12 large-6\"  >\n\t\t\t\t<div class=\"col-inner text-center\"  >\n\t\t\t\n\t\t\t\n\n\t<div class=\"img has-hover x md-x lg-x y md-y lg-y\" id=\"image_541079834\">\n\t\t<a class=\"\" href=\"https:\/\/www.eco-odyssee.ca\/aventures\/chasse-au-tresor\/\" target=\"_blank\" rel=\"noopener\" >\t\t\t\t\t\t<div class=\"img-inner image-cover dark\" style=\"padding-top:75%;\">\n\t\t\t<img decoding=\"async\" width=\"1020\" height=\"680\" data-src=\"https:\/\/www.eco-odyssee.ca\/wp-content\/uploads\/2022\/08\/Carte-du-site-2-Parc-Nature-Eco-Odyssee-Camille-Labonte-1280x853.jpg\" class=\"attachment-large size-large lazyload\" alt=\"Carte du site - Parc Nature \u00c9co-Odyss\u00e9e - Camille Labont\u00e9\" data-srcset=\"https:\/\/www.eco-odyssee.ca\/wp-content\/uploads\/2022\/08\/Carte-du-site-2-Parc-Nature-Eco-Odyssee-Camille-Labonte-1280x853.jpg 1280w, https:\/\/www.eco-odyssee.ca\/wp-content\/uploads\/2022\/08\/Carte-du-site-2-Parc-Nature-Eco-Odyssee-Camille-Labonte-500x333.jpg 500w, https:\/\/www.eco-odyssee.ca\/wp-content\/uploads\/2022\/08\/Carte-du-site-2-Parc-Nature-Eco-Odyssee-Camille-Labonte-768x512.jpg 768w, https:\/\/www.eco-odyssee.ca\/wp-content\/uploads\/2022\/08\/Carte-du-site-2-Parc-Nature-Eco-Odyssee-Camille-Labonte-1536x1024.jpg 1536w, https:\/\/www.eco-odyssee.ca\/wp-content\/uploads\/2022\/08\/Carte-du-site-2-Parc-Nature-Eco-Odyssee-Camille-Labonte-scaled.jpg 2048w\" data-sizes=\"(max-width: 1020px) 100vw, 1020px\" src=\"data:image\/svg+xml;base64,PHN2ZyB3aWR0aD0iMSIgaGVpZ2h0PSIxIiB4bWxucz0iaHR0cDovL3d3dy53My5vcmcvMjAwMC9zdmciPjwvc3ZnPg==\" style=\"--smush-placeholder-width: 1020px; --smush-placeholder-aspect-ratio: 1020\/680;\" \/>\t\t\t\t\t\t\n\t\t\t\t\t<\/div>\n\t\t\t\t\t\t<\/a>\t\t\n<style>\n#image_541079834 {\n  width: 100%;\n}\n<\/style>\n\t<\/div>\n\t\n\n<div class=\"container section-title-container\">\n<h4 class=\"section-title section-title-normal\" style=\"text-align: center\"><span class=\"section-title-main\">Treasure Hunt<\/span><\/h4>\n<\/div>\n<p style=\"text-align: center\">The treasure hunt is an amusing activity to do with childrens. The participants explore the park, searching for the answers to 10 quetsions about nature, fauna and the park.<\/p>\n<a href=\"https:\/\/www.eco-odyssee.ca\/en\/adventures\/scavenger-hunt\/\" target=\"_blank\" class=\"button primary lowercase\" rel=\"noopener\" style=\"border-radius:99px;\">\n\t\t<span>Learn more<\/span>\n\t<\/a>\n\n\n\n\t\t<\/div>\n\t\t\t\t\t<\/div>\n\n\t\n\n<\/div>\n<div class=\"container section-title-container\" ><h3 class=\"section-title section-title-normal\"><b aria-hidden=\"true\"><\/b><span class=\"section-title-main\" >Playgrounds and volleyball field<\/span><b aria-hidden=\"true\"><\/b><\/h3><\/div>\n\n<div class=\"row\"  id=\"row-1597157916\">\n\n\n\t<div id=\"col-1875351306\" class=\"col medium-6 small-12 large-6\"  >\n\t\t\t\t<div class=\"col-inner text-center\"  >\n\t\t\t\n\t\t\t\n\n\t<div class=\"img has-hover x md-x lg-x y md-y lg-y\" id=\"image_2035131311\">\n\t\t<a class=\"\" href=\"https:\/\/www.eco-odyssee.ca\/aventures\/labyrinthe-a-pieds\/\" target=\"_blank\" rel=\"noopener\" >\t\t\t\t\t\t<div class=\"img-inner image-cover dark\" style=\"padding-top:75%;\">\n\t\t\t<img decoding=\"async\" width=\"1020\" height=\"680\" data-src=\"https:\/\/www.eco-odyssee.ca\/wp-content\/uploads\/2024\/07\/aire-1280x853.png\" class=\"attachment-large size-large lazyload\" alt=\"\" data-srcset=\"https:\/\/www.eco-odyssee.ca\/wp-content\/uploads\/2024\/07\/aire-1280x853.png 1280w, https:\/\/www.eco-odyssee.ca\/wp-content\/uploads\/2024\/07\/aire-500x333.png 500w, https:\/\/www.eco-odyssee.ca\/wp-content\/uploads\/2024\/07\/aire-768x512.png 768w, https:\/\/www.eco-odyssee.ca\/wp-content\/uploads\/2024\/07\/aire-1536x1024.png 1536w, https:\/\/www.eco-odyssee.ca\/wp-content\/uploads\/2024\/07\/aire-2048x1365.png 2048w\" data-sizes=\"(max-width: 1020px) 100vw, 1020px\" src=\"data:image\/svg+xml;base64,PHN2ZyB3aWR0aD0iMSIgaGVpZ2h0PSIxIiB4bWxucz0iaHR0cDovL3d3dy53My5vcmcvMjAwMC9zdmciPjwvc3ZnPg==\" style=\"--smush-placeholder-width: 1020px; --smush-placeholder-aspect-ratio: 1020\/680;\" \/>\t\t\t\t\t\t\n\t\t\t\t\t<\/div>\n\t\t\t\t\t\t<\/a>\t\t\n<style>\n#image_2035131311 {\n  width: 100%;\n}\n<\/style>\n\t<\/div>\n\t\n\n\n\t\t<\/div>\n\t\t\t\t\t<\/div>\n\n\t\n\n\t<div id=\"col-45039554\" class=\"col medium-6 small-12 large-6\"  >\n\t\t\t\t<div class=\"col-inner text-center\"  >\n\t\t\t\n\t\t\t\n\n\t<div class=\"img has-hover x md-x lg-x y md-y lg-y\" id=\"image_1601121882\">\n\t\t<a class=\"\" href=\"https:\/\/www.eco-odyssee.ca\/aventures\/chasse-au-tresor\/\" target=\"_blank\" rel=\"noopener\" >\t\t\t\t\t\t<div class=\"img-inner image-cover dark\" style=\"padding-top:75%;\">\n\t\t\t<img decoding=\"async\" width=\"1020\" height=\"975\" data-src=\"https:\/\/www.eco-odyssee.ca\/wp-content\/uploads\/2024\/07\/2222-1280x1224.jpg\" class=\"attachment-large size-large lazyload\" alt=\"\" data-srcset=\"https:\/\/www.eco-odyssee.ca\/wp-content\/uploads\/2024\/07\/2222-1280x1224.jpg 1280w, https:\/\/www.eco-odyssee.ca\/wp-content\/uploads\/2024\/07\/2222-500x478.jpg 500w, https:\/\/www.eco-odyssee.ca\/wp-content\/uploads\/2024\/07\/2222-768x734.jpg 768w, https:\/\/www.eco-odyssee.ca\/wp-content\/uploads\/2024\/07\/2222-1536x1469.jpg 1536w, https:\/\/www.eco-odyssee.ca\/wp-content\/uploads\/2024\/07\/2222-scaled.jpg 2048w\" data-sizes=\"(max-width: 1020px) 100vw, 1020px\" src=\"data:image\/svg+xml;base64,PHN2ZyB3aWR0aD0iMSIgaGVpZ2h0PSIxIiB4bWxucz0iaHR0cDovL3d3dy53My5vcmcvMjAwMC9zdmciPjwvc3ZnPg==\" style=\"--smush-placeholder-width: 1020px; --smush-placeholder-aspect-ratio: 1020\/975;\" \/>\t\t\t\t\t\t\n\t\t\t\t\t<\/div>\n\t\t\t\t\t\t<\/a>\t\t\n<style>\n#image_1601121882 {\n  width: 100%;\n}\n<\/style>\n\t<\/div>\n\t\n\n\n\t\t<\/div>\n\t\t\t\t\t<\/div>\n\n\t\n\n<\/div>\n<h1 style=\"text-align: center\"><strong>Come discover our brand new playground!<\/strong><\/h1>\n<p style=\"text-align: center\">Kids can enjoy our two playgrounds, including a new one installed in 2024, featuring water games!<\/p>\n<p style=\"text-align: center\">Kids can have a blast with a variety of fun new games like Whack-a-mole or Beaver Dams, while adults can relax in the shade in one of our hammocks.<\/p>\n<p style=\"text-align: center\">We also have a beach volleyball court, and we provide the ball!<\/p>\n<div class=\"row\"  id=\"row-1261744093\">\n\n\n\t<div id=\"col-634054055\" class=\"col small-12 large-12\"  >\n\t\t\t\t<div class=\"col-inner text-center\"  >\n\t\t\t\n\t\t\t\n\n<a data-animate=\"bounceIn\" href=\"http:\/\/eco-odyssee.ca\/en\/aventures\/aires-de-jeu\" class=\"button primary lowercase\" style=\"border-radius:99px;padding:0px 30px 0px 30px;\">\n\t\t<span>Learn more!<\/span>\n\t<\/a>\n\n\n\t<div id=\"gap-411388262\" class=\"gap-element clearfix\" style=\"display:block; height:auto;\">\n\t\t\n<style>\n#gap-411388262 {\n  padding-top: 30px;\n}\n<\/style>\n\t<\/div>\n\t\n\n<h2 style=\"text-align: center\">Enjoy a unique family experience!<\/h2>\n<h3 style=\"text-align: center\">To find out more about prices and schedules, please click on the following buttons:<\/h3>\n<a href=\"https:\/\/www.eco-odyssee.ca\/en\/summer-schedule\" target=\"_blank\" class=\"button primary lowercase\" rel=\"noopener\" style=\"border-radius:99px;\">\n\t\t<span>Schedules<\/span>\n\t<\/a>\n\n\n<a href=\"https:\/\/www.eco-odyssee.ca\/en\/summer-rates\" target=\"_blank\" class=\"button secondary lowercase\" rel=\"noopener\" style=\"border-radius:99px;\">\n\t\t<span>Fees<\/span>\n\t<\/a>\n\n\n\n\t\t<\/div>\n\t\t\t\t\t<\/div>\n\n\t\n\n<\/div>\n\n","protected":false},"excerpt":{"rendered":"","protected":false},"author":5888,"featured_media":0,"parent":0,"menu_order":0,"comment_status":"closed","ping_status":"closed","template":"page-blank.php","meta":{"_monsterinsights_skip_tracking":false,"_monsterinsights_sitenote_active":false,"_monsterinsights_sitenote_note":"","_monsterinsights_sitenote_category":0,"footnotes":""},"class_list":["post-762770","page","type-page","status-publish","hentry"],"yoast_head":"<!-- This site is optimized with the Yoast SEO plugin v27.1.1 - https:\/\/yoast.com\/product\/yoast-seo-wordpress\/ -->\n<title>\u00c9co-Odyss\u00e9e with your family - \u00c9co-Odyss\u00e9e<\/title>\n<meta name=\"robots\" content=\"index, follow, max-snippet:-1, max-image-preview:large, max-video-preview:-1\" \/>\n<link rel=\"canonical\" href=\"https:\/\/www.eco-odyssee.ca\/en\/eco-odyssee-en-famille\/\" \/>\n<meta property=\"og:locale\" content=\"en_US\" \/>\n<meta property=\"og:type\" content=\"article\" \/>\n<meta property=\"og:title\" content=\"\u00c9co-Odyss\u00e9e with your family - \u00c9co-Odyss\u00e9e\" \/>\n<meta property=\"og:url\" content=\"https:\/\/www.eco-odyssee.ca\/en\/eco-odyssee-en-famille\/\" \/>\n<meta property=\"og:site_name\" content=\"\u00c9co-Odyss\u00e9e\" \/>\n<meta property=\"article:modified_time\" content=\"2024-09-15T15:52:57+00:00\" \/>\n<meta name=\"twitter:card\" content=\"summary_large_image\" \/>\n<meta name=\"twitter:label1\" content=\"Est. reading time\" \/>\n\t<meta name=\"twitter:data1\" content=\"3 minutes\" \/>\n<!-- \/ Yoast SEO plugin. -->","yoast_head_json":{"title":"\u00c9co-Odyss\u00e9e with your family - \u00c9co-Odyss\u00e9e","robots":{"index":"index","follow":"follow","max-snippet":"max-snippet:-1","max-image-preview":"max-image-preview:large","max-video-preview":"max-video-preview:-1"},"canonical":"https:\/\/www.eco-odyssee.ca\/en\/eco-odyssee-en-famille\/","og_locale":"en_US","og_type":"article","og_title":"\u00c9co-Odyss\u00e9e with your family - \u00c9co-Odyss\u00e9e","og_url":"https:\/\/www.eco-odyssee.ca\/en\/eco-odyssee-en-famille\/","og_site_name":"\u00c9co-Odyss\u00e9e","article_modified_time":"2024-09-15T15:52:57+00:00","twitter_card":"summary_large_image","twitter_misc":{"Est. reading time":"3 minutes"},"schema":{"@context":"https:\/\/schema.org","@graph":[{"@type":"WebPage","@id":"https:\/\/www.eco-odyssee.ca\/en\/eco-odyssee-en-famille\/","url":"https:\/\/www.eco-odyssee.ca\/en\/eco-odyssee-en-famille\/","name":"\u00c9co-Odyss\u00e9e with your family - \u00c9co-Odyss\u00e9e","isPartOf":{"@id":"https:\/\/www.eco-odyssee.ca\/en\/#website"},"datePublished":"2023-08-26T16:25:32+00:00","dateModified":"2024-09-15T15:52:57+00:00","breadcrumb":{"@id":"https:\/\/www.eco-odyssee.ca\/en\/eco-odyssee-en-famille\/#breadcrumb"},"inLanguage":"en-US","potentialAction":[{"@type":"ReadAction","target":["https:\/\/www.eco-odyssee.ca\/en\/eco-odyssee-en-famille\/"]}]},{"@type":"BreadcrumbList","@id":"https:\/\/www.eco-odyssee.ca\/en\/eco-odyssee-en-famille\/#breadcrumb","itemListElement":[{"@type":"ListItem","position":1,"name":"Accueil","item":"https:\/\/www.eco-odyssee.ca\/en\/"},{"@type":"ListItem","position":2,"name":"\u00c9co-Odyss\u00e9e with your family"}]},{"@type":"WebSite","@id":"https:\/\/www.eco-odyssee.ca\/en\/#website","url":"https:\/\/www.eco-odyssee.ca\/en\/","name":"\u00c9co-Odyss\u00e9e","description":"Experience nature","publisher":{"@id":"https:\/\/www.eco-odyssee.ca\/en\/#organization"},"potentialAction":[{"@type":"SearchAction","target":{"@type":"EntryPoint","urlTemplate":"https:\/\/www.eco-odyssee.ca\/en\/?s={search_term_string}"},"query-input":{"@type":"PropertyValueSpecification","valueRequired":true,"valueName":"search_term_string"}}],"inLanguage":"en-US"},{"@type":"Organization","@id":"https:\/\/www.eco-odyssee.ca\/en\/#organization","name":"Parc Nature \u00c9co-Odyss\u00e9e","url":"https:\/\/www.eco-odyssee.ca\/en\/","logo":{"@type":"ImageObject","inLanguage":"en-US","@id":"https:\/\/www.eco-odyssee.ca\/en\/#\/schema\/logo\/image\/","url":"https:\/\/www.eco-odyssee.ca\/wp-content\/uploads\/2021\/06\/Eco-Odyssee-medias-sociaux-carrC-01.jpg","contentUrl":"https:\/\/www.eco-odyssee.ca\/wp-content\/uploads\/2021\/06\/Eco-Odyssee-medias-sociaux-carrC-01.jpg","width":1500,"height":1500,"caption":"Parc Nature \u00c9co-Odyss\u00e9e"},"image":{"@id":"https:\/\/www.eco-odyssee.ca\/en\/#\/schema\/logo\/image\/"}}]}},"_links":{"self":[{"href":"https:\/\/www.eco-odyssee.ca\/en\/wp-json\/wp\/v2\/pages\/762770","targetHints":{"allow":["GET"]}}],"collection":[{"href":"https:\/\/www.eco-odyssee.ca\/en\/wp-json\/wp\/v2\/pages"}],"about":[{"href":"https:\/\/www.eco-odyssee.ca\/en\/wp-json\/wp\/v2\/types\/page"}],"author":[{"embeddable":true,"href":"https:\/\/www.eco-odyssee.ca\/en\/wp-json\/wp\/v2\/users\/5888"}],"replies":[{"embeddable":true,"href":"https:\/\/www.eco-odyssee.ca\/en\/wp-json\/wp\/v2\/comments?post=762770"}],"version-history":[{"count":31,"href":"https:\/\/www.eco-odyssee.ca\/en\/wp-json\/wp\/v2\/pages\/762770\/revisions"}],"predecessor-version":[{"id":764661,"href":"https:\/\/www.eco-odyssee.ca\/en\/wp-json\/wp\/v2\/pages\/762770\/revisions\/764661"}],"wp:attachment":[{"href":"https:\/\/www.eco-odyssee.ca\/en\/wp-json\/wp\/v2\/media?parent=762770"}],"curies":[{"name":"wp","href":"https:\/\/api.w.org\/{rel}","templated":true}]}}