{"id":760062,"date":"2022-06-18T18:01:59","date_gmt":"2022-06-18T22:01:59","guid":{"rendered":"https:\/\/www.eco-odyssee.ca\/porc-epic\/"},"modified":"2022-06-18T21:08:11","modified_gmt":"2022-06-19T01:08:11","slug":"porc-epic","status":"publish","type":"page","link":"https:\/\/www.eco-odyssee.ca\/en\/porc-epic\/","title":{"rendered":"Porc-\u00e9pic"},"content":{"rendered":"\n  <div id=\"page-header-91764968\" class=\"page-header-wrapper\">\n  <div class=\"page-title dark featured-title\">\n\n    \n    <div class=\"page-title-inner container align-center flex-row medium-flex-wrap\" >\n              <div class=\"title-wrapper flex-col text-left medium-text-center\">\n          <h1 class=\"entry-title mb-0\">\n            Porc-\u00e9pic          <\/h1>\n        <\/div>\n                    <div class=\"title-content flex-col flex-right text-right medium-text-center\">\n        <div class=\"title-breadcrumbs pb-half pt-half\"><\/div>      <\/div>\n    <\/div>\n\n       <\/div>\n    <\/div>\n  \n\n\n\t<section class=\"section\" id=\"section_1638544312\">\n\t\t<div class=\"section-bg fill\" >\n\t\t\t\t\t\t\t\t\t<div class=\"section-bg-overlay absolute fill\"><\/div>\n\t\t\t\n\n\t\t<\/div>\n\n\t\t\n\n\t\t<div class=\"section-content relative\">\n\t\t\t\n\n  <div class=\"banner-grid-wrapper\">\n  <div id=\"banner-grid-326569797\" class=\"banner-grid row row-grid row-small\" data-packery-options=\"\">\n                      \n\n<div class=\"col grid-col small-15 large-6 grid-col-2-3\" ><div class=\"col-inner\">\n\n\n  <div class=\"banner has-hover\" id=\"banner-1955344641\">\n          <div class=\"banner-inner fill\">\n        <div class=\"banner-bg fill\" >\n                                                \n                    <\/div>\n\t\t\n        <div class=\"banner-layers container\">\n            <div class=\"fill banner-link\"><\/div>            \n\n   <div id=\"text-box-1728491658\" class=\"text-box banner-layer x50 md-x50 lg-x50 y50 md-y50 lg-y50 res-text\">\n                                <div class=\"text-box-content text dark\">\n              \n              <div class=\"text-inner text-center\">\n                  \n\n\t<div id=\"text-2876216300\" class=\"text\">\n\t\t\n\n<p><strong>\u00a0 \u00a0 \u00a0Famille : <\/strong>Cervid\u00e9s<\/p>\n<p><strong>\u00a0 \u00a0 \u00a0Grandeur : <\/strong>Environ 70 cm \u00e0 1.2 m de haut et environ 1.6 m \u00e0 2.1 m de long<\/p>\n<p><strong>\u00a0 \u00a0 \u00a0Long\u00e9vit\u00e9 : <\/strong>Son esp\u00e9rance de vie est d&#8217;environ 15 ans<\/p>\n<p><strong>\u00a0 \u00a0 \u00a0Habitat : <\/strong>Il\u00a0vit dans les for\u00eats de feuillus et de conif\u00e8res, dans les champs, les prairies et dans les parcs.<\/p>\n<p><strong>\u00a0 \u00a0 \u00a0Nourriture : <\/strong>Il est herbivore, il mange donc des plantes, des herbes, des fleurs et des feuilles.<\/p>\n\t\t\n<style>\n#text-2876216300 {\n  font-size: 1rem;\n  line-height: 1.95;\n  text-align: center;\n}\n<\/style>\n\t<\/div>\n\t\n\n              <\/div>\n           <\/div>\n                            \n<style>\n#text-box-1728491658 {\n  width: 86%;\n}\n#text-box-1728491658 .text-box-content {\n  font-size: 100%;\n}\n<\/style>\n    <\/div>\n \n\n        <\/div>\n      <\/div>\n\n            \n<style>\n#banner-1955344641 {\n  padding-top: 500px;\n}\n<\/style>\n  <\/div>\n\n\n\n<\/div><\/div>\n<div class=\"col grid-col small-12 large-6 grid-col-2-3\" ><div class=\"col-inner\">\n\n\t<div class=\"img has-hover x md-x lg-x y md-y lg-y\" id=\"image_1980273097\">\n\t\t\t\t\t\t\t\t<div class=\"img-inner dark\" >\n\t\t\t<img decoding=\"async\" width=\"447\" height=\"340\" data-src=\"https:\/\/www.eco-odyssee.ca\/wp-content\/uploads\/2021\/11\/white-tailed-139715__340.jpg\" class=\"attachment-large size-large lazyload\" alt=\"\" src=\"data:image\/svg+xml;base64,PHN2ZyB3aWR0aD0iMSIgaGVpZ2h0PSIxIiB4bWxucz0iaHR0cDovL3d3dy53My5vcmcvMjAwMC9zdmciPjwvc3ZnPg==\" style=\"--smush-placeholder-width: 447px; --smush-placeholder-aspect-ratio: 447\/340;\" \/>\t\t\t\t\t\t\n\t\t\t\t\t<\/div>\n\t\t\t\t\t\t\t\t\n<style>\n#image_1980273097 {\n  width: 100%;\n}\n<\/style>\n\t<\/div>\n\t\n\n\t<div class=\"img has-hover hide-for-small x md-x lg-x y md-y lg-y\" id=\"image_237106864\">\n\t\t\t\t\t\t\t\t<div class=\"img-inner dark\" >\n\t\t\t<img decoding=\"async\" width=\"447\" height=\"340\" data-src=\"https:\/\/www.eco-odyssee.ca\/wp-content\/uploads\/2021\/11\/white-tailed-139715__340.jpg\" class=\"attachment-large size-large lazyload\" alt=\"\" src=\"data:image\/svg+xml;base64,PHN2ZyB3aWR0aD0iMSIgaGVpZ2h0PSIxIiB4bWxucz0iaHR0cDovL3d3dy53My5vcmcvMjAwMC9zdmciPjwvc3ZnPg==\" style=\"--smush-placeholder-width: 447px; --smush-placeholder-aspect-ratio: 447\/340;\" \/>\t\t\t\t\t\t\n\t\t\t\t\t<\/div>\n\t\t\t\t\t\t\t\t\n<style>\n#image_237106864 {\n  width: 100%;\n}\n<\/style>\n\t<\/div>\n\t\n\n\n<\/div><\/div>\n<div class=\"col grid-col small-12 large-3 grid-col-1-2\" ><div class=\"col-inner\">\n\n\t<div class=\"img has-hover x md-x lg-x y md-y lg-y\" id=\"image_805453552\">\n\t\t\t\t\t\t\t\t<div class=\"img-inner dark\" >\n\t\t\t<img decoding=\"async\" width=\"935\" height=\"1280\" data-src=\"https:\/\/www.eco-odyssee.ca\/wp-content\/uploads\/2021\/12\/cerf-Virginie-219x300-1-935x1280.jpg\" class=\"attachment-large size-large lazyload\" alt=\"\" data-srcset=\"https:\/\/www.eco-odyssee.ca\/wp-content\/uploads\/2021\/12\/cerf-Virginie-219x300-1-935x1280.jpg 935w, https:\/\/www.eco-odyssee.ca\/wp-content\/uploads\/2021\/12\/cerf-Virginie-219x300-1-365x500.jpg 365w, https:\/\/www.eco-odyssee.ca\/wp-content\/uploads\/2021\/12\/cerf-Virginie-219x300-1-768x1051.jpg 768w, https:\/\/www.eco-odyssee.ca\/wp-content\/uploads\/2021\/12\/cerf-Virginie-219x300-1.jpg 1000w\" data-sizes=\"(max-width: 935px) 100vw, 935px\" src=\"data:image\/svg+xml;base64,PHN2ZyB3aWR0aD0iMSIgaGVpZ2h0PSIxIiB4bWxucz0iaHR0cDovL3d3dy53My5vcmcvMjAwMC9zdmciPjwvc3ZnPg==\" style=\"--smush-placeholder-width: 935px; --smush-placeholder-aspect-ratio: 935\/1280;\" \/>\t\t\t\t\t\t\n\t\t\t\t\t<\/div>\n\t\t\t\t\t\t\t\t\n<style>\n#image_805453552 {\n  width: 100%;\n}\n<\/style>\n\t<\/div>\n\t\n\n\t<div class=\"img has-hover hide-for-small x md-x lg-x y md-y lg-y\" id=\"image_1217457854\">\n\t\t\t\t\t\t\t\t<div class=\"img-inner dark\" >\n\t\t\t<img decoding=\"async\" width=\"935\" height=\"1280\" data-src=\"https:\/\/www.eco-odyssee.ca\/wp-content\/uploads\/2021\/12\/cerf-Virginie-219x300-1-935x1280.jpg\" class=\"attachment-large size-large lazyload\" alt=\"\" data-srcset=\"https:\/\/www.eco-odyssee.ca\/wp-content\/uploads\/2021\/12\/cerf-Virginie-219x300-1-935x1280.jpg 935w, https:\/\/www.eco-odyssee.ca\/wp-content\/uploads\/2021\/12\/cerf-Virginie-219x300-1-365x500.jpg 365w, https:\/\/www.eco-odyssee.ca\/wp-content\/uploads\/2021\/12\/cerf-Virginie-219x300-1-768x1051.jpg 768w, https:\/\/www.eco-odyssee.ca\/wp-content\/uploads\/2021\/12\/cerf-Virginie-219x300-1.jpg 1000w\" data-sizes=\"(max-width: 935px) 100vw, 935px\" src=\"data:image\/svg+xml;base64,PHN2ZyB3aWR0aD0iMSIgaGVpZ2h0PSIxIiB4bWxucz0iaHR0cDovL3d3dy53My5vcmcvMjAwMC9zdmciPjwvc3ZnPg==\" style=\"--smush-placeholder-width: 935px; --smush-placeholder-aspect-ratio: 935\/1280;\" \/>\t\t\t\t\t\t\n\t\t\t\t\t<\/div>\n\t\t\t\t\t\t\t\t\n<style>\n#image_1217457854 {\n  width: 100%;\n}\n<\/style>\n\t<\/div>\n\t\n\n\n<\/div><\/div>\n<div class=\"col grid-col small-12 large-4 grid-col-1-2\" ><div class=\"col-inner\">\n\n\t<div class=\"img has-hover x md-x lg-x y md-y lg-y\" id=\"image_1593461416\">\n\t\t\t\t\t\t\t\t<div class=\"img-inner dark\" >\n\t\t\t<img decoding=\"async\" width=\"960\" height=\"540\" data-src=\"https:\/\/www.eco-odyssee.ca\/wp-content\/uploads\/2021\/07\/roe-deer-2615377_960_720.jpg\" class=\"attachment-large size-large lazyload\" alt=\"animal chevreuil\" data-srcset=\"https:\/\/www.eco-odyssee.ca\/wp-content\/uploads\/2021\/07\/roe-deer-2615377_960_720.jpg 960w, https:\/\/www.eco-odyssee.ca\/wp-content\/uploads\/2021\/07\/roe-deer-2615377_960_720-500x281.jpg 500w, https:\/\/www.eco-odyssee.ca\/wp-content\/uploads\/2021\/07\/roe-deer-2615377_960_720-768x432.jpg 768w, https:\/\/www.eco-odyssee.ca\/wp-content\/uploads\/2021\/07\/roe-deer-2615377_960_720-600x338.jpg 600w\" data-sizes=\"(max-width: 960px) 100vw, 960px\" src=\"data:image\/svg+xml;base64,PHN2ZyB3aWR0aD0iMSIgaGVpZ2h0PSIxIiB4bWxucz0iaHR0cDovL3d3dy53My5vcmcvMjAwMC9zdmciPjwvc3ZnPg==\" style=\"--smush-placeholder-width: 960px; --smush-placeholder-aspect-ratio: 960\/540;\" \/>\t\t\t\t\t\t\n\t\t\t\t\t<\/div>\n\t\t\t\t\t\t\t\t\n<style>\n#image_1593461416 {\n  width: 100%;\n}\n<\/style>\n\t<\/div>\n\t\n\n\t<div class=\"img has-hover hide-for-small x md-x lg-x y md-y lg-y\" id=\"image_896876528\">\n\t\t\t\t\t\t\t\t<div class=\"img-inner dark\" >\n\t\t\t<img decoding=\"async\" width=\"960\" height=\"540\" data-src=\"https:\/\/www.eco-odyssee.ca\/wp-content\/uploads\/2021\/07\/roe-deer-2615377_960_720.jpg\" class=\"attachment-large size-large lazyload\" alt=\"animal chevreuil\" data-srcset=\"https:\/\/www.eco-odyssee.ca\/wp-content\/uploads\/2021\/07\/roe-deer-2615377_960_720.jpg 960w, https:\/\/www.eco-odyssee.ca\/wp-content\/uploads\/2021\/07\/roe-deer-2615377_960_720-500x281.jpg 500w, https:\/\/www.eco-odyssee.ca\/wp-content\/uploads\/2021\/07\/roe-deer-2615377_960_720-768x432.jpg 768w, https:\/\/www.eco-odyssee.ca\/wp-content\/uploads\/2021\/07\/roe-deer-2615377_960_720-600x338.jpg 600w\" data-sizes=\"(max-width: 960px) 100vw, 960px\" src=\"data:image\/svg+xml;base64,PHN2ZyB3aWR0aD0iMSIgaGVpZ2h0PSIxIiB4bWxucz0iaHR0cDovL3d3dy53My5vcmcvMjAwMC9zdmciPjwvc3ZnPg==\" style=\"--smush-placeholder-width: 960px; --smush-placeholder-aspect-ratio: 960\/540;\" \/>\t\t\t\t\t\t\n\t\t\t\t\t<\/div>\n\t\t\t\t\t\t\t\t\n<style>\n#image_896876528 {\n  width: 100%;\n}\n<\/style>\n\t<\/div>\n\t\n\n\n<\/div><\/div>\n<div class=\"col grid-col small-12 large-5 grid-col-1-2\" ><div class=\"col-inner\">\n\n\n  <div class=\"banner has-hover\" id=\"banner-13141664\">\n          <div class=\"banner-inner fill\">\n        <div class=\"banner-bg fill\" >\n                                                \n                    <\/div>\n\t\t\n        <div class=\"banner-layers container\">\n            <div class=\"fill banner-link\"><\/div>            \n\n   <div id=\"text-box-723638033\" class=\"text-box banner-layer x50 md-x50 lg-x50 y50 md-y50 lg-y50 res-text\">\n                                <div class=\"text-box-content text dark\">\n              \n              <div class=\"text-inner text-center\">\n                  \n\n\t<div id=\"text-499326117\" class=\"text\">\n\t\t\n\n<p>Saviez-vous que le chevreuil poss\u00e8de un odorat tr\u00e8s d\u00e9velopp\u00e9 et peut identifier une odeur jusqu&#8217;\u00e0 90 m de sa source?<\/p>\n\t\t\n<style>\n#text-499326117 {\n  font-size: 1.05rem;\n}\n<\/style>\n\t<\/div>\n\t\n\n              <\/div>\n           <\/div>\n                            \n<style>\n#text-box-723638033 {\n  width: 60%;\n}\n#text-box-723638033 .text-box-content {\n  font-size: 100%;\n}\n<\/style>\n    <\/div>\n \n\n        <\/div>\n      <\/div>\n\n            \n<style>\n#banner-13141664 {\n  padding-top: 500px;\n}\n<\/style>\n  <\/div>\n\n\n\n<\/div><\/div>\n\n            <\/div>\n    <style>\n    #banner-grid-326569797 .grid-col-1{height: 600px}\n    #banner-grid-326569797 .grid-col-1-2{height: 300px}\n    #banner-grid-326569797 .grid-col-1-3{height:200px}\n    #banner-grid-326569797 .grid-col-2-3{height: 400px}\n    #banner-grid-326569797 .grid-col-1-4{height: 150px}\n    #banner-grid-326569797 .grid-col-3-4{height: 450px}\n\n\n    \n    \n\n  <\/style>\n    <\/div>\n  \n\n\t\t<\/div>\n\n\t\t\n<style>\n#section_1638544312 {\n  padding-top: 60px;\n  padding-bottom: 60px;\n  background-color: rgb(193, 193, 193);\n}\n#section_1638544312 .section-bg-overlay {\n  background-color: rgba(255, 255, 255, 0.85);\n}\n<\/style>\n\t<\/section>\n\t\n\n","protected":false},"excerpt":{"rendered":"","protected":false},"author":5710,"featured_media":0,"parent":0,"menu_order":0,"comment_status":"closed","ping_status":"closed","template":"","meta":{"_monsterinsights_skip_tracking":false,"_monsterinsights_sitenote_active":false,"_monsterinsights_sitenote_note":"","_monsterinsights_sitenote_category":0,"footnotes":""},"class_list":["post-760062","page","type-page","status-publish","hentry"],"yoast_head":"<!-- This site is optimized with the Yoast SEO plugin v27.1.1 - https:\/\/yoast.com\/product\/yoast-seo-wordpress\/ -->\n<title>Porc-\u00e9pic - \u00c9co-Odyss\u00e9e<\/title>\n<meta name=\"robots\" content=\"index, follow, max-snippet:-1, max-image-preview:large, max-video-preview:-1\" \/>\n<link rel=\"canonical\" href=\"https:\/\/www.eco-odyssee.ca\/en\/porc-epic\/\" \/>\n<meta property=\"og:locale\" content=\"en_US\" \/>\n<meta property=\"og:type\" content=\"article\" \/>\n<meta property=\"og:title\" content=\"Porc-\u00e9pic - \u00c9co-Odyss\u00e9e\" \/>\n<meta property=\"og:url\" content=\"https:\/\/www.eco-odyssee.ca\/en\/porc-epic\/\" \/>\n<meta property=\"og:site_name\" content=\"\u00c9co-Odyss\u00e9e\" \/>\n<meta property=\"article:modified_time\" content=\"2022-06-19T01:08:11+00:00\" \/>\n<meta name=\"twitter:card\" content=\"summary_large_image\" \/>\n<meta name=\"twitter:label1\" content=\"Est. reading time\" \/>\n\t<meta name=\"twitter:data1\" content=\"1 minute\" \/>\n<!-- \/ Yoast SEO plugin. -->","yoast_head_json":{"title":"Porc-\u00e9pic - \u00c9co-Odyss\u00e9e","robots":{"index":"index","follow":"follow","max-snippet":"max-snippet:-1","max-image-preview":"max-image-preview:large","max-video-preview":"max-video-preview:-1"},"canonical":"https:\/\/www.eco-odyssee.ca\/en\/porc-epic\/","og_locale":"en_US","og_type":"article","og_title":"Porc-\u00e9pic - \u00c9co-Odyss\u00e9e","og_url":"https:\/\/www.eco-odyssee.ca\/en\/porc-epic\/","og_site_name":"\u00c9co-Odyss\u00e9e","article_modified_time":"2022-06-19T01:08:11+00:00","twitter_card":"summary_large_image","twitter_misc":{"Est. reading time":"1 minute"},"schema":{"@context":"https:\/\/schema.org","@graph":[{"@type":"WebPage","@id":"https:\/\/www.eco-odyssee.ca\/en\/porc-epic\/","url":"https:\/\/www.eco-odyssee.ca\/en\/porc-epic\/","name":"Porc-\u00e9pic - \u00c9co-Odyss\u00e9e","isPartOf":{"@id":"https:\/\/www.eco-odyssee.ca\/en\/#website"},"datePublished":"2022-06-18T22:01:59+00:00","dateModified":"2022-06-19T01:08:11+00:00","breadcrumb":{"@id":"https:\/\/www.eco-odyssee.ca\/en\/porc-epic\/#breadcrumb"},"inLanguage":"en-US","potentialAction":[{"@type":"ReadAction","target":["https:\/\/www.eco-odyssee.ca\/en\/porc-epic\/"]}]},{"@type":"BreadcrumbList","@id":"https:\/\/www.eco-odyssee.ca\/en\/porc-epic\/#breadcrumb","itemListElement":[{"@type":"ListItem","position":1,"name":"Accueil","item":"https:\/\/www.eco-odyssee.ca\/en\/"},{"@type":"ListItem","position":2,"name":"Porc-\u00e9pic"}]},{"@type":"WebSite","@id":"https:\/\/www.eco-odyssee.ca\/en\/#website","url":"https:\/\/www.eco-odyssee.ca\/en\/","name":"\u00c9co-Odyss\u00e9e","description":"Experience nature","publisher":{"@id":"https:\/\/www.eco-odyssee.ca\/en\/#organization"},"potentialAction":[{"@type":"SearchAction","target":{"@type":"EntryPoint","urlTemplate":"https:\/\/www.eco-odyssee.ca\/en\/?s={search_term_string}"},"query-input":{"@type":"PropertyValueSpecification","valueRequired":true,"valueName":"search_term_string"}}],"inLanguage":"en-US"},{"@type":"Organization","@id":"https:\/\/www.eco-odyssee.ca\/en\/#organization","name":"Parc Nature \u00c9co-Odyss\u00e9e","url":"https:\/\/www.eco-odyssee.ca\/en\/","logo":{"@type":"ImageObject","inLanguage":"en-US","@id":"https:\/\/www.eco-odyssee.ca\/en\/#\/schema\/logo\/image\/","url":"https:\/\/www.eco-odyssee.ca\/wp-content\/uploads\/2021\/06\/Eco-Odyssee-medias-sociaux-carrC-01.jpg","contentUrl":"https:\/\/www.eco-odyssee.ca\/wp-content\/uploads\/2021\/06\/Eco-Odyssee-medias-sociaux-carrC-01.jpg","width":1500,"height":1500,"caption":"Parc Nature \u00c9co-Odyss\u00e9e"},"image":{"@id":"https:\/\/www.eco-odyssee.ca\/en\/#\/schema\/logo\/image\/"}}]}},"_links":{"self":[{"href":"https:\/\/www.eco-odyssee.ca\/en\/wp-json\/wp\/v2\/pages\/760062","targetHints":{"allow":["GET"]}}],"collection":[{"href":"https:\/\/www.eco-odyssee.ca\/en\/wp-json\/wp\/v2\/pages"}],"about":[{"href":"https:\/\/www.eco-odyssee.ca\/en\/wp-json\/wp\/v2\/types\/page"}],"author":[{"embeddable":true,"href":"https:\/\/www.eco-odyssee.ca\/en\/wp-json\/wp\/v2\/users\/5710"}],"replies":[{"embeddable":true,"href":"https:\/\/www.eco-odyssee.ca\/en\/wp-json\/wp\/v2\/comments?post=760062"}],"version-history":[{"count":2,"href":"https:\/\/www.eco-odyssee.ca\/en\/wp-json\/wp\/v2\/pages\/760062\/revisions"}],"predecessor-version":[{"id":760070,"href":"https:\/\/www.eco-odyssee.ca\/en\/wp-json\/wp\/v2\/pages\/760062\/revisions\/760070"}],"wp:attachment":[{"href":"https:\/\/www.eco-odyssee.ca\/en\/wp-json\/wp\/v2\/media?parent=760062"}],"curies":[{"name":"wp","href":"https:\/\/api.w.org\/{rel}","templated":true}]}}