{"id":756854,"date":"2021-08-22T12:26:46","date_gmt":"2021-08-22T16:26:46","guid":{"rendered":"https:\/\/www.eco-odyssee.ca\/rainette-faux-grillon-de-louest\/"},"modified":"2021-08-22T12:26:46","modified_gmt":"2021-08-22T16:26:46","slug":"rainette-faux-grillon-de-louest","status":"publish","type":"page","link":"https:\/\/www.eco-odyssee.ca\/en\/rainette-faux-grillon-de-louest\/","title":{"rendered":"Rainette faux-grillon de l&#8217;Ouest"},"content":{"rendered":"\n  <div class=\"banner has-hover\" id=\"banner-105560606\">\n          <div class=\"banner-inner fill\">\n        <div class=\"banner-bg fill\" >\n                                    <div class=\"overlay\"><\/div>            \n                    <\/div>\n\t\t\n        <div class=\"banner-layers container\">\n            <div class=\"fill banner-link\"><\/div>            \n        <\/div>\n      <\/div>\n\n            \n<style>\n#banner-105560606 {\n  padding-top: 15%;\n}\n#banner-105560606 .overlay {\n  background-color: rgba(0,0,0,.5);\n}\n<\/style>\n  <\/div>\n\n\n\n\t<section class=\"section\" id=\"section_621533755\">\n\t\t<div class=\"section-bg fill\" >\n\t\t\t\t\t\t\t\t\t\n\t\t\t\n\n\t\t<\/div>\n\n\t\t\n\n\t\t<div class=\"section-content relative\">\n\t\t\t\n<div class=\"row row-collapse align-center\"  id=\"row-11108895\">\n\n\t<div id=\"col-665858255\" class=\"col medium-11 small-12 large-11\"  >\n\t\t\t\t<div class=\"col-inner text-center\"  >\n\t\t\t\n\t\t\t\n<div class=\"container section-title-container\" ><h1 class=\"section-title section-title-center\"><b aria-hidden=\"true\"><\/b><span class=\"section-title-main\" style=\"font-size:130%;\">Rainette faux-grillon de l'Ouest<\/span><b aria-hidden=\"true\"><\/b><\/h1><\/div>\n\t\t<\/div>\n\t\t\t\t\t<\/div>\n\n\t\n<\/div>\n\t\t<\/div>\n\n\t\t\n<style>\n#section_621533755 {\n  padding-top: 8px;\n  padding-bottom: 8px;\n  min-height: 78px;\n  background-color: rgb(245, 245, 245);\n}\n<\/style>\n\t<\/section>\n\t\n\n\t<section class=\"section\" id=\"section_1817099175\">\n\t\t<div class=\"section-bg fill\" >\n\t\t\t\t\t\t\t\t\t<div class=\"section-bg-overlay absolute fill\"><\/div>\n\t\t\t\n\n\t\t<\/div>\n\n\t\t\n\n\t\t<div class=\"section-content relative\">\n\t\t\t\n<div class=\"row row-large align-middle\"  id=\"row-1859391355\">\n\n\t<div id=\"col-976273841\" class=\"col medium-6 small-12 large-6\"  >\n\t\t\t\t<div class=\"col-inner\"  >\n\t\t\t\n\t\t\t\n  <div class=\"banner-grid-wrapper\">\n  <div id=\"banner-grid-1850741864\" class=\"banner-grid row row-grid row-small\" data-packery-options=\"\">\n                      \n<div class=\"col grid-col large-13 grid-col-3-4\" ><div class=\"col-inner\">\n\t<div class=\"img has-hover x md-x lg-x y md-y lg-y\" id=\"image_2126075795\">\n\t\t\t\t\t\t\t\t<div class=\"img-inner dark\" >\n\t\t\t<img decoding=\"async\" width=\"250\" height=\"204\" data-src=\"https:\/\/www.eco-odyssee.ca\/wp-content\/uploads\/2021\/08\/Pseudacris_triseriata.jpg\" class=\"attachment-large size-large lazyload\" alt=\"\" src=\"data:image\/svg+xml;base64,PHN2ZyB3aWR0aD0iMSIgaGVpZ2h0PSIxIiB4bWxucz0iaHR0cDovL3d3dy53My5vcmcvMjAwMC9zdmciPjwvc3ZnPg==\" style=\"--smush-placeholder-width: 250px; --smush-placeholder-aspect-ratio: 250\/204;\" \/>\t\t\t\t\t\t\n\t\t\t\t\t<\/div>\n\t\t\t\t\t\t\t\t\n<style>\n#image_2126075795 {\n  width: 100%;\n}\n<\/style>\n\t<\/div>\n\t\n<\/div><\/div>\n<div class=\"col grid-col large-13 grid-col-3-4\" ><div class=\"col-inner\">\n\t<div class=\"img has-hover x md-x lg-x y md-y lg-y\" id=\"image_2023069961\">\n\t\t\t\t\t\t\t\t<div class=\"img-inner dark\" >\n\t\t\t<img decoding=\"async\" width=\"600\" height=\"400\" data-src=\"https:\/\/www.eco-odyssee.ca\/wp-content\/uploads\/2021\/08\/002_p_psetri-2004_p.jpg\" class=\"attachment-large size-large lazyload\" alt=\"\" data-srcset=\"https:\/\/www.eco-odyssee.ca\/wp-content\/uploads\/2021\/08\/002_p_psetri-2004_p.jpg 600w, https:\/\/www.eco-odyssee.ca\/wp-content\/uploads\/2021\/08\/002_p_psetri-2004_p-500x333.jpg 500w\" data-sizes=\"(max-width: 600px) 100vw, 600px\" src=\"data:image\/svg+xml;base64,PHN2ZyB3aWR0aD0iMSIgaGVpZ2h0PSIxIiB4bWxucz0iaHR0cDovL3d3dy53My5vcmcvMjAwMC9zdmciPjwvc3ZnPg==\" style=\"--smush-placeholder-width: 600px; --smush-placeholder-aspect-ratio: 600\/400;\" \/>\t\t\t\t\t\t\n\t\t\t\t\t<\/div>\n\t\t\t\t\t\t\t\t\n<style>\n#image_2023069961 {\n  width: 100%;\n}\n<\/style>\n\t<\/div>\n\t\n<\/div><\/div>\n            <\/div>\n    <style>\n    #banner-grid-1850741864 .grid-col-1{height: 340px}\n    #banner-grid-1850741864 .grid-col-1-2{height: 170px}\n    #banner-grid-1850741864 .grid-col-1-3{height:113.33333333333px}\n    #banner-grid-1850741864 .grid-col-2-3{height: 226.66666666667px}\n    #banner-grid-1850741864 .grid-col-1-4{height: 85px}\n    #banner-grid-1850741864 .grid-col-3-4{height: 255px}\n\n\n    \n    \n\n  <\/style>\n    <\/div>\n  \n\t\t<\/div>\n\t\t\t\t\t<\/div>\n\n\t\n\n\t<div id=\"col-1052111285\" class=\"col medium-6 small-12 large-6\"  >\n\t\t\t\t<div class=\"col-inner text-left\"  >\n\t\t\t\n\t\t\t\n<div class=\"row\"  id=\"row-198526033\">\n\n\t<div id=\"col-1592986530\" class=\"col small-12 large-12\"  >\n\t\t\t\t<div class=\"col-inner dark\" style=\"background-color:#4f6339;\" >\n\t\t\t\n\t\t\t\n<p> <strong> Famille : <\/strong>Hylid\u00e9s<\/p>\n<p> <strong> Grandeur :<\/strong> Elle mesure maximum 3.7cm. <\/p>\n<p> <strong> Long\u00e9vit\u00e9 : <\/strong>La rainette faux-grillon de l&#8217;Ouest arrive \u00e0 maturit\u00e9 \u00e0 la fin de l&#8217;\u00e9t\u00e9 et se reproduit au printemps suivant; elle vit rarement plus d&#8217;un an.<\/p>\n<p> <strong> Habitat :<\/strong> Elle vit dans les friches, dans le bois, dans les pr\u00e9s et dans les milieux ouverts. <\/p>\n<p> <strong> Nourriture : <\/strong>Elle se nourrit de petites mouches, de moustiques, de fourmis, de petits col\u00e9opt\u00e8res, d\u2019h\u00e9t\u00e9roc\u00e8res et de chenilles, de criquets, d\u2019araign\u00e9es, de limaces et d\u2019escargots. Elles ne mangent pas durant l\u2019hiver.<\/p>\n\t\t<\/div>\n\t\t\t\t\t<\/div>\n\n\t\n<\/div>\n<div class=\"row\"  id=\"row-166838765\">\n\n\t<div id=\"col-1107463170\" class=\"col small-12 large-12\"  >\n\t\t\t\t<div class=\"col-inner\"  >\n\t\t\t\n\t\t\t\n<p>Saviez-vous que la rainette faux-grillon de l&#8217;Ouest ne bouge pas beaucoup? <\/p>\n\t\t<\/div>\n\t\t\t\t\t<\/div>\n\n\t\n<\/div>\n\t\t<\/div>\n\t\t\t\t\t<\/div>\n\n\t\n<\/div>\n\t\t<\/div>\n\n\t\t\n<style>\n#section_1817099175 {\n  padding-top: 60px;\n  padding-bottom: 60px;\n  background-color: rgb(193, 193, 193);\n}\n#section_1817099175 .section-bg-overlay {\n  background-color: rgba(255, 255, 255, 0.85);\n}\n<\/style>\n\t<\/section>\n\t\n","protected":false},"excerpt":{"rendered":"","protected":false},"author":5710,"featured_media":0,"parent":0,"menu_order":0,"comment_status":"closed","ping_status":"closed","template":"","meta":{"_monsterinsights_skip_tracking":false,"_monsterinsights_sitenote_active":false,"_monsterinsights_sitenote_note":"","_monsterinsights_sitenote_category":0,"footnotes":""},"class_list":["post-756854","page","type-page","status-publish","hentry"],"yoast_head":"<!-- This site is optimized with the Yoast SEO plugin v27.1.1 - https:\/\/yoast.com\/product\/yoast-seo-wordpress\/ -->\n<title>Rainette faux-grillon de l&#039;Ouest - \u00c9co-Odyss\u00e9e<\/title>\n<meta name=\"robots\" content=\"index, follow, max-snippet:-1, max-image-preview:large, max-video-preview:-1\" \/>\n<link rel=\"canonical\" href=\"https:\/\/www.eco-odyssee.ca\/en\/rainette-faux-grillon-de-louest\/\" \/>\n<meta property=\"og:locale\" content=\"en_US\" \/>\n<meta property=\"og:type\" content=\"article\" \/>\n<meta property=\"og:title\" content=\"Rainette faux-grillon de l&#039;Ouest - \u00c9co-Odyss\u00e9e\" \/>\n<meta property=\"og:url\" content=\"https:\/\/www.eco-odyssee.ca\/en\/rainette-faux-grillon-de-louest\/\" \/>\n<meta property=\"og:site_name\" content=\"\u00c9co-Odyss\u00e9e\" \/>\n<meta name=\"twitter:card\" content=\"summary_large_image\" \/>\n<meta name=\"twitter:label1\" content=\"Est. reading time\" \/>\n\t<meta name=\"twitter:data1\" content=\"1 minute\" \/>\n<!-- \/ Yoast SEO plugin. -->","yoast_head_json":{"title":"Rainette faux-grillon de l'Ouest - \u00c9co-Odyss\u00e9e","robots":{"index":"index","follow":"follow","max-snippet":"max-snippet:-1","max-image-preview":"max-image-preview:large","max-video-preview":"max-video-preview:-1"},"canonical":"https:\/\/www.eco-odyssee.ca\/en\/rainette-faux-grillon-de-louest\/","og_locale":"en_US","og_type":"article","og_title":"Rainette faux-grillon de l'Ouest - \u00c9co-Odyss\u00e9e","og_url":"https:\/\/www.eco-odyssee.ca\/en\/rainette-faux-grillon-de-louest\/","og_site_name":"\u00c9co-Odyss\u00e9e","twitter_card":"summary_large_image","twitter_misc":{"Est. reading time":"1 minute"},"schema":{"@context":"https:\/\/schema.org","@graph":[{"@type":"WebPage","@id":"https:\/\/www.eco-odyssee.ca\/en\/rainette-faux-grillon-de-louest\/","url":"https:\/\/www.eco-odyssee.ca\/en\/rainette-faux-grillon-de-louest\/","name":"Rainette faux-grillon de l'Ouest - \u00c9co-Odyss\u00e9e","isPartOf":{"@id":"https:\/\/www.eco-odyssee.ca\/en\/#website"},"datePublished":"2021-08-22T16:26:46+00:00","breadcrumb":{"@id":"https:\/\/www.eco-odyssee.ca\/en\/rainette-faux-grillon-de-louest\/#breadcrumb"},"inLanguage":"en-US","potentialAction":[{"@type":"ReadAction","target":["https:\/\/www.eco-odyssee.ca\/en\/rainette-faux-grillon-de-louest\/"]}]},{"@type":"BreadcrumbList","@id":"https:\/\/www.eco-odyssee.ca\/en\/rainette-faux-grillon-de-louest\/#breadcrumb","itemListElement":[{"@type":"ListItem","position":1,"name":"Accueil","item":"https:\/\/www.eco-odyssee.ca\/en\/"},{"@type":"ListItem","position":2,"name":"Rainette faux-grillon de l&#8217;Ouest"}]},{"@type":"WebSite","@id":"https:\/\/www.eco-odyssee.ca\/en\/#website","url":"https:\/\/www.eco-odyssee.ca\/en\/","name":"\u00c9co-Odyss\u00e9e","description":"Experience nature","publisher":{"@id":"https:\/\/www.eco-odyssee.ca\/en\/#organization"},"potentialAction":[{"@type":"SearchAction","target":{"@type":"EntryPoint","urlTemplate":"https:\/\/www.eco-odyssee.ca\/en\/?s={search_term_string}"},"query-input":{"@type":"PropertyValueSpecification","valueRequired":true,"valueName":"search_term_string"}}],"inLanguage":"en-US"},{"@type":"Organization","@id":"https:\/\/www.eco-odyssee.ca\/en\/#organization","name":"Parc Nature \u00c9co-Odyss\u00e9e","url":"https:\/\/www.eco-odyssee.ca\/en\/","logo":{"@type":"ImageObject","inLanguage":"en-US","@id":"https:\/\/www.eco-odyssee.ca\/en\/#\/schema\/logo\/image\/","url":"https:\/\/www.eco-odyssee.ca\/wp-content\/uploads\/2021\/06\/Eco-Odyssee-medias-sociaux-carrC-01.jpg","contentUrl":"https:\/\/www.eco-odyssee.ca\/wp-content\/uploads\/2021\/06\/Eco-Odyssee-medias-sociaux-carrC-01.jpg","width":1500,"height":1500,"caption":"Parc Nature \u00c9co-Odyss\u00e9e"},"image":{"@id":"https:\/\/www.eco-odyssee.ca\/en\/#\/schema\/logo\/image\/"}}]}},"_links":{"self":[{"href":"https:\/\/www.eco-odyssee.ca\/en\/wp-json\/wp\/v2\/pages\/756854","targetHints":{"allow":["GET"]}}],"collection":[{"href":"https:\/\/www.eco-odyssee.ca\/en\/wp-json\/wp\/v2\/pages"}],"about":[{"href":"https:\/\/www.eco-odyssee.ca\/en\/wp-json\/wp\/v2\/types\/page"}],"author":[{"embeddable":true,"href":"https:\/\/www.eco-odyssee.ca\/en\/wp-json\/wp\/v2\/users\/5710"}],"replies":[{"embeddable":true,"href":"https:\/\/www.eco-odyssee.ca\/en\/wp-json\/wp\/v2\/comments?post=756854"}],"version-history":[{"count":5,"href":"https:\/\/www.eco-odyssee.ca\/en\/wp-json\/wp\/v2\/pages\/756854\/revisions"}],"predecessor-version":[{"id":756859,"href":"https:\/\/www.eco-odyssee.ca\/en\/wp-json\/wp\/v2\/pages\/756854\/revisions\/756859"}],"wp:attachment":[{"href":"https:\/\/www.eco-odyssee.ca\/en\/wp-json\/wp\/v2\/media?parent=756854"}],"curies":[{"name":"wp","href":"https:\/\/api.w.org\/{rel}","templated":true}]}}