{"id":755170,"date":"2021-06-21T14:40:19","date_gmt":"2021-06-21T18:40:19","guid":{"rendered":"https:\/\/www.eco-odyssee.ca\/the-snack-shack-by-eco-odyssey\/"},"modified":"2025-09-01T17:00:58","modified_gmt":"2025-09-01T21:00:58","slug":"the-snack-shack","status":"publish","type":"page","link":"https:\/\/www.eco-odyssee.ca\/en\/the-snack-shack\/","title":{"rendered":"The Snack Shack"},"content":{"rendered":"\n\n  <div class=\"banner has-hover\" id=\"banner-1776123899\">\n          <div class=\"banner-inner fill\">\n        <div class=\"banner-bg fill\" >\n                                    <div class=\"overlay\"><\/div>            \n                    <\/div>\n\t\t\n        <div class=\"banner-layers container\">\n            <div class=\"fill banner-link\"><\/div>            \n\n   <div id=\"text-box-187094674\" class=\"text-box banner-layer x50 md-x50 lg-x50 y50 md-y50 lg-y50 res-text\">\n                     <div data-animate=\"flipInY\">           <div class=\"text-box-content text dark\">\n              \n              <div class=\"text-inner text-center\">\n                  \n\n<h3 class=\"alt-font\"><span style=\"color: #c0c0c0\">Our culinary experience<\/span><\/h3>\n<h1 class=\"h-large uppercase\"><span style=\"font-size: 120%;color: #c0c0c0\"><strong><span style=\"color: #ffffff\">THE Snack SHack<\/span><\/strong><\/span><\/h1>\n<h1 class=\"h-large uppercase\"><span style=\"color: #c0c0c0;font-size: 90%\">\u00c9co-Odyss\u00e9e<\/span><\/h1>\n<div class=\"container section-title-container\" ><h1 class=\"section-title section-title-center\"><b aria-hidden=\"true\"><\/b><span class=\"section-title-main\" style=\"font-size:151%;color:rgba(255, 0, 0, 0.68);\">CLOSED<\/span><b aria-hidden=\"true\"><\/b><\/h1><\/div>\n\n\n              <\/div>\n           <\/div>\n       <\/div>                     \n<style>\n#text-box-187094674 {\n  width: 67%;\n}\n#text-box-187094674 .text-box-content {\n  font-size: 100%;\n}\n<\/style>\n    <\/div>\n \n\n        <\/div>\n      <\/div>\n\n            \n<style>\n#banner-1776123899 {\n  padding-top: 317px;\n}\n#banner-1776123899 .overlay {\n  background-color: rgba(79,99,57,0.15);\n}\n<\/style>\n  <\/div>\n\n\n\n\t<section class=\"section\" id=\"section_493704332\">\n\t\t<div class=\"section-bg fill\" >\n\t\t\t<img decoding=\"async\" width=\"500\" height=\"281\" data-src=\"https:\/\/www.eco-odyssee.ca\/wp-content\/uploads\/2020\/11\/53419675_2181740278531598_197588042012164096_o-500x281.jpg\" class=\"bg attachment-medium size-medium lazyload\" alt=\"cite d&#039;\u00c9co-Odyss\u00e9e vue de haut\" src=\"data:image\/svg+xml;base64,PHN2ZyB3aWR0aD0iMSIgaGVpZ2h0PSIxIiB4bWxucz0iaHR0cDovL3d3dy53My5vcmcvMjAwMC9zdmciPjwvc3ZnPg==\" style=\"--smush-placeholder-width: 500px; --smush-placeholder-aspect-ratio: 500\/281;\" \/>\t\t\t\t\t\t<div class=\"section-bg-overlay absolute fill\"><\/div>\n\t\t\t\n\n\t\t<\/div>\n\n\t\t\n\n\t\t<div class=\"section-content relative\">\n\t\t\t\n\n<div class=\"row row-large align-middle\"  id=\"row-356088225\">\n\n\n\t<div id=\"col-1392161613\" class=\"col medium-6 small-12 large-6\"  >\n\t\t\t\t<div class=\"col-inner text-left\"  >\n\t\t\t\n\t\t\t\n\n<h2 style=\"text-align: center\"><span style=\"font-size: 130%\">Notre casse-cro\u00fbte est l\u00e0!<\/span><\/h2>\n<p style=\"text-align: center\"><span style=\"font-size: 130%\">Apr\u00e8s une activit\u00e9 <span class=\"TextRun SCXW226351157 BCX0\" lang=\"FR-CA\" xml:lang=\"FR-CA\" data-contrast=\"auto\"><span class=\"NormalTextRun SCXW226351157 BCX0\">\u00e0 l&#8217;ext\u00e9rieur<\/span><\/span>, quoi de mieux qu&#8217;un bon chocolat chaud sur le bord du feu ? Profitez d&#8217;un bon repas, de collations et de boissons chaudes ou froides pour embellir votre exp\u00e9rience au Parc Nature \u00c9co-Odyss\u00e9e.<\/span><\/p>\n\n\t\t<\/div>\n\t\t\t\t\t<\/div>\n\n\t\n\n\t<div id=\"col-1481711587\" class=\"col medium-6 small-12 large-6\"  >\n\t\t\t\t<div class=\"col-inner\"  >\n\t\t\t\n\t\t\t\n\n\t<div class=\"img has-hover x md-x lg-x y md-y lg-y\" id=\"image_1641062270\">\n\t\t<a class=\"image-lightbox lightbox-gallery\" title=\"\" href=\"https:\/\/www.eco-odyssee.ca\/wp-content\/uploads\/2023\/07\/Casse-croute-Parc-Nature-Eco-Odyssee-Camille-Labonte-500x333.jpg\">\t\t\t\t<div data-animate=\"fadeInRight\">\t\t<div class=\"img-inner box-shadow-3 dark\" >\n\t\t\t<img decoding=\"async\" width=\"1020\" height=\"680\" data-src=\"https:\/\/www.eco-odyssee.ca\/wp-content\/uploads\/2023\/07\/Casse-croute-Parc-Nature-Eco-Odyssee-Camille-Labonte-1280x853.jpg\" class=\"attachment-large size-large lazyload\" alt=\"des persone au casse croute\" data-srcset=\"https:\/\/www.eco-odyssee.ca\/wp-content\/uploads\/2023\/07\/Casse-croute-Parc-Nature-Eco-Odyssee-Camille-Labonte-1280x853.jpg 1280w, https:\/\/www.eco-odyssee.ca\/wp-content\/uploads\/2023\/07\/Casse-croute-Parc-Nature-Eco-Odyssee-Camille-Labonte-500x333.jpg 500w, https:\/\/www.eco-odyssee.ca\/wp-content\/uploads\/2023\/07\/Casse-croute-Parc-Nature-Eco-Odyssee-Camille-Labonte-768x512.jpg 768w, https:\/\/www.eco-odyssee.ca\/wp-content\/uploads\/2023\/07\/Casse-croute-Parc-Nature-Eco-Odyssee-Camille-Labonte-1536x1024.jpg 1536w, https:\/\/www.eco-odyssee.ca\/wp-content\/uploads\/2023\/07\/Casse-croute-Parc-Nature-Eco-Odyssee-Camille-Labonte-scaled.jpg 2048w\" data-sizes=\"(max-width: 1020px) 100vw, 1020px\" src=\"data:image\/svg+xml;base64,PHN2ZyB3aWR0aD0iMSIgaGVpZ2h0PSIxIiB4bWxucz0iaHR0cDovL3d3dy53My5vcmcvMjAwMC9zdmciPjwvc3ZnPg==\" style=\"--smush-placeholder-width: 1020px; --smush-placeholder-aspect-ratio: 1020\/680;\" \/>\t\t\t\t\t\t\n\t\t\t\t\t<\/div>\n\t\t<\/div>\t\t\t\t<\/a>\t\t\n<style>\n#image_1641062270 {\n  width: 100%;\n}\n<\/style>\n\t<\/div>\n\t\n\n\n\t\t<\/div>\n\t\t\t\t\t<\/div>\n\n\t\n\n<\/div>\n\n\t\t<\/div>\n\n\t\t\n<style>\n#section_493704332 {\n  padding-top: 60px;\n  padding-bottom: 60px;\n}\n#section_493704332 .section-bg-overlay {\n  background-color: rgba(255, 255, 255, 0.85);\n}\n<\/style>\n\t<\/section>\n\t\n\n\t<section class=\"section dark\" id=\"section_925444896\">\n\t\t<div class=\"section-bg fill\" >\n\t\t\t\t\t\t\t\t\t\n\t\t\t\n\n\t\t<\/div>\n\n\t\t\n\n\t\t<div class=\"section-content relative\">\n\t\t\t\n\n<div class=\"row row-large align-middle\"  id=\"row-1419290200\">\n\n\n\t<div id=\"col-1217265205\" class=\"col medium-6 small-12 large-6\"  >\n\t\t\t\t<div class=\"col-inner\"  >\n\t\t\t\n\t\t\t\n\n\t<div class=\"img has-hover x md-x lg-x y md-y lg-y\" id=\"image_1456386660\">\n\t\t\t\t\t\t\t\t<div class=\"img-inner dark\" >\n\t\t\t<img decoding=\"async\" width=\"1020\" height=\"831\" data-src=\"https:\/\/www.eco-odyssee.ca\/wp-content\/uploads\/2021\/12\/20211215_165529-1280x1043.jpg\" class=\"attachment-large size-large lazyload\" alt=\"Chillie\" data-srcset=\"https:\/\/www.eco-odyssee.ca\/wp-content\/uploads\/2021\/12\/20211215_165529-1280x1043.jpg 1280w, https:\/\/www.eco-odyssee.ca\/wp-content\/uploads\/2021\/12\/20211215_165529-500x407.jpg 500w, https:\/\/www.eco-odyssee.ca\/wp-content\/uploads\/2021\/12\/20211215_165529-768x626.jpg 768w, https:\/\/www.eco-odyssee.ca\/wp-content\/uploads\/2021\/12\/20211215_165529-1536x1251.jpg 1536w, https:\/\/www.eco-odyssee.ca\/wp-content\/uploads\/2021\/12\/20211215_165529-scaled.jpg 2048w\" data-sizes=\"(max-width: 1020px) 100vw, 1020px\" src=\"data:image\/svg+xml;base64,PHN2ZyB3aWR0aD0iMSIgaGVpZ2h0PSIxIiB4bWxucz0iaHR0cDovL3d3dy53My5vcmcvMjAwMC9zdmciPjwvc3ZnPg==\" style=\"--smush-placeholder-width: 1020px; --smush-placeholder-aspect-ratio: 1020\/831;\" \/>\t\t\t\t\t\t\n\t\t\t\t\t<\/div>\n\t\t\t\t\t\t\t\t\n<style>\n#image_1456386660 {\n  width: 100%;\n}\n<\/style>\n\t<\/div>\n\t\n\n\t<div class=\"img has-hover x md-x lg-x y md-y lg-y\" id=\"image_2146101118\">\n\t\t\t\t\t\t\t\t<div class=\"img-inner dark\" >\n\t\t\t<img decoding=\"async\" width=\"1020\" height=\"765\" data-src=\"https:\/\/www.eco-odyssee.ca\/wp-content\/uploads\/2021\/12\/20211215_165240-1280x960.jpg\" class=\"attachment-large size-large lazyload\" alt=\"Hot dog\" data-srcset=\"https:\/\/www.eco-odyssee.ca\/wp-content\/uploads\/2021\/12\/20211215_165240-1280x960.jpg 1280w, https:\/\/www.eco-odyssee.ca\/wp-content\/uploads\/2021\/12\/20211215_165240-500x375.jpg 500w, https:\/\/www.eco-odyssee.ca\/wp-content\/uploads\/2021\/12\/20211215_165240-768x576.jpg 768w, https:\/\/www.eco-odyssee.ca\/wp-content\/uploads\/2021\/12\/20211215_165240-1536x1152.jpg 1536w, https:\/\/www.eco-odyssee.ca\/wp-content\/uploads\/2021\/12\/20211215_165240-scaled.jpg 2048w\" data-sizes=\"(max-width: 1020px) 100vw, 1020px\" src=\"data:image\/svg+xml;base64,PHN2ZyB3aWR0aD0iMSIgaGVpZ2h0PSIxIiB4bWxucz0iaHR0cDovL3d3dy53My5vcmcvMjAwMC9zdmciPjwvc3ZnPg==\" style=\"--smush-placeholder-width: 1020px; --smush-placeholder-aspect-ratio: 1020\/765;\" \/>\t\t\t\t\t\t\n\t\t\t\t\t<\/div>\n\t\t\t\t\t\t\t\t\n<style>\n#image_2146101118 {\n  width: 100%;\n}\n<\/style>\n\t<\/div>\n\t\n\n\n\t\t<\/div>\n\t\t\t\t\t<\/div>\n\n\t\n\n\t<div id=\"col-484897992\" class=\"col medium-6 small-12 large-6\"  >\n\t\t\t\t<div class=\"col-inner text-left\"  >\n\t\t\t\n\t\t\t\n\n<h2 class=\"alt-font\" style=\"text-align: center\"><span style=\"font-size: 200%;color: #ffffff\">Plats<\/span><\/h2>\n<h3>Hot-dogs<\/h3>\n<ul>\n<li style=\"list-style-type: none\">\n<ul>\n<li>Ketchup, moutarde, relish : 8.00$<\/li>\n<li>Choucro\u00fbte, cornichons, moutarde : 8.00$<\/li>\n<li>Chili, fromage : 9.50$<\/li>\n<\/ul>\n<\/li>\n<\/ul>\n<h3>Pizza<\/h3>\n<ul>\n<li style=\"list-style-type: none\">\n<ul>\n<li>Fromage* : 7.00$<\/li>\n<li>Pepperoni-Fromage : 8.50$<\/li>\n<li>Pepperoni-Saucisse-Fromage : 10.00$<\/li>\n<\/ul>\n<\/li>\n<\/ul>\n<p>\u00a0 \u00a0 \u00a0 \u00a0 \u00a0 \u00a0 \u00a0 \u00a0 \u00a0 \u00a0( format individuel )<\/p>\n<h3>Chili*\u00a0<\/h3>\n<ul>\n<li style=\"list-style-type: none\">\n<ul>\n<li>Chili v\u00e9g\u00e9tarien : 10.00$<\/li>\n<\/ul>\n<\/li>\n<\/ul>\n<p>*option v\u00e9g\u00e9tarienne<\/p>\n\n\t\t<\/div>\n\t\t\t\t\t<\/div>\n\n\t\n\n<\/div>\n\n\t\t<\/div>\n\n\t\t\n<style>\n#section_925444896 {\n  padding-top: 35px;\n  padding-bottom: 35px;\n  background-color: rgb(79, 99, 57);\n}\n<\/style>\n\t<\/section>\n\t\n\n\t<section class=\"section\" id=\"section_1200784901\">\n\t\t<div class=\"section-bg fill\" >\n\t\t\t\t\t\t\t\t\t<div class=\"section-bg-overlay absolute fill\"><\/div>\n\t\t\t\n\n\t\t<\/div>\n\n\t\t\n\n\t\t<div class=\"section-content relative\">\n\t\t\t\n\n<div class=\"row row-collapse row-full-width align-middle\"  id=\"row-1710489399\">\n\n\n\t<div id=\"col-831366808\" class=\"col medium-6 small-12 large-6\"  >\n\t\t\t\t<div class=\"col-inner text-center\"  >\n\t\t\t\n\t\t\t\n\n<h2 class=\"alt-font\"><span style=\"font-size: 200%\">Collations<\/span><\/h2>\n<h3>Croustilles : 2.00$ &#8211; 2.50$<\/h3>\n<h3>Guimauves (paquet de 6) : pour 2$<\/h3>\n<h3>Petit popcorn : 2$\u00a0<\/h3>\n<h3>Grand popcorn : 3.50$<\/h3>\n<h3>Barbe \u00e0 papa : 5.00$<\/h3>\n\n\t\t<\/div>\n\t\t\t\t\n<style>\n#col-831366808 > .col-inner {\n  padding: 10% 10% 10% 10%;\n  max-width: 520px;\n}\n<\/style>\n\t<\/div>\n\n\t\n\n\t<div id=\"col-511516474\" class=\"col medium-6 small-12 large-6\"  >\n\t\t\t\t<div class=\"col-inner\"  >\n\t\t\t\n\t\t\t\n\n\t<div class=\"img has-hover x md-x lg-x y md-y lg-y\" id=\"image_1168367496\">\n\t\t\t\t\t\t\t\t<div class=\"img-inner dark\" style=\"margin:10px 0px 0px 0px;\">\n\t\t\t<img decoding=\"async\" width=\"1020\" height=\"680\" data-src=\"https:\/\/www.eco-odyssee.ca\/wp-content\/uploads\/2021\/12\/corina-rainer-P2wLo_PzHjU-unsplash-1280x853.jpg\" class=\"attachment-large size-large lazyload\" alt=\"popcorn\" data-srcset=\"https:\/\/www.eco-odyssee.ca\/wp-content\/uploads\/2021\/12\/corina-rainer-P2wLo_PzHjU-unsplash-1280x853.jpg 1280w, https:\/\/www.eco-odyssee.ca\/wp-content\/uploads\/2021\/12\/corina-rainer-P2wLo_PzHjU-unsplash-500x333.jpg 500w, https:\/\/www.eco-odyssee.ca\/wp-content\/uploads\/2021\/12\/corina-rainer-P2wLo_PzHjU-unsplash-768x512.jpg 768w, https:\/\/www.eco-odyssee.ca\/wp-content\/uploads\/2021\/12\/corina-rainer-P2wLo_PzHjU-unsplash-1536x1024.jpg 1536w, https:\/\/www.eco-odyssee.ca\/wp-content\/uploads\/2021\/12\/corina-rainer-P2wLo_PzHjU-unsplash-scaled.jpg 2048w\" data-sizes=\"(max-width: 1020px) 100vw, 1020px\" src=\"data:image\/svg+xml;base64,PHN2ZyB3aWR0aD0iMSIgaGVpZ2h0PSIxIiB4bWxucz0iaHR0cDovL3d3dy53My5vcmcvMjAwMC9zdmciPjwvc3ZnPg==\" style=\"--smush-placeholder-width: 1020px; --smush-placeholder-aspect-ratio: 1020\/680;\" \/>\t\t\t\t\t\t\n\t\t\t\t\t<\/div>\n\t\t\t\t\t\t\t\t\n<style>\n#image_1168367496 {\n  width: 100%;\n}\n<\/style>\n\t<\/div>\n\t\n\n\n\t\t<\/div>\n\t\t\t\t\t<\/div>\n\n\t\n\n<\/div>\n\n\t\t<\/div>\n\n\t\t\n<style>\n#section_1200784901 {\n  padding-top: 0px;\n  padding-bottom: 0px;\n  background-color: rgb(247, 247, 247);\n}\n#section_1200784901 .section-bg-overlay {\n  background-color: rgba(255, 255, 255, 0.85);\n}\n<\/style>\n\t<\/section>\n\t\n<div class=\"row\"  id=\"row-1232175151\">\n\n\n\t<div id=\"col-1105401035\" class=\"col medium-3 small-12 large-3\"  >\n\t\t\t\t<div class=\"col-inner text-center\"  >\n\t\t\t\n\t\t\t\n\n\t<div class=\"img has-hover x md-x lg-x y md-y lg-y\" id=\"image_423301442\">\n\t\t\t\t\t\t\t\t<div class=\"img-inner dark\" style=\"margin:0px 0px 0px 0px;\">\n\t\t\t<img decoding=\"async\" width=\"728\" height=\"485\" data-src=\"https:\/\/www.eco-odyssee.ca\/wp-content\/uploads\/2021\/06\/popcorn-chips.png\" class=\"attachment-large size-large lazyload\" alt=\"popcorn chips\" data-srcset=\"https:\/\/www.eco-odyssee.ca\/wp-content\/uploads\/2021\/06\/popcorn-chips.png 728w, https:\/\/www.eco-odyssee.ca\/wp-content\/uploads\/2021\/06\/popcorn-chips-500x333.png 500w, https:\/\/www.eco-odyssee.ca\/wp-content\/uploads\/2021\/06\/popcorn-chips-600x400.png 600w\" data-sizes=\"(max-width: 728px) 100vw, 728px\" src=\"data:image\/svg+xml;base64,PHN2ZyB3aWR0aD0iMSIgaGVpZ2h0PSIxIiB4bWxucz0iaHR0cDovL3d3dy53My5vcmcvMjAwMC9zdmciPjwvc3ZnPg==\" style=\"--smush-placeholder-width: 728px; --smush-placeholder-aspect-ratio: 728\/485;\" \/>\t\t\t\t\t\t\n\t\t\t\t\t<\/div>\n\t\t\t\t\t\t\t\t\n<style>\n#image_423301442 {\n  width: 65%;\n}\n<\/style>\n\t<\/div>\n\t\n\n<h2>Popcorn et croustilles<\/h2>\n<p>Croustilles: 2,00$ \u00e0 2,50$<\/p>\n<p>Pop-corn: 2$ \u00e0 3,50$<\/p>\n\n\t\t<\/div>\n\t\t\t\t\t<\/div>\n\n\t\n\n\t<div id=\"col-90621308\" class=\"col medium-3 small-12 large-3\"  >\n\t\t\t\t<div class=\"col-inner text-center\"  >\n\t\t\t\n\t\t\t\n\n\t<div class=\"img has-hover x md-x lg-x y md-y lg-y\" id=\"image_1353493001\">\n\t\t\t\t\t\t\t\t<div class=\"img-inner dark\" >\n\t\t\t<img decoding=\"async\" width=\"512\" height=\"512\" data-src=\"https:\/\/www.eco-odyssee.ca\/wp-content\/uploads\/2021\/06\/soda.png\" class=\"attachment-large size-large lazyload\" alt=\"slush\" data-srcset=\"https:\/\/www.eco-odyssee.ca\/wp-content\/uploads\/2021\/06\/soda.png 512w, https:\/\/www.eco-odyssee.ca\/wp-content\/uploads\/2021\/06\/soda-500x500.png 500w, https:\/\/www.eco-odyssee.ca\/wp-content\/uploads\/2021\/06\/soda-150x150.png 150w, https:\/\/www.eco-odyssee.ca\/wp-content\/uploads\/2021\/06\/soda-300x300.png 300w, https:\/\/www.eco-odyssee.ca\/wp-content\/uploads\/2021\/06\/soda-100x100.png 100w\" data-sizes=\"(max-width: 512px) 100vw, 512px\" src=\"data:image\/svg+xml;base64,PHN2ZyB3aWR0aD0iMSIgaGVpZ2h0PSIxIiB4bWxucz0iaHR0cDovL3d3dy53My5vcmcvMjAwMC9zdmciPjwvc3ZnPg==\" style=\"--smush-placeholder-width: 512px; --smush-placeholder-aspect-ratio: 512\/512;\" \/>\t\t\t\t\t\t\n\t\t\t\t\t<\/div>\n\t\t\t\t\t\t\t\t\n<style>\n#image_1353493001 {\n  width: 42%;\n}\n<\/style>\n\t<\/div>\n\t\n\n<h2>Boissons froides<\/h2>\n<p data-line-height=\"xs\">Slush : 3.00$ &#8211; 4.00$<\/p>\n<p data-line-height=\"xs\">Gatorade : 3.50$<\/p>\n<p data-line-height=\"xs\">Boisson gazeuse : 2.00$<\/p>\n<p data-line-height=\"xs\">Eau p\u00e9tillante : 2.50$<\/p>\n<p data-line-height=\"xs\">Petit Jus : 1.50$<\/p>\n<p data-line-height=\"xs\">Eau en bouteille : 1.50$<\/p>\n\n\t\t<\/div>\n\t\t\t\t\t<\/div>\n\n\t\n\n\t<div id=\"col-1505519272\" class=\"col medium-3 small-12 large-3\"  >\n\t\t\t\t<div class=\"col-inner text-center\"  >\n\t\t\t\n\t\t\t\n\n\t<div class=\"img has-hover x md-x lg-x y md-y lg-y\" id=\"image_1057457467\">\n\t\t\t\t\t\t\t\t<div class=\"img-inner dark\" >\n\t\t\t<img decoding=\"async\" width=\"225\" height=\"225\" data-src=\"https:\/\/www.eco-odyssee.ca\/wp-content\/uploads\/2022\/01\/images-1.png\" class=\"attachment-large size-large lazyload\" alt=\"image Tasse a caf\u00e9\" data-srcset=\"https:\/\/www.eco-odyssee.ca\/wp-content\/uploads\/2022\/01\/images-1.png 225w, https:\/\/www.eco-odyssee.ca\/wp-content\/uploads\/2022\/01\/images-1-150x150.png 150w\" data-sizes=\"(max-width: 225px) 100vw, 225px\" src=\"data:image\/svg+xml;base64,PHN2ZyB3aWR0aD0iMSIgaGVpZ2h0PSIxIiB4bWxucz0iaHR0cDovL3d3dy53My5vcmcvMjAwMC9zdmciPjwvc3ZnPg==\" style=\"--smush-placeholder-width: 225px; --smush-placeholder-aspect-ratio: 225\/225;\" \/>\t\t\t\t\t\t\n\t\t\t\t\t<\/div>\n\t\t\t\t\t\t\t\t\n<style>\n#image_1057457467 {\n  width: 42%;\n}\n<\/style>\n\t<\/div>\n\t\n\n<h2>Boissons chaudes<\/h2>\n<p data-line-height=\"xs\">Caf\u00e9 : 3.00$<\/p>\n<p data-line-height=\"xs\">Chocolat chaud : 3.50$<\/p>\n<p data-line-height=\"xs\">Mocha : 4.00$<\/p>\n<p data-line-height=\"xs\">Th\u00e9 : 3.00$<\/p>\n\n\t\t<\/div>\n\t\t\t\t\t<\/div>\n\n\t\n\n\t<div id=\"col-45242568\" class=\"col medium-3 small-12 large-3\"  >\n\t\t\t\t<div class=\"col-inner text-center\"  >\n\t\t\t\n\t\t\t\n\n\t<div class=\"img has-hover x md-x lg-x y md-y lg-y\" id=\"image_703074013\">\n\t\t\t\t\t\t\t\t<div class=\"img-inner dark\" >\n\t\t\t<img decoding=\"async\" width=\"512\" height=\"512\" data-src=\"https:\/\/www.eco-odyssee.ca\/wp-content\/uploads\/2021\/06\/ice-cream.png\" class=\"attachment-large size-large lazyload\" alt=\"cr\u00e8me glac\u00e9e\" data-srcset=\"https:\/\/www.eco-odyssee.ca\/wp-content\/uploads\/2021\/06\/ice-cream.png 512w, https:\/\/www.eco-odyssee.ca\/wp-content\/uploads\/2021\/06\/ice-cream-500x500.png 500w, https:\/\/www.eco-odyssee.ca\/wp-content\/uploads\/2021\/06\/ice-cream-150x150.png 150w, https:\/\/www.eco-odyssee.ca\/wp-content\/uploads\/2021\/06\/ice-cream-300x300.png 300w, https:\/\/www.eco-odyssee.ca\/wp-content\/uploads\/2021\/06\/ice-cream-100x100.png 100w\" data-sizes=\"(max-width: 512px) 100vw, 512px\" src=\"data:image\/svg+xml;base64,PHN2ZyB3aWR0aD0iMSIgaGVpZ2h0PSIxIiB4bWxucz0iaHR0cDovL3d3dy53My5vcmcvMjAwMC9zdmciPjwvc3ZnPg==\" style=\"--smush-placeholder-width: 512px; --smush-placeholder-aspect-ratio: 512\/512;\" \/>\t\t\t\t\t\t\n\t\t\t\t\t<\/div>\n\t\t\t\t\t\t\t\t\n<style>\n#image_703074013 {\n  width: 43%;\n}\n<\/style>\n\t<\/div>\n\t\n\n\t<div id=\"text-2664035362\" class=\"text\">\n\t\t\n\n<h2 style=\"text-align: center\">Cr\u00e8me glac\u00e9e<\/h2>\n<p style=\"text-align: center\" data-line-height=\"xs\">Drumstick : 4.50$<\/p>\n<p style=\"text-align: center\" data-line-height=\"xs\">Oreo \/ Super Sandwich :4.00$<\/p>\n<p style=\"text-align: center\" data-line-height=\"xs\">Popsicle \/ Sandwich cr\u00e8me glac\u00e9e : 2.50$<\/p>\n<p style=\"text-align: center\" data-line-height=\"xs\">Mr. Freeze : 2.00$<\/p>\n\t\t\n<style>\n#text-2664035362 {\n  line-height: 1.95;\n  text-align: center;\n}\n<\/style>\n\t<\/div>\n\t\n\n\t\t<\/div>\n\t\t\t\t\t<\/div>\n\n\t\n\n<\/div>\n\n","protected":false},"excerpt":{"rendered":"","protected":false},"author":5710,"featured_media":0,"parent":0,"menu_order":0,"comment_status":"closed","ping_status":"closed","template":"page-blank.php","meta":{"_monsterinsights_skip_tracking":false,"_monsterinsights_sitenote_active":false,"_monsterinsights_sitenote_note":"","_monsterinsights_sitenote_category":0,"footnotes":""},"class_list":["post-755170","page","type-page","status-publish","hentry"],"yoast_head":"<!-- This site is optimized with the Yoast SEO plugin v27.1.1 - https:\/\/yoast.com\/product\/yoast-seo-wordpress\/ -->\n<title>The Snack Shack - \u00c9co-Odyss\u00e9e<\/title>\n<meta name=\"description\" content=\"The snack shack allows you to take a break with our delicious pizzas as well as our snacks and drinks for a perfect day.\" \/>\n<meta name=\"robots\" content=\"index, follow, max-snippet:-1, max-image-preview:large, max-video-preview:-1\" \/>\n<link rel=\"canonical\" href=\"https:\/\/www.eco-odyssee.ca\/en\/the-snack-shack\/\" \/>\n<meta property=\"og:locale\" content=\"en_US\" \/>\n<meta property=\"og:type\" content=\"article\" \/>\n<meta property=\"og:title\" content=\"The Snack Shack - \u00c9co-Odyss\u00e9e\" \/>\n<meta property=\"og:description\" content=\"The snack shack allows you to take a break with our delicious pizzas as well as our snacks and drinks for a perfect day.\" \/>\n<meta property=\"og:url\" content=\"https:\/\/www.eco-odyssee.ca\/en\/the-snack-shack\/\" \/>\n<meta property=\"og:site_name\" content=\"\u00c9co-Odyss\u00e9e\" \/>\n<meta property=\"article:modified_time\" content=\"2025-09-01T21:00:58+00:00\" \/>\n<meta name=\"twitter:card\" content=\"summary_large_image\" \/>\n<meta name=\"twitter:label1\" content=\"Est. reading time\" \/>\n\t<meta name=\"twitter:data1\" content=\"2 minutes\" \/>\n<!-- \/ Yoast SEO plugin. -->","yoast_head_json":{"title":"The Snack Shack - \u00c9co-Odyss\u00e9e","description":"The snack shack allows you to take a break with our delicious pizzas as well as our snacks and drinks for a perfect day.","robots":{"index":"index","follow":"follow","max-snippet":"max-snippet:-1","max-image-preview":"max-image-preview:large","max-video-preview":"max-video-preview:-1"},"canonical":"https:\/\/www.eco-odyssee.ca\/en\/the-snack-shack\/","og_locale":"en_US","og_type":"article","og_title":"The Snack Shack - \u00c9co-Odyss\u00e9e","og_description":"The snack shack allows you to take a break with our delicious pizzas as well as our snacks and drinks for a perfect day.","og_url":"https:\/\/www.eco-odyssee.ca\/en\/the-snack-shack\/","og_site_name":"\u00c9co-Odyss\u00e9e","article_modified_time":"2025-09-01T21:00:58+00:00","twitter_card":"summary_large_image","twitter_misc":{"Est. reading time":"2 minutes"},"schema":{"@context":"https:\/\/schema.org","@graph":[{"@type":"WebPage","@id":"https:\/\/www.eco-odyssee.ca\/en\/the-snack-shack\/","url":"https:\/\/www.eco-odyssee.ca\/en\/the-snack-shack\/","name":"The Snack Shack - \u00c9co-Odyss\u00e9e","isPartOf":{"@id":"https:\/\/www.eco-odyssee.ca\/en\/#website"},"datePublished":"2021-06-21T18:40:19+00:00","dateModified":"2025-09-01T21:00:58+00:00","description":"The snack shack allows you to take a break with our delicious pizzas as well as our snacks and drinks for a perfect day.","breadcrumb":{"@id":"https:\/\/www.eco-odyssee.ca\/en\/the-snack-shack\/#breadcrumb"},"inLanguage":"en-US","potentialAction":[{"@type":"ReadAction","target":["https:\/\/www.eco-odyssee.ca\/en\/the-snack-shack\/"]}]},{"@type":"BreadcrumbList","@id":"https:\/\/www.eco-odyssee.ca\/en\/the-snack-shack\/#breadcrumb","itemListElement":[{"@type":"ListItem","position":1,"name":"Accueil","item":"https:\/\/www.eco-odyssee.ca\/en\/"},{"@type":"ListItem","position":2,"name":"The Snack Shack"}]},{"@type":"WebSite","@id":"https:\/\/www.eco-odyssee.ca\/en\/#website","url":"https:\/\/www.eco-odyssee.ca\/en\/","name":"\u00c9co-Odyss\u00e9e","description":"Experience nature","publisher":{"@id":"https:\/\/www.eco-odyssee.ca\/en\/#organization"},"potentialAction":[{"@type":"SearchAction","target":{"@type":"EntryPoint","urlTemplate":"https:\/\/www.eco-odyssee.ca\/en\/?s={search_term_string}"},"query-input":{"@type":"PropertyValueSpecification","valueRequired":true,"valueName":"search_term_string"}}],"inLanguage":"en-US"},{"@type":"Organization","@id":"https:\/\/www.eco-odyssee.ca\/en\/#organization","name":"Parc Nature \u00c9co-Odyss\u00e9e","url":"https:\/\/www.eco-odyssee.ca\/en\/","logo":{"@type":"ImageObject","inLanguage":"en-US","@id":"https:\/\/www.eco-odyssee.ca\/en\/#\/schema\/logo\/image\/","url":"https:\/\/www.eco-odyssee.ca\/wp-content\/uploads\/2021\/06\/Eco-Odyssee-medias-sociaux-carrC-01.jpg","contentUrl":"https:\/\/www.eco-odyssee.ca\/wp-content\/uploads\/2021\/06\/Eco-Odyssee-medias-sociaux-carrC-01.jpg","width":1500,"height":1500,"caption":"Parc Nature \u00c9co-Odyss\u00e9e"},"image":{"@id":"https:\/\/www.eco-odyssee.ca\/en\/#\/schema\/logo\/image\/"}}]}},"_links":{"self":[{"href":"https:\/\/www.eco-odyssee.ca\/en\/wp-json\/wp\/v2\/pages\/755170","targetHints":{"allow":["GET"]}}],"collection":[{"href":"https:\/\/www.eco-odyssee.ca\/en\/wp-json\/wp\/v2\/pages"}],"about":[{"href":"https:\/\/www.eco-odyssee.ca\/en\/wp-json\/wp\/v2\/types\/page"}],"author":[{"embeddable":true,"href":"https:\/\/www.eco-odyssee.ca\/en\/wp-json\/wp\/v2\/users\/5710"}],"replies":[{"embeddable":true,"href":"https:\/\/www.eco-odyssee.ca\/en\/wp-json\/wp\/v2\/comments?post=755170"}],"version-history":[{"count":33,"href":"https:\/\/www.eco-odyssee.ca\/en\/wp-json\/wp\/v2\/pages\/755170\/revisions"}],"predecessor-version":[{"id":765500,"href":"https:\/\/www.eco-odyssee.ca\/en\/wp-json\/wp\/v2\/pages\/755170\/revisions\/765500"}],"wp:attachment":[{"href":"https:\/\/www.eco-odyssee.ca\/en\/wp-json\/wp\/v2\/media?parent=755170"}],"curies":[{"name":"wp","href":"https:\/\/api.w.org\/{rel}","templated":true}]}}