{"id":754629,"date":"2021-04-14T22:50:07","date_gmt":"2021-04-15T02:50:07","guid":{"rendered":"https:\/\/www.eco-odyssee.ca\/adventures\/the-perseids\/"},"modified":"2026-04-15T16:07:04","modified_gmt":"2026-04-15T20:07:04","slug":"the-perseids","status":"publish","type":"page","link":"https:\/\/www.eco-odyssee.ca\/en\/adventures\/the-perseids\/","title":{"rendered":"The Perseids"},"content":{"rendered":"\n<div class=\"container section-title-container\" style=\"margin-top:10px;margin-bottom:7px;\"><h2 class=\"section-title section-title-center\"><b aria-hidden=\"true\"><\/b><span class=\"section-title-main\" >Night Adventure<\/span><b aria-hidden=\"true\"><\/b><\/h2><\/div>\n\n<div class=\"row\"  id=\"row-1726049469\">\n\n\n\t<div id=\"col-874776312\" class=\"col small-12 large-12\"  >\n\t\t\t\t<div class=\"col-inner text-center\"  >\n\t\t\t\n\t\t\t\n\n<a class=\"button alert is-large box-shadow-4\" style=\"border-radius:99px;padding:0px 20px 0px 20px;\">\n\t\t<span>Back in 2026!<\/span>\n\t<\/a>\n\n\n\n\t\t<\/div>\n\t\t\t\t\t<\/div>\n\n\t\n\n<\/div>\n<div class=\"row\"  id=\"row-730552361\">\n\n\n\t<div id=\"col-1684976093\" class=\"col small-12 large-12\"  >\n\t\t\t\t<div class=\"col-inner\"  >\n\t\t\t\n\t\t\t\n\n<div class=\"row\"  id=\"row-736898002\">\n\n\n\t<div id=\"col-1019243234\" class=\"col medium-6 small-12 large-6\"  >\n\t\t\t\t<div class=\"col-inner\"  >\n\t\t\t\n\t\t\t\n\n<h2 style=\"text-align: center\"><strong>The Perseids<\/strong><\/h2>\n<p style=\"text-align: center\"><span style=\"text-decoration: underline\"><strong>In a pedal boat, canoe, paddle board or kayak<\/strong><\/span><\/p>\n<p><strong>Description<\/strong> : This is your chance to come and observe the shooting stars in the heart of the marsh, from a boat. This excursion consists of following simple indicators along the maze in order to contemplate all the facets of the labyrinth. On board the boat of your choice, you will use the adventure map that will be given to you and follow wooden figurines that will guide you through the labyrinth.<\/p>\n<p><strong>*Flashlights mandatory*\u00a0<\/strong>Possibility to buy or rent some at the reception<br \/><u>Long sleeve clothing<\/u>\u00a0and\u00a0<u>insect repellent<\/u>\u00a0strongly recommended<\/p>\n<p>Difficulty level :\u00a0<strong>Easy<\/strong><\/p>\n<p>Target audience :\u00a0<strong>Everyone, Couples<\/strong><\/p>\n<p>Material included :\u00a0<strong>Adventure map<\/strong><\/p>\n<p>Duration of the adventure :\u00a0<strong>2 hours<\/strong><\/p>\n<h3 style=\"text-align: center\">Important Information<\/h3>\n<ul>\n<li><strong><a href=\"https:\/\/www.eco-odyssee.ca\/en\/about\/rules-and-policies\/\">Rules and policies<\/a><\/strong><\/li>\n<li><strong><a href=\"https:\/\/www.eco-odyssee.ca\/en\/faq\/\">FAQ<\/a><\/strong><\/li>\n<li><strong><a href=\"https:\/\/www.eco-odyssee.ca\/en\/prepare-your-visit\/\">Plan Your Visit<\/a><\/strong><\/li>\n<li><strong><a href=\"https:\/\/www.eco-odyssee.ca\/en\/summer-schedule\/\">Opening Hours<\/a><\/strong><\/li>\n<li><strong><a href=\"https:\/\/www.eco-odyssee.ca\/en\/summer-rates\/\">Rates<\/a><\/strong><\/li>\n<li><strong><a href=\"https:\/\/www.eco-odyssee.ca\/en\/about\/services\/\">Other Services<\/a><\/strong><\/li>\n<li><strong><a href=\"https:\/\/www.eco-odyssee.ca\/en\/the-snack-shack\/\">Snack Bar<\/a><\/strong><\/li>\n<li><strong><a href=\"https:\/\/lebellevue.ca\/wakefield-modern-lodge\/\">Accommodation<\/a><\/strong><\/li>\n<\/ul>\n\t<div class=\"img has-hover x md-x lg-x y md-y lg-y\" id=\"image_1837496561\">\n\t\t\t\t\t\t\t\t<div class=\"img-inner dark\" >\n\t\t\t<img decoding=\"async\" width=\"2048\" height=\"1152\" data-src=\"https:\/\/www.eco-odyssee.ca\/wp-content\/uploads\/2022\/08\/PERSEIDES.jpg\" class=\"attachment-original size-original lazyload\" alt=\"Pers\u00e9ides au Parc Nature \u00c9co-Odyss\u00e9e\" data-srcset=\"https:\/\/www.eco-odyssee.ca\/wp-content\/uploads\/2022\/08\/PERSEIDES.jpg 2048w, https:\/\/www.eco-odyssee.ca\/wp-content\/uploads\/2022\/08\/PERSEIDES-500x281.jpg 500w, https:\/\/www.eco-odyssee.ca\/wp-content\/uploads\/2022\/08\/PERSEIDES-1280x720.jpg 1280w, https:\/\/www.eco-odyssee.ca\/wp-content\/uploads\/2022\/08\/PERSEIDES-768x432.jpg 768w, https:\/\/www.eco-odyssee.ca\/wp-content\/uploads\/2022\/08\/PERSEIDES-1536x864.jpg 1536w\" data-sizes=\"(max-width: 2048px) 100vw, 2048px\" src=\"data:image\/svg+xml;base64,PHN2ZyB3aWR0aD0iMSIgaGVpZ2h0PSIxIiB4bWxucz0iaHR0cDovL3d3dy53My5vcmcvMjAwMC9zdmciPjwvc3ZnPg==\" style=\"--smush-placeholder-width: 2048px; --smush-placeholder-aspect-ratio: 2048\/1152;\" \/>\t\t\t\t\t\t\n\t\t\t\t\t<\/div>\n\t\t\t\t\t\t\t\t\n<style>\n#image_1837496561 {\n  width: 100%;\n}\n<\/style>\n\t<\/div>\n\t\n\n\n\t\t<\/div>\n\t\t\t\t\t<\/div>\n\n\t\n\n\t<div id=\"col-370061342\" class=\"col medium-6 small-12 large-6\"  >\n\t\t\t\t<div class=\"col-inner\"  >\n\t\t\t\n\t\t\t\n\n\t<div class=\"img has-hover x md-x lg-x y md-y lg-y\" id=\"image_1950920864\">\n\t\t\t\t\t\t\t\t<div class=\"img-inner image-cover dark\" style=\"padding-top:75%;\">\n\t\t\t<img decoding=\"async\" width=\"640\" height=\"425\" data-src=\"https:\/\/www.eco-odyssee.ca\/wp-content\/uploads\/2021\/04\/gaf99c6213a241787613ad3aec1756455b48215ebbf98748d355f3830e988901cf91dec5ff7ec1b6007402c367f0c19d6_640.jpg\" class=\"attachment-original size-original lazyload\" alt=\"pers\u00e9ides\" data-srcset=\"https:\/\/www.eco-odyssee.ca\/wp-content\/uploads\/2021\/04\/gaf99c6213a241787613ad3aec1756455b48215ebbf98748d355f3830e988901cf91dec5ff7ec1b6007402c367f0c19d6_640.jpg 640w, https:\/\/www.eco-odyssee.ca\/wp-content\/uploads\/2021\/04\/gaf99c6213a241787613ad3aec1756455b48215ebbf98748d355f3830e988901cf91dec5ff7ec1b6007402c367f0c19d6_640-500x332.jpg 500w, https:\/\/www.eco-odyssee.ca\/wp-content\/uploads\/2021\/04\/gaf99c6213a241787613ad3aec1756455b48215ebbf98748d355f3830e988901cf91dec5ff7ec1b6007402c367f0c19d6_640-600x398.jpg 600w\" data-sizes=\"(max-width: 640px) 100vw, 640px\" src=\"data:image\/svg+xml;base64,PHN2ZyB3aWR0aD0iMSIgaGVpZ2h0PSIxIiB4bWxucz0iaHR0cDovL3d3dy53My5vcmcvMjAwMC9zdmciPjwvc3ZnPg==\" style=\"--smush-placeholder-width: 640px; --smush-placeholder-aspect-ratio: 640\/425;\" \/>\t\t\t\t\t\t\n\t\t\t\t\t<\/div>\n\t\t\t\t\t\t\t\t\n<style>\n#image_1950920864 {\n  width: 100%;\n}\n<\/style>\n\t<\/div>\n\t\n\n<h3 style=\"text-align: center\">Boats<\/h3>\n<p id=\"tw-target-text\" class=\"tw-data-text tw-text-large XcVN5d tw-ta\" dir=\"ltr\" data-placeholder=\"Traduction\"><span class=\"Y2IQFc\" lang=\"en\"><b>Pedal Boat<\/b>: A pedal boat can accommodate a <strong>maximum of 2 adults and 2 children under 4 feet.<\/strong> However, a third child under 2 years old can be added. The pedal boat cannot accommodate more than 2 adults. Children 14 and under must be accompanied by an adult. Ideal boat for families with young children. Maximum total weight allowed in a pedal boat: 600 lbs.<\/span><\/p>\n<p id=\"tw-target-text\" class=\"tw-data-text tw-text-large XcVN5d tw-ta\" dir=\"ltr\" data-placeholder=\"Traduction\"><span class=\"Y2IQFc\" lang=\"en\"><strong>2-person canoe\u00a0<\/strong>: The 2-person canoe can accommodate a\u00a0<strong>maximum of 2 people<\/strong>. A child 14 and under must be accompanied by an adult. Not recommended for individuals with poor balance. Maximum total weight allowed in a 2-person canoe: 400 lbs.<\/span><\/p>\n<p id=\"tw-target-text\" class=\"tw-data-text tw-text-large XcVN5d tw-ta\" dir=\"ltr\" data-placeholder=\"Traduction\"><span class=\"Y2IQFc\" lang=\"en\"><strong>3-person canoe\u00a0<\/strong>: The 3-person canoe can accommodate a\u00a0<strong>maximum of 3 people<\/strong>. A child 14 and under must be accompanied by an adult. Not recommended for individuals with poor balance. Maximum total weight allowed in a 3-person canoe: 400 lbs or 2 adults and 1 kid.\u00a0<\/span><\/p>\n<p dir=\"ltr\" data-placeholder=\"Traduction\"><strong>Stand Up Paddle board\u00a0<\/strong>: The Stand Up Paddle board is an individual boat. It is highly recommended to have paddleboarding experience before choosing this boat : remember that you are in a marsh and there is a chance that you will fall. Boat that requires a lot of balance. 14 years and over.<\/p>\n<p dir=\"ltr\" data-placeholder=\"Traduction\"><strong>Kayak <\/strong>: The kayak is an individual boat. It is strongly recommended to have a little kayaking experience before choosing this craft: remember that you are in a swamp and there is a chance that you will fall into it. Ages 14 and up. <span class=\"Y2IQFc\" lang=\"en\">Maximum total weight allowed in a kayak : 300 lbs.<\/span><\/p>\n\n\t\t<\/div>\n\t\t\t\t\n<style>\n#col-370061342 > .col-inner {\n  padding: 0px 0px 0px 0px;\n  margin: 0px 0px 0px 0px;\n}\n<\/style>\n\t<\/div>\n\n\t\n\n<\/div>\n<div class=\"text-center\"><div class=\"is-divider divider clearfix\" style=\"max-width:240px;background-color:rgb(169, 169, 169);\"><\/div><\/div>\n\n  <div class=\"banner-grid-wrapper\">\n  <div id=\"banner-grid-1149664740\" class=\"banner-grid row row-grid row-xsmall\" data-packery-options=\"\">\n                      \n\n<div class=\"col grid-col small-13 large-6 grid-col-1\" ><div class=\"col-inner\">\n\n\t<div class=\"img has-hover x md-x lg-x y md-y lg-y\" id=\"image_164381712\">\n\t\t\t\t\t\t\t\t<div class=\"img-inner image-cover dark\" style=\"padding-top:0px;\">\n\t\t\t<img decoding=\"async\" width=\"640\" height=\"425\" data-src=\"https:\/\/www.eco-odyssee.ca\/wp-content\/uploads\/2021\/04\/gaf99c6213a241787613ad3aec1756455b48215ebbf98748d355f3830e988901cf91dec5ff7ec1b6007402c367f0c19d6_640.jpg\" class=\"attachment-original size-original lazyload\" alt=\"pers\u00e9ides\" data-srcset=\"https:\/\/www.eco-odyssee.ca\/wp-content\/uploads\/2021\/04\/gaf99c6213a241787613ad3aec1756455b48215ebbf98748d355f3830e988901cf91dec5ff7ec1b6007402c367f0c19d6_640.jpg 640w, https:\/\/www.eco-odyssee.ca\/wp-content\/uploads\/2021\/04\/gaf99c6213a241787613ad3aec1756455b48215ebbf98748d355f3830e988901cf91dec5ff7ec1b6007402c367f0c19d6_640-500x332.jpg 500w, https:\/\/www.eco-odyssee.ca\/wp-content\/uploads\/2021\/04\/gaf99c6213a241787613ad3aec1756455b48215ebbf98748d355f3830e988901cf91dec5ff7ec1b6007402c367f0c19d6_640-600x398.jpg 600w\" data-sizes=\"(max-width: 640px) 100vw, 640px\" src=\"data:image\/svg+xml;base64,PHN2ZyB3aWR0aD0iMSIgaGVpZ2h0PSIxIiB4bWxucz0iaHR0cDovL3d3dy53My5vcmcvMjAwMC9zdmciPjwvc3ZnPg==\" style=\"--smush-placeholder-width: 640px; --smush-placeholder-aspect-ratio: 640\/425;\" \/>\t\t\t\t\t\t\n\t\t\t\t\t<\/div>\n\t\t\t\t\t\t\t\t\n<style>\n#image_164381712 {\n  width: 100%;\n}\n<\/style>\n\t<\/div>\n\t\n\n\n<\/div><\/div>\n<div class=\"col grid-col small-13 large-6 grid-col-1\" ><div class=\"col-inner\">\n\n\t<div class=\"img has-hover x md-x lg-x y md-y lg-y\" id=\"image_1181853879\">\n\t\t\t\t\t\t\t\t<div class=\"img-inner image-cover dark\" style=\"padding-top:0px;\">\n\t\t\t<img decoding=\"async\" width=\"1536\" height=\"2048\" data-src=\"https:\/\/www.eco-odyssee.ca\/wp-content\/uploads\/2021\/03\/Aventure-Pleine-Lune-SUP-Parc-Nature-Eco-Odyssee-002-scaled.jpg\" class=\"attachment-original size-original lazyload\" alt=\"Pleine lune en surf \u00e0 pagaie\" data-srcset=\"https:\/\/www.eco-odyssee.ca\/wp-content\/uploads\/2021\/03\/Aventure-Pleine-Lune-SUP-Parc-Nature-Eco-Odyssee-002-scaled.jpg 1536w, https:\/\/www.eco-odyssee.ca\/wp-content\/uploads\/2021\/03\/Aventure-Pleine-Lune-SUP-Parc-Nature-Eco-Odyssee-002-375x500.jpg 375w, https:\/\/www.eco-odyssee.ca\/wp-content\/uploads\/2021\/03\/Aventure-Pleine-Lune-SUP-Parc-Nature-Eco-Odyssee-002-960x1280.jpg 960w, https:\/\/www.eco-odyssee.ca\/wp-content\/uploads\/2021\/03\/Aventure-Pleine-Lune-SUP-Parc-Nature-Eco-Odyssee-002-768x1024.jpg 768w, https:\/\/www.eco-odyssee.ca\/wp-content\/uploads\/2021\/03\/Aventure-Pleine-Lune-SUP-Parc-Nature-Eco-Odyssee-002-1152x1536.jpg 1152w, https:\/\/www.eco-odyssee.ca\/wp-content\/uploads\/2021\/03\/Aventure-Pleine-Lune-SUP-Parc-Nature-Eco-Odyssee-002-600x800.jpg 600w\" data-sizes=\"(max-width: 1536px) 100vw, 1536px\" src=\"data:image\/svg+xml;base64,PHN2ZyB3aWR0aD0iMSIgaGVpZ2h0PSIxIiB4bWxucz0iaHR0cDovL3d3dy53My5vcmcvMjAwMC9zdmciPjwvc3ZnPg==\" style=\"--smush-placeholder-width: 1536px; --smush-placeholder-aspect-ratio: 1536\/2048;\" \/>\t\t\t\t\t\t\n\t\t\t\t\t<\/div>\n\t\t\t\t\t\t\t\t\n<style>\n#image_1181853879 {\n  width: 100%;\n}\n<\/style>\n\t<\/div>\n\t\n\n\n<\/div><\/div>\n<div class=\"col grid-col small-14 large-6 grid-col-3-4\" ><div class=\"col-inner\">\n\n\t<div class=\"img has-hover x md-x lg-x y md-y lg-y\" id=\"image_420297629\">\n\t\t\t\t\t\t\t\t<div class=\"img-inner dark\" >\n\t\t\t<img decoding=\"async\" width=\"2048\" height=\"1152\" data-src=\"https:\/\/www.eco-odyssee.ca\/wp-content\/uploads\/2022\/08\/PERSEIDES.jpg\" class=\"attachment-original size-original lazyload\" alt=\"Pers\u00e9ides au Parc Nature \u00c9co-Odyss\u00e9e\" data-srcset=\"https:\/\/www.eco-odyssee.ca\/wp-content\/uploads\/2022\/08\/PERSEIDES.jpg 2048w, https:\/\/www.eco-odyssee.ca\/wp-content\/uploads\/2022\/08\/PERSEIDES-500x281.jpg 500w, https:\/\/www.eco-odyssee.ca\/wp-content\/uploads\/2022\/08\/PERSEIDES-1280x720.jpg 1280w, https:\/\/www.eco-odyssee.ca\/wp-content\/uploads\/2022\/08\/PERSEIDES-768x432.jpg 768w, https:\/\/www.eco-odyssee.ca\/wp-content\/uploads\/2022\/08\/PERSEIDES-1536x864.jpg 1536w\" data-sizes=\"(max-width: 2048px) 100vw, 2048px\" src=\"data:image\/svg+xml;base64,PHN2ZyB3aWR0aD0iMSIgaGVpZ2h0PSIxIiB4bWxucz0iaHR0cDovL3d3dy53My5vcmcvMjAwMC9zdmciPjwvc3ZnPg==\" style=\"--smush-placeholder-width: 2048px; --smush-placeholder-aspect-ratio: 2048\/1152;\" \/>\t\t\t\t\t\t\n\t\t\t\t\t<\/div>\n\t\t\t\t\t\t\t\t\n<style>\n#image_420297629 {\n  width: 100%;\n}\n<\/style>\n\t<\/div>\n\t\n\n\n<\/div><\/div>\n<div class=\"col grid-col small-13 large-6 grid-col-3-4\" ><div class=\"col-inner\">\n\n\t<div class=\"img has-hover x md-x lg-x y md-y lg-y\" id=\"image_2087321252\">\n\t\t\t\t\t\t\t\t<div class=\"img-inner dark\" >\n\t\t\t<img decoding=\"async\" width=\"2048\" height=\"1365\" data-src=\"https:\/\/www.eco-odyssee.ca\/wp-content\/uploads\/2021\/03\/emma-smith-CRuI4zn5re8-unsplash-scaled.jpg\" class=\"attachment-original size-original lazyload\" alt=\"Les p\" data-srcset=\"https:\/\/www.eco-odyssee.ca\/wp-content\/uploads\/2021\/03\/emma-smith-CRuI4zn5re8-unsplash-scaled.jpg 2048w, https:\/\/www.eco-odyssee.ca\/wp-content\/uploads\/2021\/03\/emma-smith-CRuI4zn5re8-unsplash-500x333.jpg 500w, https:\/\/www.eco-odyssee.ca\/wp-content\/uploads\/2021\/03\/emma-smith-CRuI4zn5re8-unsplash-1280x853.jpg 1280w, https:\/\/www.eco-odyssee.ca\/wp-content\/uploads\/2021\/03\/emma-smith-CRuI4zn5re8-unsplash-768x512.jpg 768w, https:\/\/www.eco-odyssee.ca\/wp-content\/uploads\/2021\/03\/emma-smith-CRuI4zn5re8-unsplash-1536x1024.jpg 1536w, https:\/\/www.eco-odyssee.ca\/wp-content\/uploads\/2021\/03\/emma-smith-CRuI4zn5re8-unsplash-600x400.jpg 600w\" data-sizes=\"(max-width: 2048px) 100vw, 2048px\" src=\"data:image\/svg+xml;base64,PHN2ZyB3aWR0aD0iMSIgaGVpZ2h0PSIxIiB4bWxucz0iaHR0cDovL3d3dy53My5vcmcvMjAwMC9zdmciPjwvc3ZnPg==\" style=\"--smush-placeholder-width: 2048px; --smush-placeholder-aspect-ratio: 2048\/1365;\" \/>\t\t\t\t\t\t\n\t\t\t\t\t<\/div>\n\t\t\t\t\t\t\t\t\n<style>\n#image_2087321252 {\n  width: 100%;\n}\n<\/style>\n\t<\/div>\n\t\n\n\n<\/div><\/div>\n\n            <\/div>\n    <style>\n    #banner-grid-1149664740 .grid-col-1{height: 600px}\n    #banner-grid-1149664740 .grid-col-1-2{height: 300px}\n    #banner-grid-1149664740 .grid-col-1-3{height:200px}\n    #banner-grid-1149664740 .grid-col-2-3{height: 400px}\n    #banner-grid-1149664740 .grid-col-1-4{height: 150px}\n    #banner-grid-1149664740 .grid-col-3-4{height: 450px}\n\n\n    \n        \/* Mobile *\/\n    @media (max-width: 550px){\n      #banner-grid-1149664740 .grid-col-1{height: 223px}\n      #banner-grid-1149664740 .grid-col-1-2{height: 111.5px}\n      #banner-grid-1149664740 .grid-col-1-3{height:74.333333333333px}\n      #banner-grid-1149664740 .grid-col-2-3{height: 148.66666666667px}\n      #banner-grid-1149664740 .grid-col-1-4{height: 55.75px}\n      #banner-grid-1149664740 .grid-col-3-4{height: 167.25px}\n    }\n    \n\n  <\/style>\n    <\/div>\n  \n\n\t\t<\/div>\n\t\t\t\t\n<style>\n#col-1684976093 > .col-inner {\n  padding: 0px 0px 0px 4px;\n}\n<\/style>\n\t<\/div>\n\n\t\n\n\n<style>\n#row-730552361 > .col > .col-inner {\n  padding: 15px 0px 0px 0px;\n}\n<\/style>\n<\/div>\n\n  <div class=\"banner has-hover is-full-height\" id=\"banner-357464364\">\n          <div class=\"banner-inner fill\">\n        <div class=\"banner-bg fill\" >\n            <img decoding=\"async\" width=\"2048\" height=\"1365\" data-src=\"https:\/\/www.eco-odyssee.ca\/wp-content\/uploads\/2021\/03\/emma-smith-CRuI4zn5re8-unsplash-scaled.jpg\" class=\"bg attachment-original size-original lazyload\" alt=\"Les p\" src=\"data:image\/svg+xml;base64,PHN2ZyB3aWR0aD0iMSIgaGVpZ2h0PSIxIiB4bWxucz0iaHR0cDovL3d3dy53My5vcmcvMjAwMC9zdmciPjwvc3ZnPg==\" style=\"--smush-placeholder-width: 2048px; --smush-placeholder-aspect-ratio: 2048\/1365;\" \/>                        <div class=\"overlay\"><\/div>            \n                    <\/div>\n\t\t\n        <div class=\"banner-layers container\">\n            <div class=\"fill banner-link\"><\/div>            \n\n   <div id=\"text-box-105866089\" class=\"text-box banner-layer x50 md-x50 lg-x50 y50 md-y50 lg-y50 res-text\">\n                                <div class=\"text-box-content text dark\">\n              \n              <div class=\"text-inner text-center\">\n                  \n\n<h2 style=\"text-align: center\">The Perseids<\/h2>\n<p>A first-class location to watch the shower of stars<\/p>\n<a href=\"https:\/\/ecom.roller.app\/parcnatureecoodyssee\/ticketofficesummer\/en\/home\" target=\"_blank\" class=\"button white is-large box-shadow-4 expand\" rel=\"noopener\" style=\"border-radius:99px;padding:0px 0px 0px 0px;\">\n\t\t<span>BACK in 2026!<\/span>\n\t<i class=\"icon-angle-right\" aria-hidden=\"true\"><\/i><\/a>\n\n\n\n              <\/div>\n           <\/div>\n                            \n<style>\n#text-box-105866089 .text-inner {\n  padding: 60px 60px 60px 60px;\n}\n#text-box-105866089 {\n  width: 100%;\n}\n#text-box-105866089 .text-box-content {\n  font-size: 100%;\n}\n@media (min-width:550px) {\n  #text-box-105866089 {\n    width: 60%;\n  }\n}\n@media (min-width:850px) {\n  #text-box-105866089 {\n    width: 52%;\n  }\n}\n<\/style>\n    <\/div>\n \n\n        <\/div>\n      <\/div>\n\n            \n<style>\n#banner-357464364 {\n  padding-top: 260px;\n}\n#banner-357464364 .overlay {\n  background-color: rgba(0,0,0,.5);\n}\n#banner-357464364 .banner-bg img {\n  object-position: 49% 59%;\n}\n@media (min-width:550px) {\n  #banner-357464364 {\n    padding-top: 100%;\n  }\n}\n<\/style>\n  <\/div>\n\n\n\n","protected":false},"excerpt":{"rendered":"","protected":false},"author":5710,"featured_media":754479,"parent":334,"menu_order":0,"comment_status":"closed","ping_status":"closed","template":"page-blank.php","meta":{"_monsterinsights_skip_tracking":false,"_monsterinsights_sitenote_active":false,"_monsterinsights_sitenote_note":"","_monsterinsights_sitenote_category":0,"footnotes":""},"class_list":["post-754629","page","type-page","status-publish","has-post-thumbnail","hentry"],"yoast_head":"<!-- This site is optimized with the Yoast SEO plugin v27.1.1 - https:\/\/yoast.com\/product\/yoast-seo-wordpress\/ -->\n<title>Night Adventure - The Perseids - Eco Odyssey Nature Park<\/title>\n<meta name=\"description\" content=\"The Perseids allows you to observe the shooting stars in the heart of the marsh in a paddleboat or canoe. Booking required\" \/>\n<meta name=\"robots\" content=\"index, follow, max-snippet:-1, max-image-preview:large, max-video-preview:-1\" \/>\n<link rel=\"canonical\" href=\"https:\/\/www.eco-odyssee.ca\/en\/adventures\/the-perseids\/\" \/>\n<meta property=\"og:locale\" content=\"en_US\" \/>\n<meta property=\"og:type\" content=\"article\" \/>\n<meta property=\"og:title\" content=\"Night Adventure - The Perseids - Eco Odyssey Nature Park\" \/>\n<meta property=\"og:description\" content=\"The Perseids allows you to observe the shooting stars in the heart of the marsh in a paddleboat or canoe. Booking required\" \/>\n<meta property=\"og:url\" content=\"https:\/\/www.eco-odyssee.ca\/en\/adventures\/the-perseids\/\" \/>\n<meta property=\"og:site_name\" content=\"\u00c9co-Odyss\u00e9e\" \/>\n<meta property=\"article:modified_time\" content=\"2026-04-15T20:07:04+00:00\" \/>\n<meta property=\"og:image\" content=\"https:\/\/www.eco-odyssee.ca\/wp-content\/uploads\/2021\/03\/emma-smith-CRuI4zn5re8-unsplash-scaled.jpg\" \/>\n\t<meta property=\"og:image:width\" content=\"2048\" \/>\n\t<meta property=\"og:image:height\" content=\"1365\" \/>\n\t<meta property=\"og:image:type\" content=\"image\/jpeg\" \/>\n<meta name=\"twitter:card\" content=\"summary_large_image\" \/>\n<meta name=\"twitter:label1\" content=\"Est. reading time\" \/>\n\t<meta name=\"twitter:data1\" content=\"3 minutes\" \/>\n<!-- \/ Yoast SEO plugin. -->","yoast_head_json":{"title":"Night Adventure - The Perseids - Eco Odyssey Nature Park","description":"The Perseids allows you to observe the shooting stars in the heart of the marsh in a paddleboat or canoe. Booking required","robots":{"index":"index","follow":"follow","max-snippet":"max-snippet:-1","max-image-preview":"max-image-preview:large","max-video-preview":"max-video-preview:-1"},"canonical":"https:\/\/www.eco-odyssee.ca\/en\/adventures\/the-perseids\/","og_locale":"en_US","og_type":"article","og_title":"Night Adventure - The Perseids - Eco Odyssey Nature Park","og_description":"The Perseids allows you to observe the shooting stars in the heart of the marsh in a paddleboat or canoe. Booking required","og_url":"https:\/\/www.eco-odyssee.ca\/en\/adventures\/the-perseids\/","og_site_name":"\u00c9co-Odyss\u00e9e","article_modified_time":"2026-04-15T20:07:04+00:00","og_image":[{"width":2048,"height":1365,"url":"https:\/\/www.eco-odyssee.ca\/wp-content\/uploads\/2021\/03\/emma-smith-CRuI4zn5re8-unsplash-scaled.jpg","type":"image\/jpeg"}],"twitter_card":"summary_large_image","twitter_misc":{"Est. reading time":"3 minutes"},"schema":{"@context":"https:\/\/schema.org","@graph":[{"@type":"WebPage","@id":"https:\/\/www.eco-odyssee.ca\/en\/adventures\/the-perseids\/","url":"https:\/\/www.eco-odyssee.ca\/en\/adventures\/the-perseids\/","name":"Night Adventure - The Perseids - Eco Odyssey Nature Park","isPartOf":{"@id":"https:\/\/www.eco-odyssee.ca\/en\/#website"},"primaryImageOfPage":{"@id":"https:\/\/www.eco-odyssee.ca\/en\/adventures\/the-perseids\/#primaryimage"},"image":{"@id":"https:\/\/www.eco-odyssee.ca\/en\/adventures\/the-perseids\/#primaryimage"},"thumbnailUrl":"https:\/\/www.eco-odyssee.ca\/wp-content\/uploads\/2021\/03\/emma-smith-CRuI4zn5re8-unsplash-scaled.jpg","datePublished":"2021-04-15T02:50:07+00:00","dateModified":"2026-04-15T20:07:04+00:00","description":"The Perseids allows you to observe the shooting stars in the heart of the marsh in a paddleboat or canoe. Booking required","breadcrumb":{"@id":"https:\/\/www.eco-odyssee.ca\/en\/adventures\/the-perseids\/#breadcrumb"},"inLanguage":"en-US","potentialAction":[{"@type":"ReadAction","target":["https:\/\/www.eco-odyssee.ca\/en\/adventures\/the-perseids\/"]}]},{"@type":"ImageObject","inLanguage":"en-US","@id":"https:\/\/www.eco-odyssee.ca\/en\/adventures\/the-perseids\/#primaryimage","url":"https:\/\/www.eco-odyssee.ca\/wp-content\/uploads\/2021\/03\/emma-smith-CRuI4zn5re8-unsplash-scaled.jpg","contentUrl":"https:\/\/www.eco-odyssee.ca\/wp-content\/uploads\/2021\/03\/emma-smith-CRuI4zn5re8-unsplash-scaled.jpg","width":2048,"height":1365,"caption":"nuit \u00e9toil\u00e9e"},{"@type":"BreadcrumbList","@id":"https:\/\/www.eco-odyssee.ca\/en\/adventures\/the-perseids\/#breadcrumb","itemListElement":[{"@type":"ListItem","position":1,"name":"Accueil","item":"https:\/\/www.eco-odyssee.ca\/en\/"},{"@type":"ListItem","position":2,"name":"Adventures","item":"https:\/\/www.eco-odyssee.ca\/en\/adventures\/"},{"@type":"ListItem","position":3,"name":"The Perseids"}]},{"@type":"WebSite","@id":"https:\/\/www.eco-odyssee.ca\/en\/#website","url":"https:\/\/www.eco-odyssee.ca\/en\/","name":"\u00c9co-Odyss\u00e9e","description":"Experience nature","publisher":{"@id":"https:\/\/www.eco-odyssee.ca\/en\/#organization"},"potentialAction":[{"@type":"SearchAction","target":{"@type":"EntryPoint","urlTemplate":"https:\/\/www.eco-odyssee.ca\/en\/?s={search_term_string}"},"query-input":{"@type":"PropertyValueSpecification","valueRequired":true,"valueName":"search_term_string"}}],"inLanguage":"en-US"},{"@type":"Organization","@id":"https:\/\/www.eco-odyssee.ca\/en\/#organization","name":"Parc Nature \u00c9co-Odyss\u00e9e","url":"https:\/\/www.eco-odyssee.ca\/en\/","logo":{"@type":"ImageObject","inLanguage":"en-US","@id":"https:\/\/www.eco-odyssee.ca\/en\/#\/schema\/logo\/image\/","url":"https:\/\/www.eco-odyssee.ca\/wp-content\/uploads\/2021\/06\/Eco-Odyssee-medias-sociaux-carrC-01.jpg","contentUrl":"https:\/\/www.eco-odyssee.ca\/wp-content\/uploads\/2021\/06\/Eco-Odyssee-medias-sociaux-carrC-01.jpg","width":1500,"height":1500,"caption":"Parc Nature \u00c9co-Odyss\u00e9e"},"image":{"@id":"https:\/\/www.eco-odyssee.ca\/en\/#\/schema\/logo\/image\/"}}]}},"_links":{"self":[{"href":"https:\/\/www.eco-odyssee.ca\/en\/wp-json\/wp\/v2\/pages\/754629","targetHints":{"allow":["GET"]}}],"collection":[{"href":"https:\/\/www.eco-odyssee.ca\/en\/wp-json\/wp\/v2\/pages"}],"about":[{"href":"https:\/\/www.eco-odyssee.ca\/en\/wp-json\/wp\/v2\/types\/page"}],"author":[{"embeddable":true,"href":"https:\/\/www.eco-odyssee.ca\/en\/wp-json\/wp\/v2\/users\/5710"}],"replies":[{"embeddable":true,"href":"https:\/\/www.eco-odyssee.ca\/en\/wp-json\/wp\/v2\/comments?post=754629"}],"version-history":[{"count":43,"href":"https:\/\/www.eco-odyssee.ca\/en\/wp-json\/wp\/v2\/pages\/754629\/revisions"}],"predecessor-version":[{"id":765833,"href":"https:\/\/www.eco-odyssee.ca\/en\/wp-json\/wp\/v2\/pages\/754629\/revisions\/765833"}],"up":[{"embeddable":true,"href":"https:\/\/www.eco-odyssee.ca\/en\/wp-json\/wp\/v2\/pages\/334"}],"wp:featuredmedia":[{"embeddable":true,"href":"https:\/\/www.eco-odyssee.ca\/en\/wp-json\/wp\/v2\/media\/754479"}],"wp:attachment":[{"href":"https:\/\/www.eco-odyssee.ca\/en\/wp-json\/wp\/v2\/media?parent=754629"}],"curies":[{"name":"wp","href":"https:\/\/api.w.org\/{rel}","templated":true}]}}