{"id":754616,"date":"2021-04-14T22:24:19","date_gmt":"2021-04-15T02:24:19","guid":{"rendered":"https:\/\/www.eco-odyssee.ca\/adventures\/the-twilight\/"},"modified":"2024-08-12T09:28:07","modified_gmt":"2024-08-12T13:28:07","slug":"the-twilight","status":"publish","type":"page","link":"https:\/\/www.eco-odyssee.ca\/en\/adventures\/the-twilight\/","title":{"rendered":"The Twilight"},"content":{"rendered":"\n<div class=\"container section-title-container\" style=\"margin-top:10px;margin-bottom:7px;\"><h2 class=\"section-title section-title-center\"><b aria-hidden=\"true\"><\/b><span class=\"section-title-main\" >Night Adventure<\/span><b aria-hidden=\"true\"><\/b><\/h2><\/div>\n\n<div class=\"row\"  id=\"row-1736003924\">\n\n\n\t<div id=\"col-80564058\" class=\"col small-12 large-12\"  >\n\t\t\t\t<div class=\"col-inner\"  >\n\t\t\t\n\t\t\t\n\n<div class=\"row\"  id=\"row-806077369\">\n\n\n\t<div id=\"col-1562653957\" class=\"col medium-6 small-12 large-6\"  >\n\t\t\t\t<div class=\"col-inner\"  >\n\t\t\t\n\t\t\t\n\n<h2 style=\"text-align: center\"><strong>The Twilight<\/strong><\/h2>\n<p style=\"text-align: center\"><strong><span style=\"text-decoration: underline\">In a pedal boat, canoe, paddle board or kayak<\/span><\/strong><\/p>\n<p><strong>Description<\/strong> : You finally have the possibility to discover the water maze while observing the most beautiful sunsets! Come observe the marsh as it transitions from day to night. This excursion consists of following simples indicators on the site in order to contemplate all the facets of the labyrinth. On board the boat of your choice, you will use the adventure map given and follow wooden figurines that will guide you through the labyrinth.<\/p>\n<p><strong>*Flashlights mandatory*\u00a0<\/strong>Possibility to rent some at the reception<br \/><u>Long sleeve clothing<\/u>\u00a0and\u00a0<u>insect repellent<\/u>\u00a0strongly recommended<\/p>\n<p>Difficulty level :\u00a0<strong>Easy<\/strong><\/p>\n<p>Target audience :\u00a0<strong>Everyone, Couples<\/strong><\/p>\n<p>Material included :\u00a0<strong>Adventure map<\/strong><\/p>\n<p style=\"text-align: left\">Duration of the adventure :\u00a0<strong>2 hours<\/strong><\/p>\n<h3 style=\"text-align: left\">Important Information<\/h3>\n<ul>\n<li><strong><a href=\"https:\/\/www.eco-odyssee.ca\/en\/about\/rules-and-policies\/\">Rules and policies<\/a><\/strong><\/li>\n<li><strong><a href=\"https:\/\/www.eco-odyssee.ca\/en\/faq\/\">FAQ<\/a><\/strong><\/li>\n<li><strong><a href=\"https:\/\/www.eco-odyssee.ca\/en\/prepare-your-visit\/\">Plan Your Visit<\/a><\/strong><\/li>\n<li><strong><a href=\"https:\/\/www.eco-odyssee.ca\/en\/summer-schedule\/\">Opening Hours<\/a><\/strong><\/li>\n<li><strong><a href=\"https:\/\/www.eco-odyssee.ca\/en\/summer-rates\/\">Rates<\/a><\/strong><\/li>\n<li><strong><a href=\"https:\/\/www.eco-odyssee.ca\/en\/about\/services\/\">Other Services<\/a><\/strong><\/li>\n<li><strong><a href=\"https:\/\/www.eco-odyssee.ca\/en\/the-snack-shack\/\">Snack Bar<\/a><\/strong><\/li>\n<li><strong><a href=\"https:\/\/lebellevue.ca\/wakefield-modern-lodge\/\">Accommodation<\/a><\/strong><\/li>\n<\/ul>\n\t<div class=\"img has-hover x md-x lg-x y md-y lg-y\" id=\"image_1293511006\">\n\t\t\t\t\t\t\t\t<div class=\"img-inner image-cover dark\" style=\"padding-top:50%;\">\n\t\t\t<img decoding=\"async\" width=\"1400\" height=\"1050\" data-src=\"https:\/\/www.eco-odyssee.ca\/wp-content\/uploads\/2021\/11\/LD-@Eco-Odysee-Eco-Odyssee-4-1.jpg\" class=\"attachment-original size-original lazyload\" alt=\"\" data-srcset=\"https:\/\/www.eco-odyssee.ca\/wp-content\/uploads\/2021\/11\/LD-@Eco-Odysee-Eco-Odyssee-4-1.jpg 1400w, https:\/\/www.eco-odyssee.ca\/wp-content\/uploads\/2021\/11\/LD-@Eco-Odysee-Eco-Odyssee-4-1-500x375.jpg 500w, https:\/\/www.eco-odyssee.ca\/wp-content\/uploads\/2021\/11\/LD-@Eco-Odysee-Eco-Odyssee-4-1-1280x960.jpg 1280w, https:\/\/www.eco-odyssee.ca\/wp-content\/uploads\/2021\/11\/LD-@Eco-Odysee-Eco-Odyssee-4-1-768x576.jpg 768w\" data-sizes=\"(max-width: 1400px) 100vw, 1400px\" src=\"data:image\/svg+xml;base64,PHN2ZyB3aWR0aD0iMSIgaGVpZ2h0PSIxIiB4bWxucz0iaHR0cDovL3d3dy53My5vcmcvMjAwMC9zdmciPjwvc3ZnPg==\" style=\"--smush-placeholder-width: 1400px; --smush-placeholder-aspect-ratio: 1400\/1050;\" \/>\t\t\t\t\t\t\n\t\t\t\t\t<\/div>\n\t\t\t\t\t\t\t\t\n<style>\n#image_1293511006 {\n  width: 100%;\n}\n<\/style>\n\t<\/div>\n\t\n\n\n\t\t<\/div>\n\t\t\t\t\t<\/div>\n\n\t\n\n\t<div id=\"col-1884513138\" class=\"col medium-6 small-12 large-6\"  >\n\t\t\t\t<div class=\"col-inner\"  >\n\t\t\t\n\t\t\t\n\n\t<div class=\"img has-hover x md-x lg-x y md-y lg-y\" id=\"image_273588631\">\n\t\t\t\t\t\t\t\t<div class=\"img-inner image-cover dark\" style=\"padding-top:75%;\">\n\t\t\t<img decoding=\"async\" width=\"2048\" height=\"1151\" data-src=\"https:\/\/www.eco-odyssee.ca\/wp-content\/uploads\/2021\/03\/Aventure-Crepuscule-SUP-2-Parc-Nature-Eco-Odyssee-002.jpg\" class=\"attachment-original size-original lazyload\" alt=\"Surf \u00e0 pagaie\" data-srcset=\"https:\/\/www.eco-odyssee.ca\/wp-content\/uploads\/2021\/03\/Aventure-Crepuscule-SUP-2-Parc-Nature-Eco-Odyssee-002.jpg 2048w, https:\/\/www.eco-odyssee.ca\/wp-content\/uploads\/2021\/03\/Aventure-Crepuscule-SUP-2-Parc-Nature-Eco-Odyssee-002-500x281.jpg 500w, https:\/\/www.eco-odyssee.ca\/wp-content\/uploads\/2021\/03\/Aventure-Crepuscule-SUP-2-Parc-Nature-Eco-Odyssee-002-1280x719.jpg 1280w, https:\/\/www.eco-odyssee.ca\/wp-content\/uploads\/2021\/03\/Aventure-Crepuscule-SUP-2-Parc-Nature-Eco-Odyssee-002-768x432.jpg 768w, https:\/\/www.eco-odyssee.ca\/wp-content\/uploads\/2021\/03\/Aventure-Crepuscule-SUP-2-Parc-Nature-Eco-Odyssee-002-1536x863.jpg 1536w, https:\/\/www.eco-odyssee.ca\/wp-content\/uploads\/2021\/03\/Aventure-Crepuscule-SUP-2-Parc-Nature-Eco-Odyssee-002-600x337.jpg 600w\" data-sizes=\"(max-width: 2048px) 100vw, 2048px\" src=\"data:image\/svg+xml;base64,PHN2ZyB3aWR0aD0iMSIgaGVpZ2h0PSIxIiB4bWxucz0iaHR0cDovL3d3dy53My5vcmcvMjAwMC9zdmciPjwvc3ZnPg==\" style=\"--smush-placeholder-width: 2048px; --smush-placeholder-aspect-ratio: 2048\/1151;\" \/>\t\t\t\t\t\t\n\t\t\t\t\t<\/div>\n\t\t\t\t\t\t\t\t\n<style>\n#image_273588631 {\n  width: 100%;\n}\n<\/style>\n\t<\/div>\n\t\n\n<h3 style=\"text-align: center\">Boats<\/h3>\n<p id=\"tw-target-text\" class=\"tw-data-text tw-text-large XcVN5d tw-ta\" dir=\"ltr\" data-placeholder=\"Traduction\"><span class=\"Y2IQFc\" lang=\"en\"><b>Pedal boat<\/b>: A pedal boat can accommodate a <strong>maximum of 2 adults and 2 children under 4 feet.<\/strong> However, a third child under 2 years old can be added. The paddleboat cannot accommodate more than 2 adults. Children 14 and under must be accompanied by an adult. Ideal boat for families with young children. Maximum total weight allowed in a paddleboat: 600 lbs.<\/span><\/p>\n<p id=\"tw-target-text\" class=\"tw-data-text tw-text-large XcVN5d tw-ta\" dir=\"ltr\" data-placeholder=\"Traduction\"><span class=\"Y2IQFc\" lang=\"en\"><strong>2-person canoe\u00a0<\/strong>: The 2-person canoe can accommodate a\u00a0<strong>maximum of 2 people<\/strong>. A child 14 and under must be accompanied by an adult. Not recommended for individuals with poor balance. Maximum total weight allowed in a 2-person canoe: 400 lbs.<\/span><\/p>\n<p id=\"tw-target-text\" class=\"tw-data-text tw-text-large XcVN5d tw-ta\" dir=\"ltr\" data-placeholder=\"Traduction\"><span class=\"Y2IQFc\" lang=\"en\"><strong>3-person canoe\u00a0<\/strong>: The 3-person canoe can accommodate a\u00a0<strong>maximum of 3 people<\/strong>. A child 14 and under must be accompanied by an adult. Not recommended for individuals with poor balance. Maximum total weight allowed in a 3-person canoe: 400 lbs or 2 adults and 1 kid.\u00a0<\/span><\/p>\n<p id=\"tw-target-text\" class=\"tw-data-text tw-text-large XcVN5d tw-ta\" dir=\"ltr\" data-placeholder=\"Traduction\"><span class=\"Y2IQFc\" lang=\"en\"><strong>Stand Up Paddle board\u00a0<\/strong>: The Stand Up Paddle board is an individual boat. It is highly recommended to have paddleboarding experience before choosing this boat : remember that you are in a marsh and there is a chance that you will fall. This boat requires a good sense of balance. 14 years and over.<\/span><\/p>\n<p dir=\"ltr\" data-placeholder=\"Traduction\"><strong>Kayak <\/strong>: The kayak is an individual boat. It is strongly recommended to have some kayaking experience before choosing this craft: remember that you are in a swamp and there is a chance that you will fall into it. Ages 14 and up. <span class=\"Y2IQFc\" lang=\"en\">Maximum total weight allowed in a kayak : 300 lbs.<\/span><\/p>\n\n\t\t<\/div>\n\t\t\t\t\n<style>\n#col-1884513138 > .col-inner {\n  padding: 0px 0px 0px 0px;\n  margin: 0px 0px 0px 0px;\n}\n<\/style>\n\t<\/div>\n\n\t\n\n<\/div>\n<div class=\"row\"  id=\"row-1939522742\">\n\n\n\t<div id=\"col-560618532\" class=\"col small-12 large-12\"  >\n\t\t\t\t<div class=\"col-inner text-center\"  >\n\t\t\t\n\t\t\t\n\n<a data-animate=\"bounceIn\" href=\"https:\/\/ecom.roller.app\/parcnatureecoodyssee\/ticketofficesummer\/en\/products?date=2023-03-14&#038;product=565350\" target=\"_blank\" class=\"button primary is-large box-shadow-4\" rel=\"noopener\" style=\"border-radius:99px;padding:0px 10px 0px 10px;\">\n\t\t<span>Book Now<\/span>\n\t<\/a>\n\n\n\n\t\t<\/div>\n\t\t\t\t\t<\/div>\n\n\t\n\n<\/div>\n<div class=\"text-center\"><div class=\"is-divider divider clearfix\" style=\"max-width:240px;background-color:rgb(169, 169, 169);\"><\/div><\/div>\n\n  <div class=\"banner-grid-wrapper\">\n  <div id=\"banner-grid-1954052833\" class=\"banner-grid row row-grid row-xsmall\" data-packery-options=\"\">\n                      \n\n<div class=\"col grid-col small-15 large-8 grid-col-1\" ><div class=\"col-inner\">\n\n\t<div class=\"img has-hover x md-x lg-x y md-y lg-y\" id=\"image_1843121493\">\n\t\t\t\t\t\t\t\t<div class=\"img-inner image-cover dark\" style=\"padding-top:0px;\">\n\t\t\t<img decoding=\"async\" width=\"870\" height=\"580\" data-src=\"https:\/\/www.eco-odyssee.ca\/wp-content\/uploads\/2021\/03\/Aventure-Crepuscule.jpg\" class=\"attachment-original size-original lazyload\" alt=\"coucher de soleil\" data-srcset=\"https:\/\/www.eco-odyssee.ca\/wp-content\/uploads\/2021\/03\/Aventure-Crepuscule.jpg 870w, https:\/\/www.eco-odyssee.ca\/wp-content\/uploads\/2021\/03\/Aventure-Crepuscule-500x333.jpg 500w, https:\/\/www.eco-odyssee.ca\/wp-content\/uploads\/2021\/03\/Aventure-Crepuscule-768x512.jpg 768w, https:\/\/www.eco-odyssee.ca\/wp-content\/uploads\/2021\/03\/Aventure-Crepuscule-600x400.jpg 600w\" data-sizes=\"(max-width: 870px) 100vw, 870px\" src=\"data:image\/svg+xml;base64,PHN2ZyB3aWR0aD0iMSIgaGVpZ2h0PSIxIiB4bWxucz0iaHR0cDovL3d3dy53My5vcmcvMjAwMC9zdmciPjwvc3ZnPg==\" style=\"--smush-placeholder-width: 870px; --smush-placeholder-aspect-ratio: 870\/580;\" \/>\t\t\t\t\t\t\n\t\t\t\t\t<\/div>\n\t\t\t\t\t\t\t\t\n<style>\n#image_1843121493 {\n  width: 100%;\n}\n<\/style>\n\t<\/div>\n\t\n\n\n<\/div><\/div>\n<div class=\"col grid-col small-13 large-4 grid-col-1\" ><div class=\"col-inner\">\n\n\t<div class=\"img has-hover x md-x lg-x y md-y lg-y\" id=\"image_766185679\">\n\t\t\t\t\t\t\t\t<div class=\"img-inner image-cover dark\" style=\"padding-top:0px;\">\n\t\t\t<img decoding=\"async\" width=\"1536\" height=\"2048\" data-src=\"https:\/\/www.eco-odyssee.ca\/wp-content\/uploads\/2021\/03\/Aventure-Pleine-Lune-SUP-Parc-Nature-Eco-Odyssee-002-scaled.jpg\" class=\"attachment-original size-original lazyload\" alt=\"Pleine lune en surf \u00e0 pagaie\" data-srcset=\"https:\/\/www.eco-odyssee.ca\/wp-content\/uploads\/2021\/03\/Aventure-Pleine-Lune-SUP-Parc-Nature-Eco-Odyssee-002-scaled.jpg 1536w, https:\/\/www.eco-odyssee.ca\/wp-content\/uploads\/2021\/03\/Aventure-Pleine-Lune-SUP-Parc-Nature-Eco-Odyssee-002-375x500.jpg 375w, https:\/\/www.eco-odyssee.ca\/wp-content\/uploads\/2021\/03\/Aventure-Pleine-Lune-SUP-Parc-Nature-Eco-Odyssee-002-960x1280.jpg 960w, https:\/\/www.eco-odyssee.ca\/wp-content\/uploads\/2021\/03\/Aventure-Pleine-Lune-SUP-Parc-Nature-Eco-Odyssee-002-768x1024.jpg 768w, https:\/\/www.eco-odyssee.ca\/wp-content\/uploads\/2021\/03\/Aventure-Pleine-Lune-SUP-Parc-Nature-Eco-Odyssee-002-1152x1536.jpg 1152w, https:\/\/www.eco-odyssee.ca\/wp-content\/uploads\/2021\/03\/Aventure-Pleine-Lune-SUP-Parc-Nature-Eco-Odyssee-002-600x800.jpg 600w\" data-sizes=\"(max-width: 1536px) 100vw, 1536px\" src=\"data:image\/svg+xml;base64,PHN2ZyB3aWR0aD0iMSIgaGVpZ2h0PSIxIiB4bWxucz0iaHR0cDovL3d3dy53My5vcmcvMjAwMC9zdmciPjwvc3ZnPg==\" style=\"--smush-placeholder-width: 1536px; --smush-placeholder-aspect-ratio: 1536\/2048;\" \/>\t\t\t\t\t\t\n\t\t\t\t\t<\/div>\n\t\t\t\t\t\t\t\t\n<style>\n#image_766185679 {\n  width: 100%;\n}\n<\/style>\n\t<\/div>\n\t\n\n\n<\/div><\/div>\n<div class=\"col grid-col small-13 large-7 grid-col-3-4\" ><div class=\"col-inner\">\n\n\t<div class=\"img has-hover x md-x lg-x y md-y lg-y\" id=\"image_628044194\">\n\t\t\t\t\t\t\t\t<div class=\"img-inner dark\" >\n\t\t\t<img decoding=\"async\" width=\"1280\" height=\"960\" data-src=\"https:\/\/www.eco-odyssee.ca\/wp-content\/uploads\/2021\/03\/Aventure-Crepuscule-2-Parc-Nature-Eco-Odyssee.jpg\" class=\"attachment-original size-original lazyload\" alt=\"coucher de soleil\" data-srcset=\"https:\/\/www.eco-odyssee.ca\/wp-content\/uploads\/2021\/03\/Aventure-Crepuscule-2-Parc-Nature-Eco-Odyssee.jpg 1280w, https:\/\/www.eco-odyssee.ca\/wp-content\/uploads\/2021\/03\/Aventure-Crepuscule-2-Parc-Nature-Eco-Odyssee-500x375.jpg 500w, https:\/\/www.eco-odyssee.ca\/wp-content\/uploads\/2021\/03\/Aventure-Crepuscule-2-Parc-Nature-Eco-Odyssee-768x576.jpg 768w, https:\/\/www.eco-odyssee.ca\/wp-content\/uploads\/2021\/03\/Aventure-Crepuscule-2-Parc-Nature-Eco-Odyssee-600x450.jpg 600w\" data-sizes=\"(max-width: 1280px) 100vw, 1280px\" src=\"data:image\/svg+xml;base64,PHN2ZyB3aWR0aD0iMSIgaGVpZ2h0PSIxIiB4bWxucz0iaHR0cDovL3d3dy53My5vcmcvMjAwMC9zdmciPjwvc3ZnPg==\" style=\"--smush-placeholder-width: 1280px; --smush-placeholder-aspect-ratio: 1280\/960;\" \/>\t\t\t\t\t\t\n\t\t\t\t\t<\/div>\n\t\t\t\t\t\t\t\t\n<style>\n#image_628044194 {\n  width: 100%;\n}\n<\/style>\n\t<\/div>\n\t\n\n\n<\/div><\/div>\n<div class=\"col grid-col small-15 large-5 grid-col-3-4\" ><div class=\"col-inner\">\n\n\t<div class=\"img has-hover x md-x lg-x y md-y lg-y\" id=\"image_1241448853\">\n\t\t\t\t\t\t\t\t<div class=\"img-inner dark\" >\n\t\t\t<img decoding=\"async\" width=\"2048\" height=\"1151\" data-src=\"https:\/\/www.eco-odyssee.ca\/wp-content\/uploads\/2023\/05\/Aventure-Crepuscule-SUP-2-Parc-Nature-Eco-Odyssee-002.jpg\" class=\"attachment-original size-original lazyload\" alt=\"une photos du labirynt\" data-srcset=\"https:\/\/www.eco-odyssee.ca\/wp-content\/uploads\/2023\/05\/Aventure-Crepuscule-SUP-2-Parc-Nature-Eco-Odyssee-002.jpg 2048w, https:\/\/www.eco-odyssee.ca\/wp-content\/uploads\/2023\/05\/Aventure-Crepuscule-SUP-2-Parc-Nature-Eco-Odyssee-002-500x281.jpg 500w, https:\/\/www.eco-odyssee.ca\/wp-content\/uploads\/2023\/05\/Aventure-Crepuscule-SUP-2-Parc-Nature-Eco-Odyssee-002-1280x719.jpg 1280w, https:\/\/www.eco-odyssee.ca\/wp-content\/uploads\/2023\/05\/Aventure-Crepuscule-SUP-2-Parc-Nature-Eco-Odyssee-002-768x432.jpg 768w, https:\/\/www.eco-odyssee.ca\/wp-content\/uploads\/2023\/05\/Aventure-Crepuscule-SUP-2-Parc-Nature-Eco-Odyssee-002-1536x863.jpg 1536w\" data-sizes=\"(max-width: 2048px) 100vw, 2048px\" src=\"data:image\/svg+xml;base64,PHN2ZyB3aWR0aD0iMSIgaGVpZ2h0PSIxIiB4bWxucz0iaHR0cDovL3d3dy53My5vcmcvMjAwMC9zdmciPjwvc3ZnPg==\" style=\"--smush-placeholder-width: 2048px; --smush-placeholder-aspect-ratio: 2048\/1151;\" \/>\t\t\t\t\t\t\n\t\t\t\t\t<\/div>\n\t\t\t\t\t\t\t\t\n<style>\n#image_1241448853 {\n  width: 100%;\n}\n<\/style>\n\t<\/div>\n\t\n\n\n<\/div><\/div>\n\n            <\/div>\n    <style>\n    #banner-grid-1954052833 .grid-col-1{height: 600px}\n    #banner-grid-1954052833 .grid-col-1-2{height: 300px}\n    #banner-grid-1954052833 .grid-col-1-3{height:200px}\n    #banner-grid-1954052833 .grid-col-2-3{height: 400px}\n    #banner-grid-1954052833 .grid-col-1-4{height: 150px}\n    #banner-grid-1954052833 .grid-col-3-4{height: 450px}\n\n\n    \n        \/* Mobile *\/\n    @media (max-width: 550px){\n      #banner-grid-1954052833 .grid-col-1{height: 257px}\n      #banner-grid-1954052833 .grid-col-1-2{height: 128.5px}\n      #banner-grid-1954052833 .grid-col-1-3{height:85.666666666667px}\n      #banner-grid-1954052833 .grid-col-2-3{height: 171.33333333333px}\n      #banner-grid-1954052833 .grid-col-1-4{height: 64.25px}\n      #banner-grid-1954052833 .grid-col-3-4{height: 192.75px}\n    }\n    \n\n  <\/style>\n    <\/div>\n  \n\n\t\t<\/div>\n\t\t\t\t\n<style>\n#col-80564058 > .col-inner {\n  padding: 0px 0px 0px 4px;\n}\n<\/style>\n\t<\/div>\n\n\t\n\n\n<style>\n#row-1736003924 > .col > .col-inner {\n  padding: 15px 0px 0px 0px;\n}\n<\/style>\n<\/div>\n\n  <div class=\"banner has-hover is-full-height\" id=\"banner-37427658\">\n          <div class=\"banner-inner fill\">\n        <div class=\"banner-bg fill\" >\n            <img decoding=\"async\" width=\"1400\" height=\"786\" data-src=\"https:\/\/www.eco-odyssee.ca\/wp-content\/uploads\/2021\/11\/ld-parc-nature-eco-odyssee-surf-a-pagaie-1.jpg\" class=\"bg attachment-original size-original lazyload\" alt=\"\" src=\"data:image\/svg+xml;base64,PHN2ZyB3aWR0aD0iMSIgaGVpZ2h0PSIxIiB4bWxucz0iaHR0cDovL3d3dy53My5vcmcvMjAwMC9zdmciPjwvc3ZnPg==\" style=\"--smush-placeholder-width: 1400px; --smush-placeholder-aspect-ratio: 1400\/786;\" \/>                        <div class=\"overlay\"><\/div>            \n                    <\/div>\n\t\t\n        <div class=\"banner-layers container\">\n            <div class=\"fill banner-link\"><\/div>            \n\n   <div id=\"text-box-1581532145\" class=\"text-box banner-layer x50 md-x50 lg-x50 y50 md-y50 lg-y50 res-text\">\n                                <div class=\"text-box-content text dark\">\n              \n              <div class=\"text-inner text-center\">\n                  \n\n<h2 style=\"text-align: center\">The Twilight<\/h2>\n<p>Let yourself be amazed by nature at nightfall<\/p>\n<a href=\"https:\/\/ecom.roller.app\/parcnatureecoodyssee\/ticketofficesummer\/en\/products?date=2023-03-14&#038;product=565350\" target=\"_blank\" class=\"button white is-large box-shadow-4 expand\" rel=\"noopener\" style=\"border-radius:99px;padding:0px 0px 0px 0px;\">\n\t\t<span>Book Now<\/span>\n\t<i class=\"icon-angle-right\" aria-hidden=\"true\"><\/i><\/a>\n\n\n\n              <\/div>\n           <\/div>\n                            \n<style>\n#text-box-1581532145 .text-inner {\n  padding: 60px 60px 60px 60px;\n}\n#text-box-1581532145 {\n  width: 99%;\n}\n#text-box-1581532145 .text-box-content {\n  font-size: 100%;\n}\n@media (min-width:550px) {\n  #text-box-1581532145 {\n    width: 56%;\n  }\n}\n@media (min-width:850px) {\n  #text-box-1581532145 {\n    width: 47%;\n  }\n}\n<\/style>\n    <\/div>\n \n\n        <\/div>\n      <\/div>\n\n            \n<style>\n#banner-37427658 {\n  padding-top: 257px;\n}\n#banner-37427658 .overlay {\n  background-color: rgba(0,0,0,.5);\n}\n#banner-37427658 .banner-bg img {\n  object-position: 55% 39%;\n}\n@media (min-width:550px) {\n  #banner-37427658 {\n    padding-top: 100%;\n  }\n}\n<\/style>\n  <\/div>\n\n\n\n","protected":false},"excerpt":{"rendered":"","protected":false},"author":5710,"featured_media":754471,"parent":334,"menu_order":0,"comment_status":"closed","ping_status":"closed","template":"page-blank.php","meta":{"_monsterinsights_skip_tracking":false,"_monsterinsights_sitenote_active":false,"_monsterinsights_sitenote_note":"","_monsterinsights_sitenote_category":0,"footnotes":""},"class_list":["post-754616","page","type-page","status-publish","has-post-thumbnail","hentry"],"yoast_head":"<!-- This site is optimized with the Yoast SEO plugin v27.1.1 - https:\/\/yoast.com\/product\/yoast-seo-wordpress\/ -->\n<title>Adventure The Twilight - Sunset stroll- \u00c9co-Odyss\u00e9e<\/title>\n<meta name=\"description\" content=\"Explore a unique water maze during the most beautiful sunsets! In a paddle boat, canoe or paddle board, from june 19.\" \/>\n<meta name=\"robots\" content=\"index, follow, max-snippet:-1, max-image-preview:large, max-video-preview:-1\" \/>\n<link rel=\"canonical\" href=\"https:\/\/www.eco-odyssee.ca\/en\/adventures\/the-twilight\/\" \/>\n<meta property=\"og:locale\" content=\"en_US\" \/>\n<meta property=\"og:type\" content=\"article\" \/>\n<meta property=\"og:title\" content=\"Discover a water maze at sunset!\" \/>\n<meta property=\"og:description\" content=\"Explore a unique water maze during the most beautiful sunsets! In a paddle boat, canoe or paddle board, from june 19.\" \/>\n<meta property=\"og:url\" content=\"https:\/\/www.eco-odyssee.ca\/en\/adventures\/the-twilight\/\" \/>\n<meta property=\"og:site_name\" content=\"\u00c9co-Odyss\u00e9e\" \/>\n<meta property=\"article:modified_time\" content=\"2024-08-12T13:28:07+00:00\" \/>\n<meta property=\"og:image\" content=\"https:\/\/www.eco-odyssee.ca\/wp-content\/uploads\/2021\/03\/Aventure-Crepuscule-SUP-2-Parc-Nature-Eco-Odyssee-002.jpg\" \/>\n<meta name=\"twitter:card\" content=\"summary_large_image\" \/>\n<meta name=\"twitter:label1\" content=\"Est. reading time\" \/>\n\t<meta name=\"twitter:data1\" content=\"3 minutes\" \/>\n<!-- \/ Yoast SEO plugin. -->","yoast_head_json":{"title":"Adventure The Twilight - Sunset stroll- \u00c9co-Odyss\u00e9e","description":"Explore a unique water maze during the most beautiful sunsets! In a paddle boat, canoe or paddle board, from june 19.","robots":{"index":"index","follow":"follow","max-snippet":"max-snippet:-1","max-image-preview":"max-image-preview:large","max-video-preview":"max-video-preview:-1"},"canonical":"https:\/\/www.eco-odyssee.ca\/en\/adventures\/the-twilight\/","og_locale":"en_US","og_type":"article","og_title":"Discover a water maze at sunset!","og_description":"Explore a unique water maze during the most beautiful sunsets! In a paddle boat, canoe or paddle board, from june 19.","og_url":"https:\/\/www.eco-odyssee.ca\/en\/adventures\/the-twilight\/","og_site_name":"\u00c9co-Odyss\u00e9e","article_modified_time":"2024-08-12T13:28:07+00:00","og_image":[{"url":"https:\/\/www.eco-odyssee.ca\/wp-content\/uploads\/2021\/03\/Aventure-Crepuscule-SUP-2-Parc-Nature-Eco-Odyssee-002.jpg","type":"","width":"","height":""}],"twitter_card":"summary_large_image","twitter_misc":{"Est. reading time":"3 minutes"},"schema":{"@context":"https:\/\/schema.org","@graph":[{"@type":"WebPage","@id":"https:\/\/www.eco-odyssee.ca\/en\/adventures\/the-twilight\/","url":"https:\/\/www.eco-odyssee.ca\/en\/adventures\/the-twilight\/","name":"Adventure The Twilight - Sunset stroll- \u00c9co-Odyss\u00e9e","isPartOf":{"@id":"https:\/\/www.eco-odyssee.ca\/en\/#website"},"primaryImageOfPage":{"@id":"https:\/\/www.eco-odyssee.ca\/en\/adventures\/the-twilight\/#primaryimage"},"image":{"@id":"https:\/\/www.eco-odyssee.ca\/en\/adventures\/the-twilight\/#primaryimage"},"thumbnailUrl":"https:\/\/www.eco-odyssee.ca\/wp-content\/uploads\/2021\/03\/Aventure-Crepuscule-SUP-2-Parc-Nature-Eco-Odyssee-002.jpg","datePublished":"2021-04-15T02:24:19+00:00","dateModified":"2024-08-12T13:28:07+00:00","description":"Explore a unique water maze during the most beautiful sunsets! In a paddle boat, canoe or paddle board, from june 19.","breadcrumb":{"@id":"https:\/\/www.eco-odyssee.ca\/en\/adventures\/the-twilight\/#breadcrumb"},"inLanguage":"en-US","potentialAction":[{"@type":"ReadAction","target":["https:\/\/www.eco-odyssee.ca\/en\/adventures\/the-twilight\/"]}]},{"@type":"ImageObject","inLanguage":"en-US","@id":"https:\/\/www.eco-odyssee.ca\/en\/adventures\/the-twilight\/#primaryimage","url":"https:\/\/www.eco-odyssee.ca\/wp-content\/uploads\/2021\/03\/Aventure-Crepuscule-SUP-2-Parc-Nature-Eco-Odyssee-002.jpg","contentUrl":"https:\/\/www.eco-odyssee.ca\/wp-content\/uploads\/2021\/03\/Aventure-Crepuscule-SUP-2-Parc-Nature-Eco-Odyssee-002.jpg","width":2048,"height":1151,"caption":"Coucher de soleil au Parc Nature \u00c9co-Odyss\u00e9e en surf \u00e0 pagaie"},{"@type":"BreadcrumbList","@id":"https:\/\/www.eco-odyssee.ca\/en\/adventures\/the-twilight\/#breadcrumb","itemListElement":[{"@type":"ListItem","position":1,"name":"Accueil","item":"https:\/\/www.eco-odyssee.ca\/en\/"},{"@type":"ListItem","position":2,"name":"Adventures","item":"https:\/\/www.eco-odyssee.ca\/en\/adventures\/"},{"@type":"ListItem","position":3,"name":"The Twilight"}]},{"@type":"WebSite","@id":"https:\/\/www.eco-odyssee.ca\/en\/#website","url":"https:\/\/www.eco-odyssee.ca\/en\/","name":"\u00c9co-Odyss\u00e9e","description":"Experience nature","publisher":{"@id":"https:\/\/www.eco-odyssee.ca\/en\/#organization"},"potentialAction":[{"@type":"SearchAction","target":{"@type":"EntryPoint","urlTemplate":"https:\/\/www.eco-odyssee.ca\/en\/?s={search_term_string}"},"query-input":{"@type":"PropertyValueSpecification","valueRequired":true,"valueName":"search_term_string"}}],"inLanguage":"en-US"},{"@type":"Organization","@id":"https:\/\/www.eco-odyssee.ca\/en\/#organization","name":"Parc Nature \u00c9co-Odyss\u00e9e","url":"https:\/\/www.eco-odyssee.ca\/en\/","logo":{"@type":"ImageObject","inLanguage":"en-US","@id":"https:\/\/www.eco-odyssee.ca\/en\/#\/schema\/logo\/image\/","url":"https:\/\/www.eco-odyssee.ca\/wp-content\/uploads\/2021\/06\/Eco-Odyssee-medias-sociaux-carrC-01.jpg","contentUrl":"https:\/\/www.eco-odyssee.ca\/wp-content\/uploads\/2021\/06\/Eco-Odyssee-medias-sociaux-carrC-01.jpg","width":1500,"height":1500,"caption":"Parc Nature \u00c9co-Odyss\u00e9e"},"image":{"@id":"https:\/\/www.eco-odyssee.ca\/en\/#\/schema\/logo\/image\/"}}]}},"_links":{"self":[{"href":"https:\/\/www.eco-odyssee.ca\/en\/wp-json\/wp\/v2\/pages\/754616","targetHints":{"allow":["GET"]}}],"collection":[{"href":"https:\/\/www.eco-odyssee.ca\/en\/wp-json\/wp\/v2\/pages"}],"about":[{"href":"https:\/\/www.eco-odyssee.ca\/en\/wp-json\/wp\/v2\/types\/page"}],"author":[{"embeddable":true,"href":"https:\/\/www.eco-odyssee.ca\/en\/wp-json\/wp\/v2\/users\/5710"}],"replies":[{"embeddable":true,"href":"https:\/\/www.eco-odyssee.ca\/en\/wp-json\/wp\/v2\/comments?post=754616"}],"version-history":[{"count":32,"href":"https:\/\/www.eco-odyssee.ca\/en\/wp-json\/wp\/v2\/pages\/754616\/revisions"}],"predecessor-version":[{"id":764589,"href":"https:\/\/www.eco-odyssee.ca\/en\/wp-json\/wp\/v2\/pages\/754616\/revisions\/764589"}],"up":[{"embeddable":true,"href":"https:\/\/www.eco-odyssee.ca\/en\/wp-json\/wp\/v2\/pages\/334"}],"wp:featuredmedia":[{"embeddable":true,"href":"https:\/\/www.eco-odyssee.ca\/en\/wp-json\/wp\/v2\/media\/754471"}],"wp:attachment":[{"href":"https:\/\/www.eco-odyssee.ca\/en\/wp-json\/wp\/v2\/media?parent=754616"}],"curies":[{"name":"wp","href":"https:\/\/api.w.org\/{rel}","templated":true}]}}