{"id":754601,"date":"2021-04-14T21:58:51","date_gmt":"2021-04-15T01:58:51","guid":{"rendered":"https:\/\/www.eco-odyssee.ca\/adventures\/the-observer\/"},"modified":"2022-03-17T18:07:26","modified_gmt":"2022-03-17T22:07:26","slug":"the-observer","status":"publish","type":"page","link":"https:\/\/www.eco-odyssee.ca\/en\/adventures\/the-observer\/","title":{"rendered":"The Observer"},"content":{"rendered":"\n\n  <div class=\"banner has-hover\" id=\"banner-2023413081\">\n          <div class=\"banner-inner fill\">\n        <div class=\"banner-bg fill\" >\n            <img decoding=\"async\" width=\"2000\" height=\"1333\" data-src=\"https:\/\/www.eco-odyssee.ca\/wp-content\/uploads\/2020\/11\/jj-copie.jpg\" class=\"bg attachment-original size-original lazyload\" alt=\"aventure p\u00e9dalo\" src=\"data:image\/svg+xml;base64,PHN2ZyB3aWR0aD0iMSIgaGVpZ2h0PSIxIiB4bWxucz0iaHR0cDovL3d3dy53My5vcmcvMjAwMC9zdmciPjwvc3ZnPg==\" style=\"--smush-placeholder-width: 2000px; --smush-placeholder-aspect-ratio: 2000\/1333;\" \/>                        <div class=\"overlay\"><\/div>            \n                    <\/div>\n\t\t\n        <div class=\"banner-layers container\">\n            <div class=\"fill banner-link\"><\/div>            \n\n   <div id=\"text-box-1402461234\" class=\"text-box banner-layer x50 md-x50 lg-x50 y85 md-y85 lg-y85 res-text\">\n                                <div class=\"text-box-content text dark\">\n              \n              <div class=\"text-inner text-center\">\n                  \n\n<h2 style=\"text-align: center;\">The Observer<\/h2>\n<p>An adventure that will challenge your sense of observation<\/p>\n\n              <\/div>\n           <\/div>\n                            \n<style>\n#text-box-1402461234 .text-inner {\n  padding: 60px 60px 60px 60px;\n}\n#text-box-1402461234 {\n  width: 100%;\n}\n#text-box-1402461234 .text-box-content {\n  font-size: 100%;\n}\n@media (min-width:550px) {\n  #text-box-1402461234 {\n    width: 59%;\n  }\n}\n@media (min-width:850px) {\n  #text-box-1402461234 {\n    width: 47%;\n  }\n}\n<\/style>\n    <\/div>\n \n\n        <\/div>\n      <\/div>\n\n            \n<style>\n#banner-2023413081 {\n  padding-top: 241px;\n}\n#banner-2023413081 .overlay {\n  background-color: rgba(0,0,0,.5);\n}\n#banner-2023413081 .banner-bg img {\n  object-position: 61% 72%;\n}\n@media (min-width:550px) {\n  #banner-2023413081 {\n    padding-top: 40%;\n  }\n}\n<\/style>\n  <\/div>\n\n\n<div class=\"container section-title-container\" style=\"margin-top:10px;margin-bottom:7px;\"><h2 class=\"section-title section-title-center\"><b aria-hidden=\"true\"><\/b><span class=\"section-title-main\" >Day Adventure<\/span><b aria-hidden=\"true\"><\/b><\/h2><\/div>\n\n<div class=\"row\"  id=\"row-1815389899\">\n\n\n\t<div id=\"col-802394945\" class=\"col small-12 large-12\"  >\n\t\t\t\t<div class=\"col-inner\"  >\n\t\t\t\n\t\t\t\n\n<div class=\"row\"  id=\"row-1187138378\">\n\n\n\t<div id=\"col-730253485\" class=\"col medium-6 small-12 large-6\"  >\n\t\t\t\t<div class=\"col-inner\"  >\n\t\t\t\n\t\t\t\n\n<h2 style=\"text-align: center;\"><strong>The Observer<\/strong><\/h2>\n<p style=\"text-align: center;\">In a paddle boat<\/p>\n<p><strong>Description<\/strong> : This adventure being more challenging, a good sense of observation and the identification of clues is necessary for your progress in the labyrinth. You will need to identify 4 to 6 clues in order to complete your adventure on Clue Island.<\/p>\n<p id=\"tw-target-text\" class=\"tw-data-text tw-text-large XcVN5d tw-ta\" dir=\"ltr\" data-placeholder=\"Traduction\"><span class=\"Y2IQFc\" lang=\"en\">Aboard a paddleboat, you will have to use the instruction card to find your way around the labyrinth. No map of the canals will be given to you: it is your sense of observation, your critical sense and the equipment at your disposal that will allow you to complete the adventure. The clues you identify will allow you to continue the adventure on Clue Island.<\/span><\/p>\n<p style=\"text-align: left;\">This adventure is a good challenge for those who are accustomed to the labyrinth<\/p>\n<p><span data-text-color=\"alert\"><strong>Dates : Unavailable<\/strong><\/span><\/p>\n<p>Difficulty level :\u00a0<strong>Intermediate to difficult<\/strong><\/p>\n<p>Target audience :\u00a0<strong>Those who want a challenge<\/strong><\/p>\n<p>Material included :\u00a0<strong>Instruction card, pen, adventure guide, compass<\/strong><\/p>\n<p>Additional cost :\u00a0<strong>$ 5<\/strong><\/p>\n<p style=\"text-align: left;\"><span style=\"font-size: 14.4px;\">Precondition : Have gone on the Discoverer adventure and have found all the clues<\/span><\/p>\n<p>Duration of the adventure :\u00a0<strong>2 hours<\/strong><\/p>\n<p><strong>Schedule<\/strong>\u00a0: This adventure is offered during the day. <strong>In general,<\/strong> departures are available between 10 a.m. and 4 p.m. For more information about our schedule, please click <a href=\"https:\/\/www.eco-odyssee.ca\/en\/adventures\/schedule-and-rates\/\"><strong>here<\/strong><\/a>.\u00a0<\/p>\n<h3 style=\"text-align: center;\">Important Information<\/h3>\n<ul>\n<li>Booking Conditions (coming soon)<\/li>\n<li><span style=\"color: #0000ff;\"><strong><a style=\"color: #0000ff;\" href=\"https:\/\/www.eco-odyssee.ca\/en\/about\/rules-and-policies\/\">Rules and Policies<\/a><\/strong><\/span><\/li>\n<li><span style=\"color: #0000ff;\"><strong><a style=\"color: #0000ff;\" href=\"https:\/\/www.eco-odyssee.ca\/en\/faq\/\">FAQ<\/a><\/strong><\/span><\/li>\n<li><span style=\"color: #0000ff;\"><strong><a style=\"color: #0000ff;\" href=\"https:\/\/www.eco-odyssee.ca\/en\/prepare-your-visit\/\">Prepare your visit<\/a><\/strong><\/span><\/li>\n<\/ul>\n\n\t\t<\/div>\n\t\t\t\t\t<\/div>\n\n\t\n\n\t<div id=\"col-1029089928\" class=\"col medium-6 small-12 large-6\"  >\n\t\t\t\t<div class=\"col-inner\"  >\n\t\t\t\n\t\t\t\n\n\t<div class=\"img has-hover x md-x lg-x y md-y lg-y\" id=\"image_128709507\">\n\t\t\t\t\t\t\t\t<div class=\"img-inner dark\" >\n\t\t\t<img decoding=\"async\" width=\"1020\" height=\"683\" data-src=\"https:\/\/www.eco-odyssee.ca\/wp-content\/uploads\/2021\/04\/17_JUIN_09-110-1-1280x857.jpg\" class=\"attachment-large size-large lazyload\" alt=\"p\u00e9dalo \u00c9co-Odyss\u00e9e\" data-srcset=\"https:\/\/www.eco-odyssee.ca\/wp-content\/uploads\/2021\/04\/17_JUIN_09-110-1-1280x857.jpg 1280w, https:\/\/www.eco-odyssee.ca\/wp-content\/uploads\/2021\/04\/17_JUIN_09-110-1-500x335.jpg 500w, https:\/\/www.eco-odyssee.ca\/wp-content\/uploads\/2021\/04\/17_JUIN_09-110-1-768x514.jpg 768w, https:\/\/www.eco-odyssee.ca\/wp-content\/uploads\/2021\/04\/17_JUIN_09-110-1-1536x1028.jpg 1536w, https:\/\/www.eco-odyssee.ca\/wp-content\/uploads\/2021\/04\/17_JUIN_09-110-1-scaled.jpg 2048w, https:\/\/www.eco-odyssee.ca\/wp-content\/uploads\/2021\/04\/17_JUIN_09-110-1-600x402.jpg 600w\" data-sizes=\"(max-width: 1020px) 100vw, 1020px\" src=\"data:image\/svg+xml;base64,PHN2ZyB3aWR0aD0iMSIgaGVpZ2h0PSIxIiB4bWxucz0iaHR0cDovL3d3dy53My5vcmcvMjAwMC9zdmciPjwvc3ZnPg==\" style=\"--smush-placeholder-width: 1020px; --smush-placeholder-aspect-ratio: 1020\/683;\" \/>\t\t\t\t\t\t\n\t\t\t\t\t<\/div>\n\t\t\t\t\t\t\t\t\n<style>\n#image_128709507 {\n  width: 100%;\n}\n<\/style>\n\t<\/div>\n\t\n\n<h3 style=\"text-align: center;\">Boats<\/h3>\n<p><strong>Paddleboat<\/strong>\u00a0: A paddleboat can accommodate a\u00a0<strong>maximum of 2 adults and 2 children under 4 feet.<\/strong> However, a third child under 2 years old can be added. The paddleboat cannot accommodate more than 2 adults. Children 14 and under must be accompanied by an adult. Ideal boat for families with young children. Maximum total weight allowed in a paddleboat: 600 lbs.<\/p>\n\n\t\t<\/div>\n\t\t\t\t\n<style>\n#col-1029089928 > .col-inner {\n  padding: 0px 0px 0px 0px;\n  margin: 0px 0px 0px 0px;\n}\n<\/style>\n\t<\/div>\n\n\t\n\n<\/div>\n<a class=\"button primary is-large box-shadow-4 expand\" style=\"border-radius:99px;padding:0px 0px 0px 0px;\">\n\t\t<span>Back soon<\/span>\n\t<\/a>\n\n\n<div class=\"text-center\"><div class=\"is-divider divider clearfix\" style=\"max-width:240px;background-color:rgb(169, 169, 169);\"><\/div><\/div>\n\n  <div class=\"banner-grid-wrapper\">\n  <div id=\"banner-grid-1699958309\" class=\"banner-grid row row-grid row-xsmall\" data-packery-options=\"\">\n                      \n\n<div class=\"col grid-col large-6 grid-col-1\" ><div class=\"col-inner\">\n\n\t<div class=\"img has-hover x md-x lg-x y md-y lg-y\" id=\"image_1153681860\">\n\t\t\t\t\t\t\t\t<div class=\"img-inner image-cover dark\" style=\"padding-top:0px;\">\n\t\t\t<img decoding=\"async\" width=\"720\" height=\"480\" data-src=\"https:\/\/www.eco-odyssee.ca\/wp-content\/uploads\/2021\/04\/Quai-de-de\u0301part-Parc-Nature-E\u0301co-Odysse\u0301e-1.jpg\" class=\"attachment-large size-large lazyload\" alt=\"p\u00e9dalo quai de d\u00e9part\" data-srcset=\"https:\/\/www.eco-odyssee.ca\/wp-content\/uploads\/2021\/04\/Quai-de-de\u0301part-Parc-Nature-E\u0301co-Odysse\u0301e-1.jpg 720w, https:\/\/www.eco-odyssee.ca\/wp-content\/uploads\/2021\/04\/Quai-de-de\u0301part-Parc-Nature-E\u0301co-Odysse\u0301e-1-500x333.jpg 500w, https:\/\/www.eco-odyssee.ca\/wp-content\/uploads\/2021\/04\/Quai-de-de\u0301part-Parc-Nature-E\u0301co-Odysse\u0301e-1-600x400.jpg 600w\" data-sizes=\"(max-width: 720px) 100vw, 720px\" src=\"data:image\/svg+xml;base64,PHN2ZyB3aWR0aD0iMSIgaGVpZ2h0PSIxIiB4bWxucz0iaHR0cDovL3d3dy53My5vcmcvMjAwMC9zdmciPjwvc3ZnPg==\" style=\"--smush-placeholder-width: 720px; --smush-placeholder-aspect-ratio: 720\/480;\" \/>\t\t\t\t\t\t\n\t\t\t\t\t<\/div>\n\t\t\t\t\t\t\t\t\n<style>\n#image_1153681860 {\n  width: 100%;\n}\n<\/style>\n\t<\/div>\n\t\n\n\n<\/div><\/div>\n<div class=\"col grid-col large-3 grid-col-1\" ><div class=\"col-inner\">\n\n\t<div class=\"img has-hover x md-x lg-x y md-y lg-y\" id=\"image_351052155\">\n\t\t\t\t\t\t\t\t<div class=\"img-inner image-cover dark\" style=\"padding-top:0px;\">\n\t\t\t<img decoding=\"async\" width=\"675\" height=\"926\" data-src=\"https:\/\/www.eco-odyssee.ca\/wp-content\/uploads\/2019\/02\/pedalos_labyrinthe.jpg\" class=\"attachment-large size-large lazyload\" alt=\"Photo de visiteurs dans le labyrinthe d&#039;eau a \u00c9co-Odyss\u00e9e\" data-srcset=\"https:\/\/www.eco-odyssee.ca\/wp-content\/uploads\/2019\/02\/pedalos_labyrinthe.jpg 675w, https:\/\/www.eco-odyssee.ca\/wp-content\/uploads\/2019\/02\/pedalos_labyrinthe-364x500.jpg 364w, https:\/\/www.eco-odyssee.ca\/wp-content\/uploads\/2019\/02\/pedalos_labyrinthe-600x823.jpg 600w\" data-sizes=\"(max-width: 675px) 100vw, 675px\" src=\"data:image\/svg+xml;base64,PHN2ZyB3aWR0aD0iMSIgaGVpZ2h0PSIxIiB4bWxucz0iaHR0cDovL3d3dy53My5vcmcvMjAwMC9zdmciPjwvc3ZnPg==\" style=\"--smush-placeholder-width: 675px; --smush-placeholder-aspect-ratio: 675\/926;\" \/>\t\t\t\t\t\t\n\t\t\t\t\t<\/div>\n\t\t\t\t\t\t\t\t\n<style>\n#image_351052155 {\n  width: 100%;\n}\n<\/style>\n\t<\/div>\n\t\n\n\n<\/div><\/div>\n<div class=\"col grid-col large-3 grid-col-1-2\" ><div class=\"col-inner\">\n\n\t<div class=\"img has-hover x md-x lg-x y md-y lg-y\" id=\"image_1391159193\">\n\t\t\t\t\t\t\t\t<div class=\"img-inner dark\" >\n\t\t\t<img decoding=\"async\" width=\"1020\" height=\"683\" data-src=\"https:\/\/www.eco-odyssee.ca\/wp-content\/uploads\/2021\/04\/01_aout_08-125-1-1280x857.jpg\" class=\"attachment-large size-large lazyload\" alt=\"p\u00e9dalo pyramide\" data-srcset=\"https:\/\/www.eco-odyssee.ca\/wp-content\/uploads\/2021\/04\/01_aout_08-125-1-1280x857.jpg 1280w, https:\/\/www.eco-odyssee.ca\/wp-content\/uploads\/2021\/04\/01_aout_08-125-1-500x335.jpg 500w, https:\/\/www.eco-odyssee.ca\/wp-content\/uploads\/2021\/04\/01_aout_08-125-1-768x514.jpg 768w, https:\/\/www.eco-odyssee.ca\/wp-content\/uploads\/2021\/04\/01_aout_08-125-1-1536x1028.jpg 1536w, https:\/\/www.eco-odyssee.ca\/wp-content\/uploads\/2021\/04\/01_aout_08-125-1-scaled.jpg 2048w, https:\/\/www.eco-odyssee.ca\/wp-content\/uploads\/2021\/04\/01_aout_08-125-1-600x402.jpg 600w\" data-sizes=\"(max-width: 1020px) 100vw, 1020px\" src=\"data:image\/svg+xml;base64,PHN2ZyB3aWR0aD0iMSIgaGVpZ2h0PSIxIiB4bWxucz0iaHR0cDovL3d3dy53My5vcmcvMjAwMC9zdmciPjwvc3ZnPg==\" style=\"--smush-placeholder-width: 1020px; --smush-placeholder-aspect-ratio: 1020\/683;\" \/>\t\t\t\t\t\t\n\t\t\t\t\t<\/div>\n\t\t\t\t\t\t\t\t\n<style>\n#image_1391159193 {\n  width: 100%;\n}\n<\/style>\n\t<\/div>\n\t\n\n\n<\/div><\/div>\n<div class=\"col grid-col large-3 grid-col-1-2\" ><div class=\"col-inner\">\n\n\t<div class=\"img has-hover x md-x lg-x y md-y lg-y\" id=\"image_929650731\">\n\t\t\t\t\t\t\t\t<div class=\"img-inner dark\" >\n\t\t\t<img decoding=\"async\" width=\"800\" height=\"536\" data-src=\"https:\/\/www.eco-odyssee.ca\/wp-content\/uploads\/2019\/03\/Labyrinthe_eau_02.jpg\" class=\"attachment-large size-large lazyload\" alt=\"Famille en p\u00e9dalo chez Eco-Odyss\u00e9e\" data-srcset=\"https:\/\/www.eco-odyssee.ca\/wp-content\/uploads\/2019\/03\/Labyrinthe_eau_02.jpg 800w, https:\/\/www.eco-odyssee.ca\/wp-content\/uploads\/2019\/03\/Labyrinthe_eau_02-500x335.jpg 500w, https:\/\/www.eco-odyssee.ca\/wp-content\/uploads\/2019\/03\/Labyrinthe_eau_02-768x515.jpg 768w, https:\/\/www.eco-odyssee.ca\/wp-content\/uploads\/2019\/03\/Labyrinthe_eau_02-600x402.jpg 600w\" data-sizes=\"(max-width: 800px) 100vw, 800px\" src=\"data:image\/svg+xml;base64,PHN2ZyB3aWR0aD0iMSIgaGVpZ2h0PSIxIiB4bWxucz0iaHR0cDovL3d3dy53My5vcmcvMjAwMC9zdmciPjwvc3ZnPg==\" style=\"--smush-placeholder-width: 800px; --smush-placeholder-aspect-ratio: 800\/536;\" \/>\t\t\t\t\t\t\n\t\t\t\t\t<\/div>\n\t\t\t\t\t\t\t\t\n<style>\n#image_929650731 {\n  width: 100%;\n}\n<\/style>\n\t<\/div>\n\t\n\n\n<\/div><\/div>\n\n            <\/div>\n    <style>\n    #banner-grid-1699958309 .grid-col-1{height: 600px}\n    #banner-grid-1699958309 .grid-col-1-2{height: 300px}\n    #banner-grid-1699958309 .grid-col-1-3{height:200px}\n    #banner-grid-1699958309 .grid-col-2-3{height: 400px}\n    #banner-grid-1699958309 .grid-col-1-4{height: 150px}\n    #banner-grid-1699958309 .grid-col-3-4{height: 450px}\n\n\n    \n        \/* Mobile *\/\n    @media (max-width: 550px){\n      #banner-grid-1699958309 .grid-col-1{height: 283px}\n      #banner-grid-1699958309 .grid-col-1-2{height: 141.5px}\n      #banner-grid-1699958309 .grid-col-1-3{height:94.333333333333px}\n      #banner-grid-1699958309 .grid-col-2-3{height: 188.66666666667px}\n      #banner-grid-1699958309 .grid-col-1-4{height: 70.75px}\n      #banner-grid-1699958309 .grid-col-3-4{height: 212.25px}\n    }\n    \n\n  <\/style>\n    <\/div>\n  \n\n\t\t<\/div>\n\t\t\t\t\n<style>\n#col-802394945 > .col-inner {\n  padding: 0px 0px 0px 4px;\n}\n<\/style>\n\t<\/div>\n\n\t\n\n\n<style>\n#row-1815389899 > .col > .col-inner {\n  padding: 15px 0px 0px 0px;\n}\n<\/style>\n<\/div>\n\n","protected":false},"excerpt":{"rendered":"","protected":false},"author":5710,"featured_media":298,"parent":334,"menu_order":0,"comment_status":"closed","ping_status":"closed","template":"","meta":{"_monsterinsights_skip_tracking":false,"_monsterinsights_sitenote_active":false,"_monsterinsights_sitenote_note":"","_monsterinsights_sitenote_category":0,"footnotes":""},"class_list":["post-754601","page","type-page","status-publish","has-post-thumbnail","hentry"],"yoast_head":"<!-- This site is optimized with the Yoast SEO plugin v27.1.1 - https:\/\/yoast.com\/product\/yoast-seo-wordpress\/ -->\n<title>Day Adventure - The Observer at the Eco-Odyssey Nature Park<\/title>\n<meta name=\"description\" content=\"The Observer is an adventure that will challenge your sense of observation. To do in a paddleboat. Booking required\" \/>\n<meta name=\"robots\" content=\"index, follow, max-snippet:-1, max-image-preview:large, max-video-preview:-1\" \/>\n<link rel=\"canonical\" href=\"https:\/\/www.eco-odyssee.ca\/en\/adventures\/the-observer\/\" \/>\n<meta property=\"og:locale\" content=\"en_US\" \/>\n<meta property=\"og:type\" content=\"article\" \/>\n<meta property=\"og:title\" content=\"Day Adventure - The Observer at the Eco-Odyssey Nature Park\" \/>\n<meta property=\"og:description\" content=\"The Observer is an adventure that will challenge your sense of observation. To do in a paddleboat. Booking required\" \/>\n<meta property=\"og:url\" content=\"https:\/\/www.eco-odyssee.ca\/en\/adventures\/the-observer\/\" \/>\n<meta property=\"og:site_name\" content=\"\u00c9co-Odyss\u00e9e\" \/>\n<meta property=\"article:modified_time\" content=\"2022-03-17T22:07:26+00:00\" \/>\n<meta property=\"og:image\" content=\"https:\/\/www.eco-odyssee.ca\/wp-content\/uploads\/2019\/03\/Labyrinthe_eau_02.jpg\" \/>\n\t<meta property=\"og:image:width\" content=\"800\" \/>\n\t<meta property=\"og:image:height\" content=\"536\" \/>\n\t<meta property=\"og:image:type\" content=\"image\/jpeg\" \/>\n<meta name=\"twitter:card\" content=\"summary_large_image\" \/>\n<meta name=\"twitter:label1\" content=\"Est. reading time\" \/>\n\t<meta name=\"twitter:data1\" content=\"2 minutes\" \/>\n<!-- \/ Yoast SEO plugin. -->","yoast_head_json":{"title":"Day Adventure - The Observer at the Eco-Odyssey Nature Park","description":"The Observer is an adventure that will challenge your sense of observation. To do in a paddleboat. Booking required","robots":{"index":"index","follow":"follow","max-snippet":"max-snippet:-1","max-image-preview":"max-image-preview:large","max-video-preview":"max-video-preview:-1"},"canonical":"https:\/\/www.eco-odyssee.ca\/en\/adventures\/the-observer\/","og_locale":"en_US","og_type":"article","og_title":"Day Adventure - The Observer at the Eco-Odyssey Nature Park","og_description":"The Observer is an adventure that will challenge your sense of observation. To do in a paddleboat. Booking required","og_url":"https:\/\/www.eco-odyssee.ca\/en\/adventures\/the-observer\/","og_site_name":"\u00c9co-Odyss\u00e9e","article_modified_time":"2022-03-17T22:07:26+00:00","og_image":[{"width":800,"height":536,"url":"https:\/\/www.eco-odyssee.ca\/wp-content\/uploads\/2019\/03\/Labyrinthe_eau_02.jpg","type":"image\/jpeg"}],"twitter_card":"summary_large_image","twitter_misc":{"Est. reading time":"2 minutes"},"schema":{"@context":"https:\/\/schema.org","@graph":[{"@type":"WebPage","@id":"https:\/\/www.eco-odyssee.ca\/en\/adventures\/the-observer\/","url":"https:\/\/www.eco-odyssee.ca\/en\/adventures\/the-observer\/","name":"Day Adventure - The Observer at the Eco-Odyssey Nature Park","isPartOf":{"@id":"https:\/\/www.eco-odyssee.ca\/en\/#website"},"primaryImageOfPage":{"@id":"https:\/\/www.eco-odyssee.ca\/en\/adventures\/the-observer\/#primaryimage"},"image":{"@id":"https:\/\/www.eco-odyssee.ca\/en\/adventures\/the-observer\/#primaryimage"},"thumbnailUrl":"https:\/\/www.eco-odyssee.ca\/wp-content\/uploads\/2019\/03\/Labyrinthe_eau_02.jpg","datePublished":"2021-04-15T01:58:51+00:00","dateModified":"2022-03-17T22:07:26+00:00","description":"The Observer is an adventure that will challenge your sense of observation. To do in a paddleboat. Booking required","breadcrumb":{"@id":"https:\/\/www.eco-odyssee.ca\/en\/adventures\/the-observer\/#breadcrumb"},"inLanguage":"en-US","potentialAction":[{"@type":"ReadAction","target":["https:\/\/www.eco-odyssee.ca\/en\/adventures\/the-observer\/"]}]},{"@type":"ImageObject","inLanguage":"en-US","@id":"https:\/\/www.eco-odyssee.ca\/en\/adventures\/the-observer\/#primaryimage","url":"https:\/\/www.eco-odyssee.ca\/wp-content\/uploads\/2019\/03\/Labyrinthe_eau_02.jpg","contentUrl":"https:\/\/www.eco-odyssee.ca\/wp-content\/uploads\/2019\/03\/Labyrinthe_eau_02.jpg","width":800,"height":536,"caption":"Photographie d'une famille qui comme leur aventure en p\u00e9dalo"},{"@type":"BreadcrumbList","@id":"https:\/\/www.eco-odyssee.ca\/en\/adventures\/the-observer\/#breadcrumb","itemListElement":[{"@type":"ListItem","position":1,"name":"Accueil","item":"https:\/\/www.eco-odyssee.ca\/en\/"},{"@type":"ListItem","position":2,"name":"Adventures","item":"https:\/\/www.eco-odyssee.ca\/en\/adventures\/"},{"@type":"ListItem","position":3,"name":"The Observer"}]},{"@type":"WebSite","@id":"https:\/\/www.eco-odyssee.ca\/en\/#website","url":"https:\/\/www.eco-odyssee.ca\/en\/","name":"\u00c9co-Odyss\u00e9e","description":"Experience nature","publisher":{"@id":"https:\/\/www.eco-odyssee.ca\/en\/#organization"},"potentialAction":[{"@type":"SearchAction","target":{"@type":"EntryPoint","urlTemplate":"https:\/\/www.eco-odyssee.ca\/en\/?s={search_term_string}"},"query-input":{"@type":"PropertyValueSpecification","valueRequired":true,"valueName":"search_term_string"}}],"inLanguage":"en-US"},{"@type":"Organization","@id":"https:\/\/www.eco-odyssee.ca\/en\/#organization","name":"Parc Nature \u00c9co-Odyss\u00e9e","url":"https:\/\/www.eco-odyssee.ca\/en\/","logo":{"@type":"ImageObject","inLanguage":"en-US","@id":"https:\/\/www.eco-odyssee.ca\/en\/#\/schema\/logo\/image\/","url":"https:\/\/www.eco-odyssee.ca\/wp-content\/uploads\/2021\/06\/Eco-Odyssee-medias-sociaux-carrC-01.jpg","contentUrl":"https:\/\/www.eco-odyssee.ca\/wp-content\/uploads\/2021\/06\/Eco-Odyssee-medias-sociaux-carrC-01.jpg","width":1500,"height":1500,"caption":"Parc Nature \u00c9co-Odyss\u00e9e"},"image":{"@id":"https:\/\/www.eco-odyssee.ca\/en\/#\/schema\/logo\/image\/"}}]}},"_links":{"self":[{"href":"https:\/\/www.eco-odyssee.ca\/en\/wp-json\/wp\/v2\/pages\/754601","targetHints":{"allow":["GET"]}}],"collection":[{"href":"https:\/\/www.eco-odyssee.ca\/en\/wp-json\/wp\/v2\/pages"}],"about":[{"href":"https:\/\/www.eco-odyssee.ca\/en\/wp-json\/wp\/v2\/types\/page"}],"author":[{"embeddable":true,"href":"https:\/\/www.eco-odyssee.ca\/en\/wp-json\/wp\/v2\/users\/5710"}],"replies":[{"embeddable":true,"href":"https:\/\/www.eco-odyssee.ca\/en\/wp-json\/wp\/v2\/comments?post=754601"}],"version-history":[{"count":26,"href":"https:\/\/www.eco-odyssee.ca\/en\/wp-json\/wp\/v2\/pages\/754601\/revisions"}],"predecessor-version":[{"id":759758,"href":"https:\/\/www.eco-odyssee.ca\/en\/wp-json\/wp\/v2\/pages\/754601\/revisions\/759758"}],"up":[{"embeddable":true,"href":"https:\/\/www.eco-odyssee.ca\/en\/wp-json\/wp\/v2\/pages\/334"}],"wp:featuredmedia":[{"embeddable":true,"href":"https:\/\/www.eco-odyssee.ca\/en\/wp-json\/wp\/v2\/media\/298"}],"wp:attachment":[{"href":"https:\/\/www.eco-odyssee.ca\/en\/wp-json\/wp\/v2\/media?parent=754601"}],"curies":[{"name":"wp","href":"https:\/\/api.w.org\/{rel}","templated":true}]}}